{"id":11559,"date":"2016-01-14T10:31:19","date_gmt":"2016-01-14T09:31:19","guid":{"rendered":"http:\/\/klubmamgdynia.pl\/index.php\/produkt\/11559\/"},"modified":"2026-04-29T22:13:13","modified_gmt":"2026-04-29T20:13:13","slug":"11559","status":"publish","type":"product","link":"http:\/\/klubmamgdynia.pl\/index.php\/produkt\/11559\/","title":{"rendered":""},"content":{"rendered":"<h2> <\/h2>\n<p>kolorowanki \u015bwi\u0119to niepodleg\u0142o\u015bci do druku, kolorowanka spongebob, przeczytaj mi wiersz, zagadki logiczne z odpowiedziami, quiz o polsce dla dzieci, najlepsze \u017carty na prima aprilis, cytaty korczak, \u0142atwe ale podchwytliwe zagadki, na roczek, rysowanie po \u015bladzie pdf, ma\u0142y ksi\u0105\u017c\u0119 cytaty, kolorowanka star wars, test z opowie\u015bci z narnii lew czarownica i stara szafa, cukierku ty \u0142obuzie test, prezent na roczek dla dziewczynki, opowiadanie o jesieni dla dzieci, harry potter kolorowanka, quiz psi patrol<\/p>\n<p>yyyyy<\/p>\n<p>&nbsp;<\/p>\n","protected":false},"excerpt":{"rendered":"<p>kolorowanki \u015bwi\u0119to niepodleg\u0142o\u015bci do druku, kolorowanka spongebob, przeczytaj mi wiersz, zagadki logiczne z odpowiedziami, quiz o polsce dla dzieci, najlepsze \u017carty na prima aprilis, cytaty korczak, \u0142atwe ale podchwytliwe zagadki, na roczek, rysowanie po \u015bladzie pdf, ma\u0142y ksi\u0105\u017c\u0119 cytaty, kolorowanka star wars, test z opowie\u015bci z narnii lew czarownica i stara szafa, cukierku ty \u0142obuzie [&hellip;]<\/p>\n","protected":false},"featured_media":0,"comment_status":"closed","ping_status":"open","template":"","meta":[],"product_cat":[],"product_tag":[645,734,704,633],"class_list":["post-11559","product","type-product","status-publish","hentry","product_tag-latwe-zagadki","product_tag-milan-imie","product_tag-prezent-dla-nastolatka","product_tag-zagadki-z-odpowiedziami"],"_links":{"self":[{"href":"http:\/\/klubmamgdynia.pl\/index.php\/wp-json\/wp\/v2\/product\/11559","targetHints":{"allow":["GET"]}}],"collection":[{"href":"http:\/\/klubmamgdynia.pl\/index.php\/wp-json\/wp\/v2\/product"}],"about":[{"href":"http:\/\/klubmamgdynia.pl\/index.php\/wp-json\/wp\/v2\/types\/product"}],"replies":[{"embeddable":true,"href":"http:\/\/klubmamgdynia.pl\/index.php\/wp-json\/wp\/v2\/comments?post=11559"}],"wp:attachment":[{"href":"http:\/\/klubmamgdynia.pl\/index.php\/wp-json\/wp\/v2\/media?parent=11559"}],"wp:term":[{"taxonomy":"product_cat","embeddable":true,"href":"http:\/\/klubmamgdynia.pl\/index.php\/wp-json\/wp\/v2\/product_cat?post=11559"},{"taxonomy":"product_tag","embeddable":true,"href":"http:\/\/klubmamgdynia.pl\/index.php\/wp-json\/wp\/v2\/product_tag?post=11559"}],"curies":[{"name":"wp","href":"https:\/\/api.w.org\/{rel}","templated":true}]}}