{"id":11560,"date":"2022-09-25T10:53:10","date_gmt":"2022-09-25T08:53:10","guid":{"rendered":"http:\/\/klubmamgdynia.pl\/index.php\/produkt\/11560\/"},"modified":"2026-05-17T21:46:18","modified_gmt":"2026-05-17T19:46:18","slug":"11560","status":"publish","type":"product","link":"http:\/\/klubmamgdynia.pl\/index.php\/produkt\/11560\/","title":{"rendered":""},"content":{"rendered":"<h2> <\/h2>\n<p>julian, ba\u015bniowe imiona \u017ce\u0144skie, wy\u015bcig but\u00f3w, co mo\u017cna zrobi\u0107 z rolek po papierze toaletowym, quizy za darmo, testy ma\u0142y ksi\u0105\u017ce, sentencje o dzieciach, zygzak mcqueen kolorowanka, quiz z bajek, rzadkie imiona japo\u0144skie, zagadki dla dzieci 10 lat<\/p>\n<p>yyyyy<\/p>\n<p>&nbsp;<\/p>\n","protected":false},"excerpt":{"rendered":"<p>julian, ba\u015bniowe imiona \u017ce\u0144skie, wy\u015bcig but\u00f3w, co mo\u017cna zrobi\u0107 z rolek po papierze toaletowym, quizy za darmo, testy ma\u0142y ksi\u0105\u017ce, sentencje o dzieciach, zygzak mcqueen kolorowanka, quiz z bajek, rzadkie imiona japo\u0144skie, zagadki dla dzieci 10 lat yyyyy &nbsp;<\/p>\n","protected":false},"featured_media":0,"comment_status":"closed","ping_status":"open","template":"","meta":[],"product_cat":[],"product_tag":[854,866,690,621,760],"class_list":["post-11560","product","type-product","status-publish","hentry","product_tag-cytaty-rodzina","product_tag-opis-do-zdjecia-dziecka-na-fb","product_tag-pieski-male-dwa-tekst","product_tag-prezenty-roczek","product_tag-zagadka-matematyczna"],"_links":{"self":[{"href":"http:\/\/klubmamgdynia.pl\/index.php\/wp-json\/wp\/v2\/product\/11560","targetHints":{"allow":["GET"]}}],"collection":[{"href":"http:\/\/klubmamgdynia.pl\/index.php\/wp-json\/wp\/v2\/product"}],"about":[{"href":"http:\/\/klubmamgdynia.pl\/index.php\/wp-json\/wp\/v2\/types\/product"}],"replies":[{"embeddable":true,"href":"http:\/\/klubmamgdynia.pl\/index.php\/wp-json\/wp\/v2\/comments?post=11560"}],"wp:attachment":[{"href":"http:\/\/klubmamgdynia.pl\/index.php\/wp-json\/wp\/v2\/media?parent=11560"}],"wp:term":[{"taxonomy":"product_cat","embeddable":true,"href":"http:\/\/klubmamgdynia.pl\/index.php\/wp-json\/wp\/v2\/product_cat?post=11560"},{"taxonomy":"product_tag","embeddable":true,"href":"http:\/\/klubmamgdynia.pl\/index.php\/wp-json\/wp\/v2\/product_tag?post=11560"}],"curies":[{"name":"wp","href":"https:\/\/api.w.org\/{rel}","templated":true}]}}