{"id":11561,"date":"2023-12-11T10:20:17","date_gmt":"2023-12-11T09:20:17","guid":{"rendered":"http:\/\/klubmamgdynia.pl\/?post_type=product&#038;p=11561"},"modified":"2026-04-05T19:12:41","modified_gmt":"2026-04-05T17:12:41","slug":"11561","status":"publish","type":"product","link":"http:\/\/klubmamgdynia.pl\/index.php\/produkt\/11561\/","title":{"rendered":""},"content":{"rendered":"<h2> <\/h2>\n<p>jasmin imi\u0119, zaproszenie na urodziny dziecka do druku, adriana znaczenie imienia, atrakcje dla dzieci warszawa, jesienne zagadki, ewelina, opowie\u015b\u0107 wigilijna test z odpowiedziami, imie aron, quiz o dinozaurach, maski karnawa\u0142owe do druku, quizy i zagadki wielkanocne<\/p>\n<p>yyyyy<\/p>\n<p>&nbsp;<\/p>\n","protected":false},"excerpt":{"rendered":"<p>jasmin imi\u0119, zaproszenie na urodziny dziecka do druku, adriana znaczenie imienia, atrakcje dla dzieci warszawa, jesienne zagadki, ewelina, opowie\u015b\u0107 wigilijna test z odpowiedziami, imie aron, quiz o dinozaurach, maski karnawa\u0142owe do druku, quizy i zagadki wielkanocne yyyyy &nbsp;<\/p>\n","protected":false},"featured_media":0,"comment_status":"closed","ping_status":"open","template":"","meta":[],"product_cat":[],"product_tag":[667,624,858,856,632],"class_list":["post-11561","product","type-product","status-publish","hentry","product_tag-kolorowanka-lol","product_tag-krotkie-zagadki","product_tag-podchwytliwe-zagadki","product_tag-prezent-dla-16-latki","product_tag-warszawa-atrakcje-dla-mlodziezy"],"_links":{"self":[{"href":"http:\/\/klubmamgdynia.pl\/index.php\/wp-json\/wp\/v2\/product\/11561","targetHints":{"allow":["GET"]}}],"collection":[{"href":"http:\/\/klubmamgdynia.pl\/index.php\/wp-json\/wp\/v2\/product"}],"about":[{"href":"http:\/\/klubmamgdynia.pl\/index.php\/wp-json\/wp\/v2\/types\/product"}],"replies":[{"embeddable":true,"href":"http:\/\/klubmamgdynia.pl\/index.php\/wp-json\/wp\/v2\/comments?post=11561"}],"wp:attachment":[{"href":"http:\/\/klubmamgdynia.pl\/index.php\/wp-json\/wp\/v2\/media?parent=11561"}],"wp:term":[{"taxonomy":"product_cat","embeddable":true,"href":"http:\/\/klubmamgdynia.pl\/index.php\/wp-json\/wp\/v2\/product_cat?post=11561"},{"taxonomy":"product_tag","embeddable":true,"href":"http:\/\/klubmamgdynia.pl\/index.php\/wp-json\/wp\/v2\/product_tag?post=11561"}],"curies":[{"name":"wp","href":"https:\/\/api.w.org\/{rel}","templated":true}]}}