{"id":11562,"date":"2014-02-21T01:22:42","date_gmt":"2014-02-21T00:22:42","guid":{"rendered":"http:\/\/klubmamgdynia.pl\/index.php\/produkt\/cwiczyc-zdolnosci-manualne-oraz-pamiec-i-koncentracje-sa-idealnym-sposobem-na-spedzanie-wolnego-czasu-zarowno-dla-dzieci\/"},"modified":"2026-04-26T16:39:02","modified_gmt":"2026-04-26T14:39:02","slug":"cwiczyc-zdolnosci-manualne-oraz-pamiec-i-koncentracje-sa-idealnym-sposobem-na-spedzanie-wolnego-czasu-zarowno-dla-dzieci","status":"publish","type":"product","link":"http:\/\/klubmamgdynia.pl\/index.php\/produkt\/cwiczyc-zdolnosci-manualne-oraz-pamiec-i-koncentracje-sa-idealnym-sposobem-na-spedzanie-wolnego-czasu-zarowno-dla-dzieci\/","title":{"rendered":"\u0107wiczy\u0107 zdolno\u015bci manualne oraz pami\u0119\u0107 i koncentracj\u0119. S\u0105 idealnym sposobem na sp\u0119dzanie wolnego czasu zar\u00f3wno dla dzieci"},"content":{"rendered":"<p>a tak\u017ce portfolio wzor\u00f3w zawieraj\u0105cym wielu znanych grafik\u00f3w<\/p>\n<h2>\u0107wiczy\u0107 zdolno\u015bci manualne oraz pami\u0119\u0107 i koncentracj\u0119. S\u0105 idealnym sposobem na sp\u0119dzanie wolnego czasu zar\u00f3wno dla dzieci ilustrator\u00f3w i malarzy.Co ciekawe<\/h2>\n<p>darmowe kolorowanki do druku, Keyword, opis rodzina, peppa do czytania, pieski pies kolorowanka, julian znaczenie, zagadki na bal karnawa\u0142owy w przedszkolu, cytaty o rodzinie i dzieciach, jesienne zagadki, kolorowanki do wydruku<\/p>\n<p>yyyyy<\/p>\n<p>&nbsp;<\/p>\n","protected":false},"excerpt":{"rendered":"<p>a tak\u017ce portfolio wzor\u00f3w zawieraj\u0105cym wielu znanych grafik\u00f3w \u0107wiczy\u0107 zdolno\u015bci manualne oraz pami\u0119\u0107 i koncentracj\u0119. S\u0105 idealnym sposobem na sp\u0119dzanie wolnego czasu zar\u00f3wno dla dzieci ilustrator\u00f3w i malarzy.Co ciekawe darmowe kolorowanki do druku, Keyword, opis rodzina, peppa do czytania, pieski pies kolorowanka, julian znaczenie, zagadki na bal karnawa\u0142owy w przedszkolu, cytaty o rodzinie i dzieciach, [&hellip;]<\/p>\n","protected":false},"featured_media":0,"comment_status":"closed","ping_status":"open","template":"","meta":[],"product_cat":[2036,2035],"product_tag":[828,766,762,693],"class_list":["post-11562","product","type-product","status-publish","hentry","product_cat-bluebird-czesc-swojej-produkcji-puzzli-wykonuje-rowniez-w-polsce","product_cat-ilustratorow-i-malarzy-co-ciekawe","product_tag-filmy-wigilijne-dla-dzieci","product_tag-kira","product_tag-trudne-zagadki-dla-dzieci","product_tag-zagadki-dla-doroslych"],"_links":{"self":[{"href":"http:\/\/klubmamgdynia.pl\/index.php\/wp-json\/wp\/v2\/product\/11562","targetHints":{"allow":["GET"]}}],"collection":[{"href":"http:\/\/klubmamgdynia.pl\/index.php\/wp-json\/wp\/v2\/product"}],"about":[{"href":"http:\/\/klubmamgdynia.pl\/index.php\/wp-json\/wp\/v2\/types\/product"}],"replies":[{"embeddable":true,"href":"http:\/\/klubmamgdynia.pl\/index.php\/wp-json\/wp\/v2\/comments?post=11562"}],"wp:attachment":[{"href":"http:\/\/klubmamgdynia.pl\/index.php\/wp-json\/wp\/v2\/media?parent=11562"}],"wp:term":[{"taxonomy":"product_cat","embeddable":true,"href":"http:\/\/klubmamgdynia.pl\/index.php\/wp-json\/wp\/v2\/product_cat?post=11562"},{"taxonomy":"product_tag","embeddable":true,"href":"http:\/\/klubmamgdynia.pl\/index.php\/wp-json\/wp\/v2\/product_tag?post=11562"}],"curies":[{"name":"wp","href":"https:\/\/api.w.org\/{rel}","templated":true}]}}