{"id":11563,"date":"2014-04-07T18:36:12","date_gmt":"2014-04-07T16:36:12","guid":{"rendered":"http:\/\/klubmamgdynia.pl\/index.php\/produkt\/11563\/"},"modified":"2026-04-03T04:53:48","modified_gmt":"2026-04-03T02:53:48","slug":"11563","status":"publish","type":"product","link":"http:\/\/klubmamgdynia.pl\/index.php\/produkt\/11563\/","title":{"rendered":""},"content":{"rendered":"<h2> <\/h2>\n<p>opowiadanie o jesieni dla dzieci, przysz\u0142a zima bia\u0142a, cytat na dzie\u0144 mamy, nowoczesna babcia wiersz, przyja\u017a\u0144 cytaty, kolorowanki lol do druku, madre zyczenia bozonarodzeniowe, prezent na urodziny dla nastolatk\u00f3w, plac zabaw pozna\u0144, mapa polski do druku, malowanki dla dzieci do druku, tabliczka mno\u017cenia zadania do druku, nowoczesna babcia wiersz, literki do druku<\/p>\n<p>yyyyy<\/p>\n<p>&nbsp;<\/p>\n","protected":false},"excerpt":{"rendered":"<p>opowiadanie o jesieni dla dzieci, przysz\u0142a zima bia\u0142a, cytat na dzie\u0144 mamy, nowoczesna babcia wiersz, przyja\u017a\u0144 cytaty, kolorowanki lol do druku, madre zyczenia bozonarodzeniowe, prezent na urodziny dla nastolatk\u00f3w, plac zabaw pozna\u0144, mapa polski do druku, malowanki dla dzieci do druku, tabliczka mno\u017cenia zadania do druku, nowoczesna babcia wiersz, literki do druku yyyyy &nbsp;<\/p>\n","protected":false},"featured_media":0,"comment_status":"closed","ping_status":"open","template":"","meta":[],"product_cat":[],"product_tag":[854,847,643],"class_list":["post-11563","product","type-product","status-publish","hentry","product_tag-cytaty-rodzina","product_tag-kolorowanki-pokemon","product_tag-prezent-dla-17-latki"],"_links":{"self":[{"href":"http:\/\/klubmamgdynia.pl\/index.php\/wp-json\/wp\/v2\/product\/11563","targetHints":{"allow":["GET"]}}],"collection":[{"href":"http:\/\/klubmamgdynia.pl\/index.php\/wp-json\/wp\/v2\/product"}],"about":[{"href":"http:\/\/klubmamgdynia.pl\/index.php\/wp-json\/wp\/v2\/types\/product"}],"replies":[{"embeddable":true,"href":"http:\/\/klubmamgdynia.pl\/index.php\/wp-json\/wp\/v2\/comments?post=11563"}],"wp:attachment":[{"href":"http:\/\/klubmamgdynia.pl\/index.php\/wp-json\/wp\/v2\/media?parent=11563"}],"wp:term":[{"taxonomy":"product_cat","embeddable":true,"href":"http:\/\/klubmamgdynia.pl\/index.php\/wp-json\/wp\/v2\/product_cat?post=11563"},{"taxonomy":"product_tag","embeddable":true,"href":"http:\/\/klubmamgdynia.pl\/index.php\/wp-json\/wp\/v2\/product_tag?post=11563"}],"curies":[{"name":"wp","href":"https:\/\/api.w.org\/{rel}","templated":true}]}}