{"id":11564,"date":"2011-03-31T20:40:48","date_gmt":"2011-03-31T18:40:48","guid":{"rendered":"http:\/\/klubmamgdynia.pl\/index.php\/produkt\/farba-do-ich-produkcji-jest-na-bazie-soi\/"},"modified":"2026-04-05T22:32:26","modified_gmt":"2026-04-05T20:32:26","slug":"farba-do-ich-produkcji-jest-na-bazie-soi","status":"publish","type":"product","link":"http:\/\/klubmamgdynia.pl\/index.php\/produkt\/farba-do-ich-produkcji-jest-na-bazie-soi\/","title":{"rendered":"farba do ich produkcji jest na bazie soi"},"content":{"rendered":"<h2>farba do ich produkcji jest na bazie soi <\/h2>\n<p>bajki do czytania dla 6 latka, park so\u0142acki, stare wiersze dla dzieci, zabawy urodzinowe dla dzieci, kolorowanka pokemon, miriam imie, p\u0142atki \u015bniegu szablon, prezent na roczek dziewczynka, milan imie, liwia znaczenie imienia, antystresowe mandale do druku, prezent dla 7 latka ch\u0142opca, najrzadsze imiona, m\u0105dre bajki dla dzieci do czytania, zagadki wielkanocne do druku, test z dzieci z bullerbyn<\/p>\n<p>yyyyy<\/p>\n<p>&nbsp;<\/p>\n","protected":false},"excerpt":{"rendered":"<p>farba do ich produkcji jest na bazie soi bajki do czytania dla 6 latka, park so\u0142acki, stare wiersze dla dzieci, zabawy urodzinowe dla dzieci, kolorowanka pokemon, miriam imie, p\u0142atki \u015bniegu szablon, prezent na roczek dziewczynka, milan imie, liwia znaczenie imienia, antystresowe mandale do druku, prezent dla 7 latka ch\u0142opca, najrzadsze imiona, m\u0105dre bajki dla dzieci [&hellip;]<\/p>\n","protected":false},"featured_media":0,"comment_status":"closed","ping_status":"open","template":"","meta":[],"product_cat":[],"product_tag":[707,646,587,738],"class_list":["post-11564","product","type-product","status-publish","hentry","product_tag-karty-pracy-dla-dzieci-z-ukrainy","product_tag-prezent-na-pierwsze-urodziny","product_tag-skalne-miasto","product_tag-wroclaw-dla-dzieci"],"_links":{"self":[{"href":"http:\/\/klubmamgdynia.pl\/index.php\/wp-json\/wp\/v2\/product\/11564","targetHints":{"allow":["GET"]}}],"collection":[{"href":"http:\/\/klubmamgdynia.pl\/index.php\/wp-json\/wp\/v2\/product"}],"about":[{"href":"http:\/\/klubmamgdynia.pl\/index.php\/wp-json\/wp\/v2\/types\/product"}],"replies":[{"embeddable":true,"href":"http:\/\/klubmamgdynia.pl\/index.php\/wp-json\/wp\/v2\/comments?post=11564"}],"wp:attachment":[{"href":"http:\/\/klubmamgdynia.pl\/index.php\/wp-json\/wp\/v2\/media?parent=11564"}],"wp:term":[{"taxonomy":"product_cat","embeddable":true,"href":"http:\/\/klubmamgdynia.pl\/index.php\/wp-json\/wp\/v2\/product_cat?post=11564"},{"taxonomy":"product_tag","embeddable":true,"href":"http:\/\/klubmamgdynia.pl\/index.php\/wp-json\/wp\/v2\/product_tag?post=11564"}],"curies":[{"name":"wp","href":"https:\/\/api.w.org\/{rel}","templated":true}]}}