{"id":11568,"date":"2022-11-13T16:41:00","date_gmt":"2022-11-13T15:41:00","guid":{"rendered":"http:\/\/klubmamgdynia.pl\/?post_type=product&#038;p=11568"},"modified":"2026-04-05T18:42:19","modified_gmt":"2026-04-05T16:42:19","slug":"11568","status":"publish","type":"product","link":"http:\/\/klubmamgdynia.pl\/index.php\/produkt\/11568\/","title":{"rendered":""},"content":{"rendered":"<h2> <\/h2>\n<p>karaluchy pod poduchy a szczypawki, hot wheels kolorowanka, wiersze o wio\u015bnie jana brzechwy, zagadki dla 4 latka, szlaczki literopodobne, zagadki dla dzieci 6-7 lat, by\u0142a sobie \u017cabka ma\u0142a tekst, cytaty dla mamy od c\u00f3rki, aron, wiersz o marzannie, miasto dzieci, kolorowanki andrzejki do wydruku, test miko\u0142ajek 25 pyta\u0144, nowe quizy do rozwi\u0105zania, zagadki kr\u00f3tkie, prima aprilis pomys\u0142y, quiz znaki drogowe, skye kolorowanka, plan lekcji do druku, kiedy dzieci chodza na halloween, zagadki \u015bmieszne podchwytliwe<\/p>\n<p>yyyyy<\/p>\n<p>&nbsp;<\/p>\n","protected":false},"excerpt":{"rendered":"<p>karaluchy pod poduchy a szczypawki, hot wheels kolorowanka, wiersze o wio\u015bnie jana brzechwy, zagadki dla 4 latka, szlaczki literopodobne, zagadki dla dzieci 6-7 lat, by\u0142a sobie \u017cabka ma\u0142a tekst, cytaty dla mamy od c\u00f3rki, aron, wiersz o marzannie, miasto dzieci, kolorowanki andrzejki do wydruku, test miko\u0142ajek 25 pyta\u0144, nowe quizy do rozwi\u0105zania, zagadki kr\u00f3tkie, prima [&hellip;]<\/p>\n","protected":false},"featured_media":0,"comment_status":"closed","ping_status":"open","template":"","meta":[],"product_cat":[],"product_tag":[668,801,761],"class_list":["post-11568","product","type-product","status-publish","hentry","product_tag-atrakcje-dla-dzieci-wroclaw","product_tag-bajki-terapeutyczne-o-emocjach","product_tag-choinko-piekna-jak-las-tekst"],"_links":{"self":[{"href":"http:\/\/klubmamgdynia.pl\/index.php\/wp-json\/wp\/v2\/product\/11568","targetHints":{"allow":["GET"]}}],"collection":[{"href":"http:\/\/klubmamgdynia.pl\/index.php\/wp-json\/wp\/v2\/product"}],"about":[{"href":"http:\/\/klubmamgdynia.pl\/index.php\/wp-json\/wp\/v2\/types\/product"}],"replies":[{"embeddable":true,"href":"http:\/\/klubmamgdynia.pl\/index.php\/wp-json\/wp\/v2\/comments?post=11568"}],"wp:attachment":[{"href":"http:\/\/klubmamgdynia.pl\/index.php\/wp-json\/wp\/v2\/media?parent=11568"}],"wp:term":[{"taxonomy":"product_cat","embeddable":true,"href":"http:\/\/klubmamgdynia.pl\/index.php\/wp-json\/wp\/v2\/product_cat?post=11568"},{"taxonomy":"product_tag","embeddable":true,"href":"http:\/\/klubmamgdynia.pl\/index.php\/wp-json\/wp\/v2\/product_tag?post=11568"}],"curies":[{"name":"wp","href":"https:\/\/api.w.org\/{rel}","templated":true}]}}