{"id":11569,"date":"2024-10-15T15:13:32","date_gmt":"2024-10-15T13:13:32","guid":{"rendered":"http:\/\/klubmamgdynia.pl\/?post_type=product&#038;p=11569"},"modified":"2026-04-23T07:51:42","modified_gmt":"2026-04-23T05:51:42","slug":"odpowiednia-nawet-dla-najbardziej-wymagajacych-zastosowan-typowych-dla-sieci-domowych","status":"publish","type":"product","link":"http:\/\/klubmamgdynia.pl\/index.php\/produkt\/odpowiednia-nawet-dla-najbardziej-wymagajacych-zastosowan-typowych-dla-sieci-domowych\/","title":{"rendered":"odpowiedni\u0105 nawet dla najbardziej wymagaj\u0105cych zastosowa\u0144 typowych dla sieci domowych"},"content":{"rendered":"<h2>odpowiedni\u0105 nawet dla najbardziej wymagaj\u0105cych zastosowa\u0144 typowych dla sieci domowych <\/h2>\n<p>gad\u017cety dla nastolatk\u00f3w 2021, co na roczek, nadia imi\u0119, gry i zabawy dla dzieci, nauka polskiego dla dzieci z ukrainy<\/p>\n<p>yyyyy<\/p>\n<p>&nbsp;<\/p>\n","protected":false},"excerpt":{"rendered":"<p>odpowiedni\u0105 nawet dla najbardziej wymagaj\u0105cych zastosowa\u0144 typowych dla sieci domowych gad\u017cety dla nastolatk\u00f3w 2021, co na roczek, nadia imi\u0119, gry i zabawy dla dzieci, nauka polskiego dla dzieci z ukrainy yyyyy &nbsp;<\/p>\n","protected":false},"featured_media":0,"comment_status":"closed","ping_status":"open","template":"","meta":[],"product_cat":[],"product_tag":[861,830,778,679,779],"class_list":["post-11569","product","type-product","status-publish","hentry","product_tag-jak-narysowac-psa","product_tag-rodzina-cytaty","product_tag-zabawki-na-roczek-dla-chlopca","product_tag-zabawki-na-roczek-dla-dziewczynki","product_tag-zarty-na-prima-aprilis-w-domu"],"_links":{"self":[{"href":"http:\/\/klubmamgdynia.pl\/index.php\/wp-json\/wp\/v2\/product\/11569","targetHints":{"allow":["GET"]}}],"collection":[{"href":"http:\/\/klubmamgdynia.pl\/index.php\/wp-json\/wp\/v2\/product"}],"about":[{"href":"http:\/\/klubmamgdynia.pl\/index.php\/wp-json\/wp\/v2\/types\/product"}],"replies":[{"embeddable":true,"href":"http:\/\/klubmamgdynia.pl\/index.php\/wp-json\/wp\/v2\/comments?post=11569"}],"wp:attachment":[{"href":"http:\/\/klubmamgdynia.pl\/index.php\/wp-json\/wp\/v2\/media?parent=11569"}],"wp:term":[{"taxonomy":"product_cat","embeddable":true,"href":"http:\/\/klubmamgdynia.pl\/index.php\/wp-json\/wp\/v2\/product_cat?post=11569"},{"taxonomy":"product_tag","embeddable":true,"href":"http:\/\/klubmamgdynia.pl\/index.php\/wp-json\/wp\/v2\/product_tag?post=11569"}],"curies":[{"name":"wp","href":"https:\/\/api.w.org\/{rel}","templated":true}]}}