{"id":11570,"date":"2011-07-30T10:40:00","date_gmt":"2011-07-30T08:40:00","guid":{"rendered":"http:\/\/klubmamgdynia.pl\/index.php\/produkt\/11570\/"},"modified":"2026-04-29T15:47:59","modified_gmt":"2026-04-29T13:47:59","slug":"11570","status":"publish","type":"product","link":"http:\/\/klubmamgdynia.pl\/index.php\/produkt\/11570\/","title":{"rendered":""},"content":{"rendered":"<h2> <\/h2>\n<p>imie nadia, co\u015b dla nastolatk\u00f3w, opis do zdj\u0119cia z dzieckiem, janusz korczak cytaty, m.i.a.<\/p>\n<p>yyyyy<\/p>\n<p>&nbsp;<\/p>\n","protected":false},"excerpt":{"rendered":"<p>imie nadia, co\u015b dla nastolatk\u00f3w, opis do zdj\u0119cia z dzieckiem, janusz korczak cytaty, m.i.a. yyyyy &nbsp;<\/p>\n","protected":false},"featured_media":0,"comment_status":"closed","ping_status":"open","template":"","meta":[],"product_cat":[],"product_tag":[769,736,592],"class_list":["post-11570","product","type-product","status-publish","hentry","product_tag-psi-patrol-do-czytania","product_tag-zabawki-na-roczek","product_tag-zagadki-dla-dzieci"],"_links":{"self":[{"href":"http:\/\/klubmamgdynia.pl\/index.php\/wp-json\/wp\/v2\/product\/11570","targetHints":{"allow":["GET"]}}],"collection":[{"href":"http:\/\/klubmamgdynia.pl\/index.php\/wp-json\/wp\/v2\/product"}],"about":[{"href":"http:\/\/klubmamgdynia.pl\/index.php\/wp-json\/wp\/v2\/types\/product"}],"replies":[{"embeddable":true,"href":"http:\/\/klubmamgdynia.pl\/index.php\/wp-json\/wp\/v2\/comments?post=11570"}],"wp:attachment":[{"href":"http:\/\/klubmamgdynia.pl\/index.php\/wp-json\/wp\/v2\/media?parent=11570"}],"wp:term":[{"taxonomy":"product_cat","embeddable":true,"href":"http:\/\/klubmamgdynia.pl\/index.php\/wp-json\/wp\/v2\/product_cat?post=11570"},{"taxonomy":"product_tag","embeddable":true,"href":"http:\/\/klubmamgdynia.pl\/index.php\/wp-json\/wp\/v2\/product_tag?post=11570"}],"curies":[{"name":"wp","href":"https:\/\/api.w.org\/{rel}","templated":true}]}}