{"id":11571,"date":"2022-01-05T06:56:14","date_gmt":"2022-01-05T05:56:14","guid":{"rendered":"http:\/\/klubmamgdynia.pl\/index.php\/produkt\/wystarczy\/"},"modified":"2026-05-17T23:15:46","modified_gmt":"2026-05-17T21:15:46","slug":"wystarczy","status":"publish","type":"product","link":"http:\/\/klubmamgdynia.pl\/index.php\/produkt\/wystarczy\/","title":{"rendered":"wystarczy"},"content":{"rendered":"<h2>wystarczy <\/h2>\n<p>test wiedzy z lektury przygody tomka sawyera z odpowiedziami, urodziny dziecka pomys\u0142y, test lew czarownica i stara szafa, minecraft quiz, cytat o przyja\u017ani, test detektyw pozytywka, cytaty z ma\u0142ego ksi\u0119cia, cytat o dziecku, kundel bury tekst, po\u0142\u0105cz kropki do druku, cicha noc po angielsku<\/p>\n<p>yyyyy<\/p>\n<p>&nbsp;<\/p>\n","protected":false},"excerpt":{"rendered":"<p>wystarczy test wiedzy z lektury przygody tomka sawyera z odpowiedziami, urodziny dziecka pomys\u0142y, test lew czarownica i stara szafa, minecraft quiz, cytat o przyja\u017ani, test detektyw pozytywka, cytaty z ma\u0142ego ksi\u0119cia, cytat o dziecku, kundel bury tekst, po\u0142\u0105cz kropki do druku, cicha noc po angielsku yyyyy &nbsp;<\/p>\n","protected":false},"featured_media":0,"comment_status":"closed","ping_status":"open","template":"","meta":[],"product_cat":[],"product_tag":[845,644,748,614,602,860],"class_list":["post-11571","product","type-product","status-publish","hentry","product_tag-ach-spij-kochanie-tekst","product_tag-mia","product_tag-okolice-wroclawia-atrakcje","product_tag-pia","product_tag-quiz-o-zwierzetach-domowych","product_tag-zagadki-logiczne-dla-doroslych"],"_links":{"self":[{"href":"http:\/\/klubmamgdynia.pl\/index.php\/wp-json\/wp\/v2\/product\/11571","targetHints":{"allow":["GET"]}}],"collection":[{"href":"http:\/\/klubmamgdynia.pl\/index.php\/wp-json\/wp\/v2\/product"}],"about":[{"href":"http:\/\/klubmamgdynia.pl\/index.php\/wp-json\/wp\/v2\/types\/product"}],"replies":[{"embeddable":true,"href":"http:\/\/klubmamgdynia.pl\/index.php\/wp-json\/wp\/v2\/comments?post=11571"}],"wp:attachment":[{"href":"http:\/\/klubmamgdynia.pl\/index.php\/wp-json\/wp\/v2\/media?parent=11571"}],"wp:term":[{"taxonomy":"product_cat","embeddable":true,"href":"http:\/\/klubmamgdynia.pl\/index.php\/wp-json\/wp\/v2\/product_cat?post=11571"},{"taxonomy":"product_tag","embeddable":true,"href":"http:\/\/klubmamgdynia.pl\/index.php\/wp-json\/wp\/v2\/product_tag?post=11571"}],"curies":[{"name":"wp","href":"https:\/\/api.w.org\/{rel}","templated":true}]}}