{"id":11573,"date":"2016-07-15T02:31:49","date_gmt":"2016-07-15T00:31:49","guid":{"rendered":"http:\/\/klubmamgdynia.pl\/index.php\/produkt\/czy-pracujesz-w-domu\/"},"modified":"2026-04-05T20:45:01","modified_gmt":"2026-04-05T18:45:01","slug":"czy-pracujesz-w-domu","status":"publish","type":"product","link":"http:\/\/klubmamgdynia.pl\/index.php\/produkt\/czy-pracujesz-w-domu\/","title":{"rendered":"czy pracujesz w domu"},"content":{"rendered":"<p>wystarczy<\/p>\n<h2>czy pracujesz w domu \u017ce pod\u0142\u0105czysz go do zasilania i w\u0142o\u017cysz kart\u0119 SIM<\/h2>\n<p>cytaty o wychowaniu i nauczaniu, kolorowanka my little pony, co mo\u017cna zrobi\u0107 z rolek po papierze toaletowym, bajka o \u017cabie, mia imi\u0119, rysunki do druku, minecraft kolorowanki, wiosna kolorowanka do druku, zaproszenia do druku, znaczenie imienia milan<\/p>\n<p>yyyyy<\/p>\n<p>&nbsp;<\/p>\n","protected":false},"excerpt":{"rendered":"<p>wystarczy czy pracujesz w domu \u017ce pod\u0142\u0105czysz go do zasilania i w\u0142o\u017cysz kart\u0119 SIM cytaty o wychowaniu i nauczaniu, kolorowanka my little pony, co mo\u017cna zrobi\u0107 z rolek po papierze toaletowym, bajka o \u017cabie, mia imi\u0119, rysunki do druku, minecraft kolorowanki, wiosna kolorowanka do druku, zaproszenia do druku, znaczenie imienia milan yyyyy &nbsp;<\/p>\n","protected":false},"featured_media":0,"comment_status":"closed","ping_status":"open","template":"","meta":[],"product_cat":[2038,2037],"product_tag":[853,651,595,793],"class_list":["post-11573","product","type-product","status-publish","hentry","product_cat-a-router-bedzie-gotowy-do-pracy","product_cat-ze-podlaczysz-go-do-zasilania-i-wlozysz-karte-sim","product_tag-kolorowanki-do-druku-dla-doroslych","product_tag-quizy-online","product_tag-zagadki-dla-6-latka","product_tag-zagadki-smieszne-podchwytliwe"],"_links":{"self":[{"href":"http:\/\/klubmamgdynia.pl\/index.php\/wp-json\/wp\/v2\/product\/11573","targetHints":{"allow":["GET"]}}],"collection":[{"href":"http:\/\/klubmamgdynia.pl\/index.php\/wp-json\/wp\/v2\/product"}],"about":[{"href":"http:\/\/klubmamgdynia.pl\/index.php\/wp-json\/wp\/v2\/types\/product"}],"replies":[{"embeddable":true,"href":"http:\/\/klubmamgdynia.pl\/index.php\/wp-json\/wp\/v2\/comments?post=11573"}],"wp:attachment":[{"href":"http:\/\/klubmamgdynia.pl\/index.php\/wp-json\/wp\/v2\/media?parent=11573"}],"wp:term":[{"taxonomy":"product_cat","embeddable":true,"href":"http:\/\/klubmamgdynia.pl\/index.php\/wp-json\/wp\/v2\/product_cat?post=11573"},{"taxonomy":"product_tag","embeddable":true,"href":"http:\/\/klubmamgdynia.pl\/index.php\/wp-json\/wp\/v2\/product_tag?post=11573"}],"curies":[{"name":"wp","href":"https:\/\/api.w.org\/{rel}","templated":true}]}}