{"id":11574,"date":"2025-09-23T09:50:26","date_gmt":"2025-09-23T07:50:26","guid":{"rendered":"http:\/\/klubmamgdynia.pl\/?post_type=product&#038;p=11574"},"modified":"2026-05-01T05:07:33","modified_gmt":"2026-05-01T03:07:33","slug":"11574","status":"publish","type":"product","link":"http:\/\/klubmamgdynia.pl\/index.php\/produkt\/11574\/","title":{"rendered":""},"content":{"rendered":"<h2> <\/h2>\n<p>zagadki dla 7 latk\u00f3w, zadania dla dzieci z ukrainy, kolorowanki pokemon, kolorowanki winx, maska dinozaura, aron imi\u0119, bajki do czytania dla dzieci, super zings do druku, \u0142amig\u0142\u00f3wki logiczne dla dzieci, koty kolorowanki do druku, cytat rodzina, kolorowanki \u015bwi\u0105teczne do wydruku, lukrecja imi\u0119, quiz felix net i nika oraz gang niewidzialnych ludzi, stare piosenki, wierszyki na dobranoc dla dzieci<\/p>\n<p>yyyyy<\/p>\n<p>&nbsp;<\/p>\n","protected":false},"excerpt":{"rendered":"<p>zagadki dla 7 latk\u00f3w, zadania dla dzieci z ukrainy, kolorowanki pokemon, kolorowanki winx, maska dinozaura, aron imi\u0119, bajki do czytania dla dzieci, super zings do druku, \u0142amig\u0142\u00f3wki logiczne dla dzieci, koty kolorowanki do druku, cytat rodzina, kolorowanki \u015bwi\u0105teczne do wydruku, lukrecja imi\u0119, quiz felix net i nika oraz gang niewidzialnych ludzi, stare piosenki, wierszyki na [&hellip;]<\/p>\n","protected":false},"featured_media":0,"comment_status":"closed","ping_status":"open","template":"","meta":[],"product_cat":[],"product_tag":[580,815,692,588,649,733],"class_list":["post-11574","product","type-product","status-publish","hentry","product_tag-janusz","product_tag-ozdoby-choinkowe-dla-dzieci","product_tag-prezenty-na-roczek","product_tag-wzruszajace-slowa-dla-przyjaciela","product_tag-zagadki-dla-nastolatkow","product_tag-zarty-na-prima-aprilis"],"_links":{"self":[{"href":"http:\/\/klubmamgdynia.pl\/index.php\/wp-json\/wp\/v2\/product\/11574","targetHints":{"allow":["GET"]}}],"collection":[{"href":"http:\/\/klubmamgdynia.pl\/index.php\/wp-json\/wp\/v2\/product"}],"about":[{"href":"http:\/\/klubmamgdynia.pl\/index.php\/wp-json\/wp\/v2\/types\/product"}],"replies":[{"embeddable":true,"href":"http:\/\/klubmamgdynia.pl\/index.php\/wp-json\/wp\/v2\/comments?post=11574"}],"wp:attachment":[{"href":"http:\/\/klubmamgdynia.pl\/index.php\/wp-json\/wp\/v2\/media?parent=11574"}],"wp:term":[{"taxonomy":"product_cat","embeddable":true,"href":"http:\/\/klubmamgdynia.pl\/index.php\/wp-json\/wp\/v2\/product_cat?post=11574"},{"taxonomy":"product_tag","embeddable":true,"href":"http:\/\/klubmamgdynia.pl\/index.php\/wp-json\/wp\/v2\/product_tag?post=11574"}],"curies":[{"name":"wp","href":"https:\/\/api.w.org\/{rel}","templated":true}]}}