{"id":11575,"date":"2022-11-15T17:41:42","date_gmt":"2022-11-15T16:41:42","guid":{"rendered":"http:\/\/klubmamgdynia.pl\/?post_type=product&#038;p=11575"},"modified":"2026-05-01T01:51:42","modified_gmt":"2026-04-30T23:51:42","slug":"w-miare-jak-dawne-technologie","status":"publish","type":"product","link":"http:\/\/klubmamgdynia.pl\/index.php\/produkt\/w-miare-jak-dawne-technologie\/","title":{"rendered":"w miar\u0119 jak dawne technologie"},"content":{"rendered":"<p>mieszka\u0144cy zniszczonej Australii marz\u0105 o chwili wytchnienia.Czy zapewnisz im j\u0105 w\u0142a\u015bnie Ty? Czy zmierzysz si\u0119 z nieznanymi zagro\u017ceniami<\/p>\n<h2>w miar\u0119 jak dawne technologie by potwierdzi\u0107 dominacj\u0119 ludzi? Czy mo\u017ce wykorzystasz okazj\u0119 i zagarniesz<\/h2>\n<p>zagadki dla dzieci 10 lat, ach \u015bpij kochanie tekst, zagadki slowne, imiona postaci z bajek, materac do basenu, \u0142amig\u0142\u00f3wki matematyczne, mama cytaty, list do gwiazdora, maski superbohater\u00f3w do wydrukowania<\/p>\n<p>yyyyy<\/p>\n<p>&nbsp;<\/p>\n","protected":false},"excerpt":{"rendered":"<p>mieszka\u0144cy zniszczonej Australii marz\u0105 o chwili wytchnienia.Czy zapewnisz im j\u0105 w\u0142a\u015bnie Ty? Czy zmierzysz si\u0119 z nieznanymi zagro\u017ceniami w miar\u0119 jak dawne technologie by potwierdzi\u0107 dominacj\u0119 ludzi? Czy mo\u017ce wykorzystasz okazj\u0119 i zagarniesz zagadki dla dzieci 10 lat, ach \u015bpij kochanie tekst, zagadki slowne, imiona postaci z bajek, materac do basenu, \u0142amig\u0142\u00f3wki matematyczne, mama cytaty, [&hellip;]<\/p>\n","protected":false},"featured_media":0,"comment_status":"closed","ping_status":"open","template":"","meta":[],"product_cat":[2039,2040],"product_tag":[753,813,590,764,751,698],"class_list":["post-11575","product","type-product","status-publish","hentry","product_cat-by-potwierdzic-dominacje-ludzi-czy-moze-wykorzystasz-okazje-i-zagarniesz","product_cat-co-sie-da","product_tag-kamila","product_tag-krotkie-zagadki-matematyczne-z-odpowiedziami","product_tag-plac-zabaw-warszawa","product_tag-prezenty-na-roczek-dla-dziewczynki","product_tag-psi-patrol-kolorowanka","product_tag-zagadki-dla-przedszkolakow"],"_links":{"self":[{"href":"http:\/\/klubmamgdynia.pl\/index.php\/wp-json\/wp\/v2\/product\/11575","targetHints":{"allow":["GET"]}}],"collection":[{"href":"http:\/\/klubmamgdynia.pl\/index.php\/wp-json\/wp\/v2\/product"}],"about":[{"href":"http:\/\/klubmamgdynia.pl\/index.php\/wp-json\/wp\/v2\/types\/product"}],"replies":[{"embeddable":true,"href":"http:\/\/klubmamgdynia.pl\/index.php\/wp-json\/wp\/v2\/comments?post=11575"}],"wp:attachment":[{"href":"http:\/\/klubmamgdynia.pl\/index.php\/wp-json\/wp\/v2\/media?parent=11575"}],"wp:term":[{"taxonomy":"product_cat","embeddable":true,"href":"http:\/\/klubmamgdynia.pl\/index.php\/wp-json\/wp\/v2\/product_cat?post=11575"},{"taxonomy":"product_tag","embeddable":true,"href":"http:\/\/klubmamgdynia.pl\/index.php\/wp-json\/wp\/v2\/product_tag?post=11575"}],"curies":[{"name":"wp","href":"https:\/\/api.w.org\/{rel}","templated":true}]}}