{"id":11576,"date":"2013-06-16T13:49:31","date_gmt":"2013-06-16T11:49:31","guid":{"rendered":"http:\/\/klubmamgdynia.pl\/index.php\/produkt\/11576\/"},"modified":"2026-05-01T10:51:38","modified_gmt":"2026-05-01T08:51:38","slug":"11576","status":"publish","type":"product","link":"http:\/\/klubmamgdynia.pl\/index.php\/produkt\/11576\/","title":{"rendered":""},"content":{"rendered":"<h2> <\/h2>\n<p>kr\u00f3tkie \u017cyczenia wielkanocne dla dzieci, jagna, bezwarunkowa mi\u0142o\u015b\u0107 do dziecka cytaty, cytaty o dziecku, pomys\u0142 na prima aprilis, kolorowe ciasto, minecraft quiz, dyplomy do wydrukowania a4, rebusy i krzy\u017c\u00f3wki dla dzieci do druku, ciekawe zagadki, zagadki na my\u015blenie, kolorowanki do druku zwierz\u0119ta, wzory zaprosze\u0144 zaproszenie na urodziny szablon do druku, jaki prezent na roczek dla dziewczynki, zagadka dla dzieci, sta\u0142a pod \u015bniegiem<\/p>\n<p>yyyyy<\/p>\n<p>&nbsp;<\/p>\n","protected":false},"excerpt":{"rendered":"<p>kr\u00f3tkie \u017cyczenia wielkanocne dla dzieci, jagna, bezwarunkowa mi\u0142o\u015b\u0107 do dziecka cytaty, cytaty o dziecku, pomys\u0142 na prima aprilis, kolorowe ciasto, minecraft quiz, dyplomy do wydrukowania a4, rebusy i krzy\u017c\u00f3wki dla dzieci do druku, ciekawe zagadki, zagadki na my\u015blenie, kolorowanki do druku zwierz\u0119ta, wzory zaprosze\u0144 zaproszenie na urodziny szablon do druku, jaki prezent na roczek dla [&hellip;]<\/p>\n","protected":false},"featured_media":0,"comment_status":"closed","ping_status":"open","template":"","meta":[],"product_cat":[],"product_tag":[797,663,688,582],"class_list":["post-11576","product","type-product","status-publish","hentry","product_tag-kiekrz","product_tag-kolorowanki-dla-dzieci-do-druku","product_tag-kolysanki-tekst","product_tag-nauka-pisania-literek-do-wydruku-pdf"],"_links":{"self":[{"href":"http:\/\/klubmamgdynia.pl\/index.php\/wp-json\/wp\/v2\/product\/11576","targetHints":{"allow":["GET"]}}],"collection":[{"href":"http:\/\/klubmamgdynia.pl\/index.php\/wp-json\/wp\/v2\/product"}],"about":[{"href":"http:\/\/klubmamgdynia.pl\/index.php\/wp-json\/wp\/v2\/types\/product"}],"replies":[{"embeddable":true,"href":"http:\/\/klubmamgdynia.pl\/index.php\/wp-json\/wp\/v2\/comments?post=11576"}],"wp:attachment":[{"href":"http:\/\/klubmamgdynia.pl\/index.php\/wp-json\/wp\/v2\/media?parent=11576"}],"wp:term":[{"taxonomy":"product_cat","embeddable":true,"href":"http:\/\/klubmamgdynia.pl\/index.php\/wp-json\/wp\/v2\/product_cat?post=11576"},{"taxonomy":"product_tag","embeddable":true,"href":"http:\/\/klubmamgdynia.pl\/index.php\/wp-json\/wp\/v2\/product_tag?post=11576"}],"curies":[{"name":"wp","href":"https:\/\/api.w.org\/{rel}","templated":true}]}}