{"id":11578,"date":"2022-02-18T18:09:04","date_gmt":"2022-02-18T17:09:04","guid":{"rendered":"http:\/\/klubmamgdynia.pl\/index.php\/produkt\/11578\/"},"modified":"2026-04-27T02:53:29","modified_gmt":"2026-04-27T00:53:29","slug":"11578","status":"publish","type":"product","link":"http:\/\/klubmamgdynia.pl\/index.php\/produkt\/11578\/","title":{"rendered":""},"content":{"rendered":"<h2> <\/h2>\n<p>bajki do czytania dla 6 latka, wiktor, nietypowe imiona, atrakcje dla dzieci trojmiasto, ry\u017c z owocami, cytaty o przyja\u017ani ma\u0142y ksi\u0105\u017c\u0119, nadie\u017cda imi\u0119, zabawy z pi\u0142k\u0105 dla dzieci, piesek kolorowanka, kolorowanki do druku zwierz\u0119ta, zagadki z odpowiedziami, kolorowanka do wydruku, stare wiersze dla dzieci, ubieranki do druku, ma\u0142y ksi\u0105\u017c\u0119 sprawdzian, atrakcje do 30 km od wroc\u0142awia, wpad\u0142a bomba do piwnicy, quiz stolice europy, jak narysowa\u0107 \u017cab\u0119, gwiazda do wydruku, ko\u0142ysanki teksty<\/p>\n<p>yyyyy<\/p>\n<p>&nbsp;<\/p>\n","protected":false},"excerpt":{"rendered":"<p>bajki do czytania dla 6 latka, wiktor, nietypowe imiona, atrakcje dla dzieci trojmiasto, ry\u017c z owocami, cytaty o przyja\u017ani ma\u0142y ksi\u0105\u017c\u0119, nadie\u017cda imi\u0119, zabawy z pi\u0142k\u0105 dla dzieci, piesek kolorowanka, kolorowanki do druku zwierz\u0119ta, zagadki z odpowiedziami, kolorowanka do wydruku, stare wiersze dla dzieci, ubieranki do druku, ma\u0142y ksi\u0105\u017c\u0119 sprawdzian, atrakcje do 30 km od [&hellip;]<\/p>\n","protected":false},"featured_media":0,"comment_status":"closed","ping_status":"open","template":"","meta":[],"product_cat":[],"product_tag":[617,655,627,633],"class_list":["post-11578","product","type-product","status-publish","hentry","product_tag-keyword","product_tag-najlepsze-zagadki","product_tag-quiz-dzieci-z-bullerbyn","product_tag-zagadki-z-odpowiedziami"],"_links":{"self":[{"href":"http:\/\/klubmamgdynia.pl\/index.php\/wp-json\/wp\/v2\/product\/11578","targetHints":{"allow":["GET"]}}],"collection":[{"href":"http:\/\/klubmamgdynia.pl\/index.php\/wp-json\/wp\/v2\/product"}],"about":[{"href":"http:\/\/klubmamgdynia.pl\/index.php\/wp-json\/wp\/v2\/types\/product"}],"replies":[{"embeddable":true,"href":"http:\/\/klubmamgdynia.pl\/index.php\/wp-json\/wp\/v2\/comments?post=11578"}],"wp:attachment":[{"href":"http:\/\/klubmamgdynia.pl\/index.php\/wp-json\/wp\/v2\/media?parent=11578"}],"wp:term":[{"taxonomy":"product_cat","embeddable":true,"href":"http:\/\/klubmamgdynia.pl\/index.php\/wp-json\/wp\/v2\/product_cat?post=11578"},{"taxonomy":"product_tag","embeddable":true,"href":"http:\/\/klubmamgdynia.pl\/index.php\/wp-json\/wp\/v2\/product_tag?post=11578"}],"curies":[{"name":"wp","href":"https:\/\/api.w.org\/{rel}","templated":true}]}}