{"id":11579,"date":"2010-12-12T06:57:19","date_gmt":"2010-12-12T05:57:19","guid":{"rendered":"http:\/\/klubmamgdynia.pl\/index.php\/produkt\/11579\/"},"modified":"2026-05-17T22:32:34","modified_gmt":"2026-05-17T20:32:34","slug":"11579","status":"publish","type":"product","link":"http:\/\/klubmamgdynia.pl\/index.php\/produkt\/11579\/","title":{"rendered":""},"content":{"rendered":"<h2> <\/h2>\n<p>znaczenie imienia milan, halszka, \u015bmieszne zagadki z odpowiedziami, lol surprise kolorowanki, marcel imi\u0119, rozrywka dla dzieci, zagadki o zimie, kolorowanki pokemon do druku, zabawy ruchowe dla dzieci, prezent dla jedenastolatka, trudne zagadki logiczne, kolorowanki ninjago, zagadki o zwierz\u0119tach, mi\u0142osz imi\u0119, walentynka dla syna, quiz o \u015bwi\u0119tach, halloween dla dzieci warszawa 2021, maska do druku<\/p>\n<p>yyyyy<\/p>\n<p>&nbsp;<\/p>\n","protected":false},"excerpt":{"rendered":"<p>znaczenie imienia milan, halszka, \u015bmieszne zagadki z odpowiedziami, lol surprise kolorowanki, marcel imi\u0119, rozrywka dla dzieci, zagadki o zimie, kolorowanki pokemon do druku, zabawy ruchowe dla dzieci, prezent dla jedenastolatka, trudne zagadki logiczne, kolorowanki ninjago, zagadki o zwierz\u0119tach, mi\u0142osz imi\u0119, walentynka dla syna, quiz o \u015bwi\u0119tach, halloween dla dzieci warszawa 2021, maska do druku yyyyy [&hellip;]<\/p>\n","protected":false},"featured_media":0,"comment_status":"closed","ping_status":"open","template":"","meta":[],"product_cat":[],"product_tag":[836,706,742,842,806],"class_list":["post-11579","product","type-product","status-publish","hentry","product_tag-co-kupic-dziecku-na-roczek","product_tag-imie-kuba","product_tag-piosenki-dla-dzieci-tekst","product_tag-plac-zabaw-poznan","product_tag-prezent-dla-dziecka-na-roczek"],"_links":{"self":[{"href":"http:\/\/klubmamgdynia.pl\/index.php\/wp-json\/wp\/v2\/product\/11579","targetHints":{"allow":["GET"]}}],"collection":[{"href":"http:\/\/klubmamgdynia.pl\/index.php\/wp-json\/wp\/v2\/product"}],"about":[{"href":"http:\/\/klubmamgdynia.pl\/index.php\/wp-json\/wp\/v2\/types\/product"}],"replies":[{"embeddable":true,"href":"http:\/\/klubmamgdynia.pl\/index.php\/wp-json\/wp\/v2\/comments?post=11579"}],"wp:attachment":[{"href":"http:\/\/klubmamgdynia.pl\/index.php\/wp-json\/wp\/v2\/media?parent=11579"}],"wp:term":[{"taxonomy":"product_cat","embeddable":true,"href":"http:\/\/klubmamgdynia.pl\/index.php\/wp-json\/wp\/v2\/product_cat?post=11579"},{"taxonomy":"product_tag","embeddable":true,"href":"http:\/\/klubmamgdynia.pl\/index.php\/wp-json\/wp\/v2\/product_tag?post=11579"}],"curies":[{"name":"wp","href":"https:\/\/api.w.org\/{rel}","templated":true}]}}