{"id":1158,"date":"2011-08-06T12:19:29","date_gmt":"2011-08-06T10:19:29","guid":{"rendered":"http:\/\/klubmamgdynia.pl\/index.php\/produkt\/gra-planszowa-amigo-spiel-freizeit-bohnanza-das-duell-wersja-niemiecka\/"},"modified":"2026-04-27T08:08:19","modified_gmt":"2026-04-27T06:08:19","slug":"gra-planszowa-amigo-spiel-freizeit-bohnanza-das-duell-wersja-niemiecka","status":"publish","type":"product","link":"http:\/\/klubmamgdynia.pl\/index.php\/produkt\/gra-planszowa-amigo-spiel-freizeit-bohnanza-das-duell-wersja-niemiecka\/","title":{"rendered":"Gra planszowa Amigo Spiel + Freizeit Bohnanza &#8211; Das Duell (wersja niemiecka)"},"content":{"rendered":"<p>Inhalt: 145 Karten , 1 Spielregel<\/p>\n<h2>Gra planszowa Amigo Spiel + Freizeit Bohnanza &#8211; Das Duell (wersja niemiecka) <\/h2>\n<p>ale kino program, cicha noc po angielsku tekst, znaczenie imiona kinga, laura, bajki dla dzieci do czytania, ma\u0142y ksi\u0105\u017c\u0119 cytaty, literki do nauki pisania do druku, ferie warszawa 2022, prezenty dla nastolatka, szopka do druku, zagadki dla dzieci 6-7 lat, roza imie, bajki dla niemowl\u0105t, domki z rolek po papierze toaletowym<\/p>\n<p>yyyyy<\/p>\n<p>&nbsp;<\/p>\n","protected":false},"excerpt":{"rendered":"<p>Inhalt: 145 Karten , 1 Spielregel Gra planszowa Amigo Spiel + Freizeit Bohnanza &#8211; Das Duell (wersja niemiecka) ale kino program, cicha noc po angielsku tekst, znaczenie imiona kinga, laura, bajki dla dzieci do czytania, ma\u0142y ksi\u0105\u017c\u0119 cytaty, literki do nauki pisania do druku, ferie warszawa 2022, prezenty dla nastolatka, szopka do druku, zagadki dla [&hellip;]<\/p>\n","protected":false},"featured_media":1159,"comment_status":"closed","ping_status":"open","template":"","meta":[],"product_cat":[235],"product_tag":[844,754,614],"class_list":["post-1158","product","type-product","status-publish","has-post-thumbnail","hentry","product_cat-gry-planszowe","product_tag-co-kupic-na-roczek","product_tag-dyplomy-do-wydrukowania-a4","product_tag-pia"],"_links":{"self":[{"href":"http:\/\/klubmamgdynia.pl\/index.php\/wp-json\/wp\/v2\/product\/1158","targetHints":{"allow":["GET"]}}],"collection":[{"href":"http:\/\/klubmamgdynia.pl\/index.php\/wp-json\/wp\/v2\/product"}],"about":[{"href":"http:\/\/klubmamgdynia.pl\/index.php\/wp-json\/wp\/v2\/types\/product"}],"replies":[{"embeddable":true,"href":"http:\/\/klubmamgdynia.pl\/index.php\/wp-json\/wp\/v2\/comments?post=1158"}],"wp:featuredmedia":[{"embeddable":true,"href":"http:\/\/klubmamgdynia.pl\/index.php\/wp-json\/wp\/v2\/media\/1159"}],"wp:attachment":[{"href":"http:\/\/klubmamgdynia.pl\/index.php\/wp-json\/wp\/v2\/media?parent=1158"}],"wp:term":[{"taxonomy":"product_cat","embeddable":true,"href":"http:\/\/klubmamgdynia.pl\/index.php\/wp-json\/wp\/v2\/product_cat?post=1158"},{"taxonomy":"product_tag","embeddable":true,"href":"http:\/\/klubmamgdynia.pl\/index.php\/wp-json\/wp\/v2\/product_tag?post=1158"}],"curies":[{"name":"wp","href":"https:\/\/api.w.org\/{rel}","templated":true}]}}