{"id":11581,"date":"2012-02-22T07:26:59","date_gmt":"2012-02-22T06:26:59","guid":{"rendered":"http:\/\/klubmamgdynia.pl\/index.php\/produkt\/11581\/"},"modified":"2026-05-17T23:28:33","modified_gmt":"2026-05-17T21:28:33","slug":"11581","status":"publish","type":"product","link":"http:\/\/klubmamgdynia.pl\/index.php\/produkt\/11581\/","title":{"rendered":""},"content":{"rendered":"<h2> <\/h2>\n<p>ja\u015bmina imie, kolorowanka lol do druku, zagadki na logik\u0119, rodzina sentencja, imiona dla ch\u0142opc\u00f3w, prezent na 1 urodziny<\/p>\n<p>yyyyy<\/p>\n<p>&nbsp;<\/p>\n","protected":false},"excerpt":{"rendered":"<p>ja\u015bmina imie, kolorowanka lol do druku, zagadki na logik\u0119, rodzina sentencja, imiona dla ch\u0142opc\u00f3w, prezent na 1 urodziny yyyyy &nbsp;<\/p>\n","protected":false},"featured_media":0,"comment_status":"closed","ping_status":"open","template":"","meta":[],"product_cat":[],"product_tag":[674,632,869,715],"class_list":["post-11581","product","type-product","status-publish","hentry","product_tag-miasto-dzieci","product_tag-warszawa-atrakcje-dla-mlodziezy","product_tag-zagadki-na-logike","product_tag-zosia-samosia"],"_links":{"self":[{"href":"http:\/\/klubmamgdynia.pl\/index.php\/wp-json\/wp\/v2\/product\/11581","targetHints":{"allow":["GET"]}}],"collection":[{"href":"http:\/\/klubmamgdynia.pl\/index.php\/wp-json\/wp\/v2\/product"}],"about":[{"href":"http:\/\/klubmamgdynia.pl\/index.php\/wp-json\/wp\/v2\/types\/product"}],"replies":[{"embeddable":true,"href":"http:\/\/klubmamgdynia.pl\/index.php\/wp-json\/wp\/v2\/comments?post=11581"}],"wp:attachment":[{"href":"http:\/\/klubmamgdynia.pl\/index.php\/wp-json\/wp\/v2\/media?parent=11581"}],"wp:term":[{"taxonomy":"product_cat","embeddable":true,"href":"http:\/\/klubmamgdynia.pl\/index.php\/wp-json\/wp\/v2\/product_cat?post=11581"},{"taxonomy":"product_tag","embeddable":true,"href":"http:\/\/klubmamgdynia.pl\/index.php\/wp-json\/wp\/v2\/product_tag?post=11581"}],"curies":[{"name":"wp","href":"https:\/\/api.w.org\/{rel}","templated":true}]}}