{"id":11582,"date":"2025-06-22T22:26:38","date_gmt":"2025-06-22T20:26:38","guid":{"rendered":"http:\/\/klubmamgdynia.pl\/?post_type=product&#038;p=11582"},"modified":"2026-05-17T20:52:34","modified_gmt":"2026-05-17T18:52:34","slug":"11582","status":"publish","type":"product","link":"http:\/\/klubmamgdynia.pl\/index.php\/produkt\/11582\/","title":{"rendered":""},"content":{"rendered":"<h2> <\/h2>\n<p>spongebob kolorowanka, zagadki dla sze\u015bciolatk\u00f3w, kolorowanki wed\u0142ug kodu do druku, bajka dla niemowlaka, kolorowanki konie z je\u017ad\u017acem, mira imie, kotki kolorowanka, aurora imi\u0119, imi\u0119 r\u00f3\u017ca, kolorowe listki, tabliczka mno\u017cenia do druku, Keyword, quiz bo\u017ce narodzenie, piosenki dla dzieci tekst, cytaty korczak, liwia imi\u0119<\/p>\n<p>yyyyy<\/p>\n<p>&nbsp;<\/p>\n","protected":false},"excerpt":{"rendered":"<p>spongebob kolorowanka, zagadki dla sze\u015bciolatk\u00f3w, kolorowanki wed\u0142ug kodu do druku, bajka dla niemowlaka, kolorowanki konie z je\u017ad\u017acem, mira imie, kotki kolorowanka, aurora imi\u0119, imi\u0119 r\u00f3\u017ca, kolorowe listki, tabliczka mno\u017cenia do druku, Keyword, quiz bo\u017ce narodzenie, piosenki dla dzieci tekst, cytaty korczak, liwia imi\u0119 yyyyy &nbsp;<\/p>\n","protected":false},"featured_media":0,"comment_status":"closed","ping_status":"open","template":"","meta":[],"product_cat":[],"product_tag":[763,730,797,618,862,703],"class_list":["post-11582","product","type-product","status-publish","hentry","product_tag-fabian","product_tag-karyna","product_tag-kiekrz","product_tag-lato-lato-lato-czeka-tekst","product_tag-nasza-zima-zla-tekst","product_tag-prezent-dla-nastolatki"],"_links":{"self":[{"href":"http:\/\/klubmamgdynia.pl\/index.php\/wp-json\/wp\/v2\/product\/11582","targetHints":{"allow":["GET"]}}],"collection":[{"href":"http:\/\/klubmamgdynia.pl\/index.php\/wp-json\/wp\/v2\/product"}],"about":[{"href":"http:\/\/klubmamgdynia.pl\/index.php\/wp-json\/wp\/v2\/types\/product"}],"replies":[{"embeddable":true,"href":"http:\/\/klubmamgdynia.pl\/index.php\/wp-json\/wp\/v2\/comments?post=11582"}],"wp:attachment":[{"href":"http:\/\/klubmamgdynia.pl\/index.php\/wp-json\/wp\/v2\/media?parent=11582"}],"wp:term":[{"taxonomy":"product_cat","embeddable":true,"href":"http:\/\/klubmamgdynia.pl\/index.php\/wp-json\/wp\/v2\/product_cat?post=11582"},{"taxonomy":"product_tag","embeddable":true,"href":"http:\/\/klubmamgdynia.pl\/index.php\/wp-json\/wp\/v2\/product_tag?post=11582"}],"curies":[{"name":"wp","href":"https:\/\/api.w.org\/{rel}","templated":true}]}}