{"id":11583,"date":"2013-09-07T10:29:08","date_gmt":"2013-09-07T08:29:08","guid":{"rendered":"http:\/\/klubmamgdynia.pl\/index.php\/produkt\/ktore-wydaja-zabawne-dzwiekii-wchodza-ze-soba-w-interkacje-laleczki-bellies-tez-czasem-choruja-zestaw-akcesoriow-zdrowego-brzuszka-pomoze-wamszybko-i-skutecznie-pokonac-chorobe-i-wzmocnic-odpornosc-t\/"},"modified":"2026-04-29T20:34:51","modified_gmt":"2026-04-29T18:34:51","slug":"ktore-wydaja-zabawne-dzwiekii-wchodza-ze-soba-w-interkacje-laleczki-bellies-tez-czasem-choruja-zestaw-akcesoriow-zdrowego-brzuszka-pomoze-wamszybko-i-skutecznie-pokonac-chorobe-i-wzmocnic-odpornosc-t","status":"publish","type":"product","link":"http:\/\/klubmamgdynia.pl\/index.php\/produkt\/ktore-wydaja-zabawne-dzwiekii-wchodza-ze-soba-w-interkacje-laleczki-bellies-tez-czasem-choruja-zestaw-akcesoriow-zdrowego-brzuszka-pomoze-wamszybko-i-skutecznie-pokonac-chorobe-i-wzmocnic-odpornosc-t\/","title":{"rendered":"kt\u00f3re wydaj\u0105 zabawne d\u017awi\u0119kii wchodz\u0105 ze sob\u0105 w interkacj\u0119.Laleczki Bellies te\u017c czasem choruj\u0105. Zestaw akcesori\u00f3w zdrowego brzuszka pomo\u017ce wamszybko i skutecznie pokona\u0107 chorob\u0119 i wzmocni\u0107 odporno\u015b\u0107 Twojego s\u0142odkiego bobasa Bellies.Znajdziesz w nim:- 1x musuj\u0105ce witaminki- 1x zastrzyk uspokajaj\u0105cy- 1x po\u017cywne jedzonko- 1x gruszk\u0119 do nosa- 1 opakowanie zabawnych plasterk\u00f3w"},"content":{"rendered":"<h2>kt\u00f3re wydaj\u0105 zabawne d\u017awi\u0119kii wchodz\u0105 ze sob\u0105 w interkacj\u0119.Laleczki Bellies te\u017c czasem choruj\u0105. Zestaw akcesori\u00f3w zdrowego brzuszka pomo\u017ce wamszybko i skutecznie pokona\u0107 chorob\u0119 i wzmocni\u0107 odporno\u015b\u0107 Twojego s\u0142odkiego bobasa Bellies.Znajdziesz w nim:- 1x musuj\u0105ce witaminki- 1x zastrzyk uspokajaj\u0105cy- 1x po\u017cywne jedzonko- 1x gruszk\u0119 do nosa- 1 opakowanie zabawnych plasterk\u00f3w <\/h2>\n<p>my jeste\u015bmy krasnoludki tekst, cytat o dziecku, zagadki dla dzieci 10 12 lat z odpowiedziami, piosenka dla taty przedszkole<\/p>\n<p>yyyyy<\/p>\n<p>&nbsp;<\/p>\n","protected":false},"excerpt":{"rendered":"<p>kt\u00f3re wydaj\u0105 zabawne d\u017awi\u0119kii wchodz\u0105 ze sob\u0105 w interkacj\u0119.Laleczki Bellies te\u017c czasem choruj\u0105. Zestaw akcesori\u00f3w zdrowego brzuszka pomo\u017ce wamszybko i skutecznie pokona\u0107 chorob\u0119 i wzmocni\u0107 odporno\u015b\u0107 Twojego s\u0142odkiego bobasa Bellies.Znajdziesz w nim:- 1x musuj\u0105ce witaminki- 1x zastrzyk uspokajaj\u0105cy- 1x po\u017cywne jedzonko- 1x gruszk\u0119 do nosa- 1 opakowanie zabawnych plasterk\u00f3w my jeste\u015bmy krasnoludki tekst, cytat o [&hellip;]<\/p>\n","protected":false},"featured_media":0,"comment_status":"closed","ping_status":"open","template":"","meta":[],"product_cat":[],"product_tag":[734,810,748,840],"class_list":["post-11583","product","type-product","status-publish","hentry","product_tag-milan-imie","product_tag-nauka-zegara-do-druku","product_tag-okolice-wroclawia-atrakcje","product_tag-stare-bajki"],"_links":{"self":[{"href":"http:\/\/klubmamgdynia.pl\/index.php\/wp-json\/wp\/v2\/product\/11583","targetHints":{"allow":["GET"]}}],"collection":[{"href":"http:\/\/klubmamgdynia.pl\/index.php\/wp-json\/wp\/v2\/product"}],"about":[{"href":"http:\/\/klubmamgdynia.pl\/index.php\/wp-json\/wp\/v2\/types\/product"}],"replies":[{"embeddable":true,"href":"http:\/\/klubmamgdynia.pl\/index.php\/wp-json\/wp\/v2\/comments?post=11583"}],"wp:attachment":[{"href":"http:\/\/klubmamgdynia.pl\/index.php\/wp-json\/wp\/v2\/media?parent=11583"}],"wp:term":[{"taxonomy":"product_cat","embeddable":true,"href":"http:\/\/klubmamgdynia.pl\/index.php\/wp-json\/wp\/v2\/product_cat?post=11583"},{"taxonomy":"product_tag","embeddable":true,"href":"http:\/\/klubmamgdynia.pl\/index.php\/wp-json\/wp\/v2\/product_tag?post=11583"}],"curies":[{"name":"wp","href":"https:\/\/api.w.org\/{rel}","templated":true}]}}