{"id":11585,"date":"2012-08-18T16:50:27","date_gmt":"2012-08-18T14:50:27","guid":{"rendered":"http:\/\/klubmamgdynia.pl\/index.php\/produkt\/11585\/"},"modified":"2026-04-27T02:49:51","modified_gmt":"2026-04-27T00:49:51","slug":"11585","status":"publish","type":"product","link":"http:\/\/klubmamgdynia.pl\/index.php\/produkt\/11585\/","title":{"rendered":""},"content":{"rendered":"<h2> <\/h2>\n<p>kolorowanki pikachu, prezent dla trzynastolatki, atrakcje do 30 km od wroc\u0142awia, jeremi imi\u0119, wzruszaj\u0105ce s\u0142owa dla przyjaci\u00f3\u0142ki, co robi\u0107 z dzieckiem w warszawie, dyplomy do wydrukowania a4, zabawki dla dziewczynki na roczek, felix net i nika oraz gang niewidzialnych ludzi pytania i odpowiedzi, kolorowanki lol do druku, zagadki kr\u00f3tkie, literki do pisania do druku<\/p>\n<p>yyyyy<\/p>\n<p>&nbsp;<\/p>\n","protected":false},"excerpt":{"rendered":"<p>kolorowanki pikachu, prezent dla trzynastolatki, atrakcje do 30 km od wroc\u0142awia, jeremi imi\u0119, wzruszaj\u0105ce s\u0142owa dla przyjaci\u00f3\u0142ki, co robi\u0107 z dzieckiem w warszawie, dyplomy do wydrukowania a4, zabawki dla dziewczynki na roczek, felix net i nika oraz gang niewidzialnych ludzi pytania i odpowiedzi, kolorowanki lol do druku, zagadki kr\u00f3tkie, literki do pisania do druku yyyyy [&hellip;]<\/p>\n","protected":false},"featured_media":0,"comment_status":"closed","ping_status":"open","template":"","meta":[],"product_cat":[],"product_tag":[801,683,813,712],"class_list":["post-11585","product","type-product","status-publish","hentry","product_tag-bajki-terapeutyczne-o-emocjach","product_tag-karaluchy-pod-poduchy","product_tag-krotkie-zagadki-matematyczne-z-odpowiedziami","product_tag-zagadki-o-zwierzetach"],"_links":{"self":[{"href":"http:\/\/klubmamgdynia.pl\/index.php\/wp-json\/wp\/v2\/product\/11585","targetHints":{"allow":["GET"]}}],"collection":[{"href":"http:\/\/klubmamgdynia.pl\/index.php\/wp-json\/wp\/v2\/product"}],"about":[{"href":"http:\/\/klubmamgdynia.pl\/index.php\/wp-json\/wp\/v2\/types\/product"}],"replies":[{"embeddable":true,"href":"http:\/\/klubmamgdynia.pl\/index.php\/wp-json\/wp\/v2\/comments?post=11585"}],"wp:attachment":[{"href":"http:\/\/klubmamgdynia.pl\/index.php\/wp-json\/wp\/v2\/media?parent=11585"}],"wp:term":[{"taxonomy":"product_cat","embeddable":true,"href":"http:\/\/klubmamgdynia.pl\/index.php\/wp-json\/wp\/v2\/product_cat?post=11585"},{"taxonomy":"product_tag","embeddable":true,"href":"http:\/\/klubmamgdynia.pl\/index.php\/wp-json\/wp\/v2\/product_tag?post=11585"}],"curies":[{"name":"wp","href":"https:\/\/api.w.org\/{rel}","templated":true}]}}