{"id":11588,"date":"2023-01-17T13:46:18","date_gmt":"2023-01-17T12:46:18","guid":{"rendered":"http:\/\/klubmamgdynia.pl\/?post_type=product&#038;p=11588"},"modified":"2026-05-17T23:15:31","modified_gmt":"2026-05-17T21:15:31","slug":"11588","status":"publish","type":"product","link":"http:\/\/klubmamgdynia.pl\/index.php\/produkt\/11588\/","title":{"rendered":""},"content":{"rendered":"<h2> <\/h2>\n<p>logiczne zagadki dla dzieci, zagadki zimowe, kwiaty polne nazwy, fajne rzeczy dla nastolatk\u00f3w, ci\u0119\u017ckie zagadki, uk\u0142ad s\u0142oneczny dla dzieci do druku, bajka o dinozaurach do czytania, lol kolorowanka do druku, harry potter kolorowanka, mia i ja kolorowanki do druku, rysunki krok po kroku, \u015bmigus dyngus lany poniedzia\u0142ek zyczenia, opisy o dzieciach, mdk aleksandr\u00f3w \u0142\u00f3dzki, karaluchy pod poduchy a szczypawki, imi\u0119 mia, quiz o miko\u0142ajku, papuga kolorowanka, pomys\u0142y na prezent na roczek<\/p>\n<p>yyyyy<\/p>\n<p>&nbsp;<\/p>\n","protected":false},"excerpt":{"rendered":"<p>logiczne zagadki dla dzieci, zagadki zimowe, kwiaty polne nazwy, fajne rzeczy dla nastolatk\u00f3w, ci\u0119\u017ckie zagadki, uk\u0142ad s\u0142oneczny dla dzieci do druku, bajka o dinozaurach do czytania, lol kolorowanka do druku, harry potter kolorowanka, mia i ja kolorowanki do druku, rysunki krok po kroku, \u015bmigus dyngus lany poniedzia\u0142ek zyczenia, opisy o dzieciach, mdk aleksandr\u00f3w \u0142\u00f3dzki, karaluchy [&hellip;]<\/p>\n","protected":false},"featured_media":0,"comment_status":"closed","ping_status":"open","template":"","meta":[],"product_cat":[],"product_tag":[598,681,790,692,595],"class_list":["post-11588","product","type-product","status-publish","hentry","product_tag-co-na-roczek-dla-dziewczynki","product_tag-flagi-europy-quiz","product_tag-gry-planszowe-dla-nastolatkow","product_tag-prezenty-na-roczek","product_tag-zagadki-dla-6-latka"],"_links":{"self":[{"href":"http:\/\/klubmamgdynia.pl\/index.php\/wp-json\/wp\/v2\/product\/11588","targetHints":{"allow":["GET"]}}],"collection":[{"href":"http:\/\/klubmamgdynia.pl\/index.php\/wp-json\/wp\/v2\/product"}],"about":[{"href":"http:\/\/klubmamgdynia.pl\/index.php\/wp-json\/wp\/v2\/types\/product"}],"replies":[{"embeddable":true,"href":"http:\/\/klubmamgdynia.pl\/index.php\/wp-json\/wp\/v2\/comments?post=11588"}],"wp:attachment":[{"href":"http:\/\/klubmamgdynia.pl\/index.php\/wp-json\/wp\/v2\/media?parent=11588"}],"wp:term":[{"taxonomy":"product_cat","embeddable":true,"href":"http:\/\/klubmamgdynia.pl\/index.php\/wp-json\/wp\/v2\/product_cat?post=11588"},{"taxonomy":"product_tag","embeddable":true,"href":"http:\/\/klubmamgdynia.pl\/index.php\/wp-json\/wp\/v2\/product_tag?post=11588"}],"curies":[{"name":"wp","href":"https:\/\/api.w.org\/{rel}","templated":true}]}}