{"id":11590,"date":"2022-06-21T08:27:45","date_gmt":"2022-06-21T06:27:45","guid":{"rendered":"http:\/\/klubmamgdynia.pl\/index.php\/produkt\/poszczegolne-elementy-stworzylismy-z-ekologicznych-materialow-worek-zsypowy-oraz-stickery-na-pudelku-wykonane-sa-z-folii-biodegradowalnej-produkty-nie-sa-opakowane-w-folie-termokurczliwa-dodatkowo\/"},"modified":"2026-04-29T19:13:14","modified_gmt":"2026-04-29T17:13:14","slug":"poszczegolne-elementy-stworzylismy-z-ekologicznych-materialow-worek-zsypowy-oraz-stickery-na-pudelku-wykonane-sa-z-folii-biodegradowalnej-produkty-nie-sa-opakowane-w-folie-termokurczliwa-dodatkowo","status":"publish","type":"product","link":"http:\/\/klubmamgdynia.pl\/index.php\/produkt\/poszczegolne-elementy-stworzylismy-z-ekologicznych-materialow-worek-zsypowy-oraz-stickery-na-pudelku-wykonane-sa-z-folii-biodegradowalnej-produkty-nie-sa-opakowane-w-folie-termokurczliwa-dodatkowo\/","title":{"rendered":"poszczeg\u00f3lne elementy stworzyli\u015bmy z ekologicznych materia\u0142\u00f3w. Worek zsypowy oraz stickery na pude\u0142ku wykonane s\u0105 z folii biodegradowalnej. Produkty nie s\u0105 opakowane w foli\u0119 termokurczliw\u0105. Dodatkowo puzzle UFT s\u0105 wykonane z tekstury pozyskiwanej z drewna FSC"},"content":{"rendered":"<h2>poszczeg\u00f3lne elementy stworzyli\u015bmy z ekologicznych materia\u0142\u00f3w. Worek zsypowy oraz stickery na pude\u0142ku wykonane s\u0105 z folii biodegradowalnej. Produkty nie s\u0105 opakowane w foli\u0119 termokurczliw\u0105. Dodatkowo puzzle UFT s\u0105 wykonane z tekstury pozyskiwanej z drewna FSC <\/h2>\n<p>wzruszajace cytaty o rodzinie, leon imi\u0119, zimowe zabawy dla dzieci, zagadki zagadki, filmy wigilijne dla dzieci, zagadka logiczna dla dzieci, kanapki na urodziny dziecka, pikachu kolorowanka, kartka walentynkow\u0105 przedszkole, dzie\u0144 pluszowego misia, literki, alan imi\u0119, kwiecie\u0144 plecie\u0144 wiersz, jak narysowa\u0107 pikachu, opis do zdj\u0119cia dziecka na fb, koty kolorowanki, zagadka nie do rozwi\u0105zania, quizy o skokach narciarskich, psi patrol rysunek, 45 pa\u0144stw europy i ich stolice quiz<\/p>\n<p>yyyyy<\/p>\n<p>&nbsp;<\/p>\n","protected":false},"excerpt":{"rendered":"<p>poszczeg\u00f3lne elementy stworzyli\u015bmy z ekologicznych materia\u0142\u00f3w. Worek zsypowy oraz stickery na pude\u0142ku wykonane s\u0105 z folii biodegradowalnej. Produkty nie s\u0105 opakowane w foli\u0119 termokurczliw\u0105. Dodatkowo puzzle UFT s\u0105 wykonane z tekstury pozyskiwanej z drewna FSC wzruszajace cytaty o rodzinie, leon imi\u0119, zimowe zabawy dla dzieci, zagadki zagadki, filmy wigilijne dla dzieci, zagadka logiczna dla dzieci, [&hellip;]<\/p>\n","protected":false},"featured_media":0,"comment_status":"closed","ping_status":"open","template":"","meta":[],"product_cat":[],"product_tag":[828,699,720,640,708],"class_list":["post-11590","product","type-product","status-publish","hentry","product_tag-filmy-wigilijne-dla-dzieci","product_tag-kolorowanki-do-druku-dla-dziewczyn","product_tag-malowanki","product_tag-prezent-dla-rocznej-dziewczynki","product_tag-zabawy-ruchowe-dla-dzieci"],"_links":{"self":[{"href":"http:\/\/klubmamgdynia.pl\/index.php\/wp-json\/wp\/v2\/product\/11590","targetHints":{"allow":["GET"]}}],"collection":[{"href":"http:\/\/klubmamgdynia.pl\/index.php\/wp-json\/wp\/v2\/product"}],"about":[{"href":"http:\/\/klubmamgdynia.pl\/index.php\/wp-json\/wp\/v2\/types\/product"}],"replies":[{"embeddable":true,"href":"http:\/\/klubmamgdynia.pl\/index.php\/wp-json\/wp\/v2\/comments?post=11590"}],"wp:attachment":[{"href":"http:\/\/klubmamgdynia.pl\/index.php\/wp-json\/wp\/v2\/media?parent=11590"}],"wp:term":[{"taxonomy":"product_cat","embeddable":true,"href":"http:\/\/klubmamgdynia.pl\/index.php\/wp-json\/wp\/v2\/product_cat?post=11590"},{"taxonomy":"product_tag","embeddable":true,"href":"http:\/\/klubmamgdynia.pl\/index.php\/wp-json\/wp\/v2\/product_tag?post=11590"}],"curies":[{"name":"wp","href":"https:\/\/api.w.org\/{rel}","templated":true}]}}