{"id":11591,"date":"2011-01-01T23:03:57","date_gmt":"2011-01-01T22:03:57","guid":{"rendered":"http:\/\/klubmamgdynia.pl\/index.php\/produkt\/srebrny-whp3321bk\/"},"modified":"2026-05-17T22:13:18","modified_gmt":"2026-05-17T20:13:18","slug":"srebrny-whp3321bk","status":"publish","type":"product","link":"http:\/\/klubmamgdynia.pl\/index.php\/produkt\/srebrny-whp3321bk\/","title":{"rendered":"srebrny (WHP3321BK)&#8221;"},"content":{"rendered":"<p>Bezprzewodowe s\u0142uchawki telewizyjne WHP3321BK Wej\u015bcie optyczne nauszne ze stacj\u0105 \u0142aduj\u0105c\u0105Wyposa\u017cony w wej\u015bcie optyczne dla jeszcze lepszego d\u017awi\u0119kuRegulacja g\u0142o\u015bno\u015bci i przycisk zasilania z wy\u015bwietlaczem LED mo\u017cna wygodnie obs\u0142ugiwa\u0107 na s\u0142uchawkach\u00b7 Trzy kana\u0142y transmisji, aby unikn\u0105\u0107 zak\u0142\u00f3ce\u0144, dzi\u0119ki czemu inne urz\u0105dzenia radiowe w salonie nie mog\u0105 zak\u0142\u00f3ca\u0107 bezprzewodowego odtwarzania muzyki\u00b7 Najwy\u017csza stabilno\u015b\u0107 cz\u0119stotliwo\u015bci dzi\u0119ki systemowi PLL dla optymalnej transmisjiBez problemu mo\u017cna odtwarza\u0107 muzyk\u0119 do 100 m od stacji dokuj\u0105cejBardzo wygodne w noszeniu dzi\u0119ki wy\u015bcie\u0142anym i ruchomym nausznikomUwaga! Opis tego produktu zosta\u0142 przet\u0142umaczony automatycznie. Je\u015bli mo\u017cemy poprawi\u0107 go dzi\u0119ki Tobie, prosimy o kontakt.Wyposa\u017cenie: Wbudowana funkcja \u0142adowania \u00b7 Automatyczne wyszukiwanie stacji \u00b7 Nadajnik mo\u017ce s\u0142u\u017cy\u0107 jako stacja \u0142aduj\u0105ca i magazynuj\u0105ca \u00b7 Kolor: czarny\/srebrny \u00b7 Obszar produktu: HiFi \u00b7 TV i kino domowe Po\u0142\u0105czenie za pomoc\u0105 z\u0142\u0105cza m\u0119skiego jack 3,5 mm \u00b7 Transmisja sygna\u0142u: radio Zakres cz\u0119stotliwo\u015bci: 20 Hz &#8211; 20 kHz \u00b7 Impedancja: 32 \u2126 \u00b7 Zasi\u0119g: 100 m Cz\u0119stotliwo\u015b\u0107 transmisji: 863 MHz \u00b7 Wersja: Stereo Konstrukcja: Wok\u00f3\u0142uszna \u00b7 Cecha szczeg\u00f3lna: wej\u015bcie optyczne \u00b7 Czu\u0142o\u015b\u0107: 107 dB Odst\u0119p mi\u0119dzy kana\u0142ami (min.): 30 dB \u00b7 Czas pracy przy \u015bredniej obj\u0119to\u015bci: 8 h \u00b7 Materia\u0142: tworzywo sztuczne; Stosunek sygna\u0142u do szumu (min.): 54 dB Zniekszta\u0142cenie (maks.): 2%Dane techniczne: Cechy s\u0142uchawek: regulacja g\u0142o\u015bno\u015bci \u00b7 Czas pracy akumulatora (maks.): 8 h \u00b7 Cz\u0119stotliwo\u015b\u0107 radiowa: 863 MHz \u00b7 Impedancja: 32 \u2126 \u00b7 Kolor producenta: czarny, srebrny \u00b7 Nat\u0119\u017cenie d\u017awi\u0119ku: 107 dB \u00b7 Obszar zastosowania: TV \u00b7 Rodzaj transmisji: bezprzewodowa \u00b7 Spos\u00f3b noszenia: Over Ear \u00b7 Sterowanie s\u0142uchawek: uniwersalne \u00b7 Zakres cz\u0119stotliwo\u015bci: 20 \u2013 20 000 Hz \u00b7 Zasi\u0119g maksymalny: 100 m \u00b7 \u0179r\u00f3d\u0142o zasilania: Zasilacz, zintegrowanyDostawa obejmuje: 1 bezprzewodowe s\u0142uchawki telewizyjne WHP3321BK, 1 zasilacz, 1 nadajnik ze stacj\u0105 \u0142aduj\u0105c\u0105, 1 kabel \u015bwiat\u0142owodowy, 1 kabel audio cinch stereo &#8211; jack 3,5 mm, Dwa akumulatory NiMH AAA, 1 instrukcja obs\u0142ugi<\/p>\n<h2>srebrny (WHP3321BK)&#8221; Thomson<\/h2>\n<p>test z opowie\u015bci z narnii lew czarownica i stara szafa, pomysl na prezent na roczek, jedzie poci\u0105g z daleka tekst, literki do pisania do druku, najpi\u0119kniejsze cytaty cytaty dla mamy, prezenty dla nastolatk\u00f3w, zagadki dla ma\u0142ych dzieci, pole dyniowe pozna\u0144, co oznacza nazwa jordan, zagadki wiosenne dla dzieci, pozytywne cytaty mama cytaty, quiz opowie\u015bci z narnii lew czarownica i stara szafa, test z opowie\u015bci z narnii<\/p>\n<p>yyyyy<\/p>\n<p>&nbsp;<\/p>\n","protected":false},"excerpt":{"rendered":"<p>Bezprzewodowe s\u0142uchawki telewizyjne WHP3321BK Wej\u015bcie optyczne nauszne ze stacj\u0105 \u0142aduj\u0105c\u0105Wyposa\u017cony w wej\u015bcie optyczne dla jeszcze lepszego d\u017awi\u0119kuRegulacja g\u0142o\u015bno\u015bci i przycisk zasilania z wy\u015bwietlaczem LED mo\u017cna wygodnie obs\u0142ugiwa\u0107 na s\u0142uchawkach\u00b7 Trzy kana\u0142y transmisji, aby unikn\u0105\u0107 zak\u0142\u00f3ce\u0144, dzi\u0119ki czemu inne urz\u0105dzenia radiowe w salonie nie mog\u0105 zak\u0142\u00f3ca\u0107 bezprzewodowego odtwarzania muzyki\u00b7 Najwy\u017csza stabilno\u015b\u0107 cz\u0119stotliwo\u015bci dzi\u0119ki systemowi PLL dla [&hellip;]<\/p>\n","protected":false},"featured_media":11592,"comment_status":"closed","ping_status":"open","template":"","meta":[],"product_cat":[1951,2043],"product_tag":[650,784,759,577],"class_list":["post-11591","product","type-product","status-publish","has-post-thumbnail","hentry","product_cat-sluchawki-komputerowe","product_cat-thomson","product_tag-choinka-z-bibuly","product_tag-hymn-gorniczy","product_tag-pomysly-na-prezent-dla-nastolatkow","product_tag-znaki-drogowe-test"],"_links":{"self":[{"href":"http:\/\/klubmamgdynia.pl\/index.php\/wp-json\/wp\/v2\/product\/11591","targetHints":{"allow":["GET"]}}],"collection":[{"href":"http:\/\/klubmamgdynia.pl\/index.php\/wp-json\/wp\/v2\/product"}],"about":[{"href":"http:\/\/klubmamgdynia.pl\/index.php\/wp-json\/wp\/v2\/types\/product"}],"replies":[{"embeddable":true,"href":"http:\/\/klubmamgdynia.pl\/index.php\/wp-json\/wp\/v2\/comments?post=11591"}],"wp:featuredmedia":[{"embeddable":true,"href":"http:\/\/klubmamgdynia.pl\/index.php\/wp-json\/wp\/v2\/media\/11592"}],"wp:attachment":[{"href":"http:\/\/klubmamgdynia.pl\/index.php\/wp-json\/wp\/v2\/media?parent=11591"}],"wp:term":[{"taxonomy":"product_cat","embeddable":true,"href":"http:\/\/klubmamgdynia.pl\/index.php\/wp-json\/wp\/v2\/product_cat?post=11591"},{"taxonomy":"product_tag","embeddable":true,"href":"http:\/\/klubmamgdynia.pl\/index.php\/wp-json\/wp\/v2\/product_tag?post=11591"}],"curies":[{"name":"wp","href":"https:\/\/api.w.org\/{rel}","templated":true}]}}