{"id":11593,"date":"2011-08-19T21:52:20","date_gmt":"2011-08-19T19:52:20","guid":{"rendered":"http:\/\/klubmamgdynia.pl\/index.php\/produkt\/polka-wiszaca-pok-120x22x60cm-grafit-buk-ibsen-szary-jasny-mat\/"},"modified":"2026-04-22T14:23:31","modified_gmt":"2026-04-22T12:23:31","slug":"polka-wiszaca-pok-120x22x60cm-grafit-buk-ibsen-szary-jasny-mat","status":"publish","type":"product","link":"http:\/\/klubmamgdynia.pl\/index.php\/produkt\/polka-wiszaca-pok-120x22x60cm-grafit-buk-ibsen-szary-jasny-mat\/","title":{"rendered":"P\u00f3\u0142ka Wisz\u0105ca Pok 120X22X60Cm Grafit Buk Ibsen Szary Jasny Mat"},"content":{"rendered":"<p>P\u00f3\u0142ka wisz\u0105ca, Pok, 120x22x60 cm, grafit, buk ibsen, szary jasny, mat. Oryginalna i asymetryczna p\u00f3\u0142ka wisz\u0105ca zapewnia dodatkowe miejsce do przechowywania ksi\u0105\u017cek. Mebel pozwalawykorzysta\u0107 \u015bciany do przechowywania iergonomicznie zarz\u0105dza\u0107 domow\u0105 przestrzeni\u0105.Najwa\u017cniejsze cechy p\u00f3\u0142ki wisz\u0105cej:Nowoczesna konstrukcjaWysoka jako\u015b\u0107 wykonaniaInnowacyjne rozwi\u0105zanie kolorystyczneBardzo funkcjonalnaAsymetryczny kszta\u0142tIdealne uzupe\u0142nienie pokoju dzieckaInstrukcja monta\u017cu w przesy\u0142ceMeble produkowane w PolsceSolidne wykonanie, trwa\u0142o\u015b\u0107 na lataP\u00f3\u0142ka pochodzi z kolekcji PokKorpus i fronty &#8211; p\u0142yta laminowana, dzi\u0119ki kt\u00f3rej mebel ma mocn\u0105 i solidn\u0105 konstrukcj\u0119Obrze\u017ca &#8211; wyko\u0144czone wysokiej jako\u015bci tworzywem ABS o du\u017cej wytrzyma\u0142o\u015bci mechanicznej i chemicznejWymiary:Szeroko\u015b\u0107: 120 cmWysoko\u015b\u0107: 60 cmG\u0142\u0119boko\u015b\u0107: 22 cmGrubo\u015b\u0107 p\u0142yty: 16 mmDopuszczalne obci\u0105\u017cenie p\u00f3\u0142ki: 5 kgDodatkowe informacje:Meble nale\u017cy czy\u015bci\u0107 za pomoc\u0105 delikatnej \u015bciereczki. Nie stosuj silnych \u015brodk\u00f3w myj\u0105cychMeble do samodzielnego monta\u017cu. W opakowaniu instrukcja monta\u017cu oraz wszystkie niezb\u0119dne elementy<\/p>\n<h2>P\u00f3\u0142ka Wisz\u0105ca Pok 120X22X60Cm Grafit Buk Ibsen Szary Jasny Mat <\/h2>\n<p>laurka kolorowanki na dzie\u0144 mamy, atrakcje dla dzieci wroc\u0142aw, co dla rocznego dziecka, kolorowanka pokemon, kolorowanki wakacyjne, zagadki rymowane, kolorowanka minecraft, quiz flagi \u015bwiata, milena, zabawki na roczek dla ch\u0142opca, zabawka na roczek, zabawy z 7 latkiem, quizy dla dzieci 10 lat, alan imie, dziecko cytaty, bajka o smoku wawelskim, paj\u0105czek na rowerze test, miko\u0142ajek test z lektury, quizy dla dzieci 10 lat<\/p>\n<p>yyyyy<\/p>\n<p>&nbsp;<\/p>\n","protected":false},"excerpt":{"rendered":"<p>P\u00f3\u0142ka wisz\u0105ca, Pok, 120x22x60 cm, grafit, buk ibsen, szary jasny, mat. Oryginalna i asymetryczna p\u00f3\u0142ka wisz\u0105ca zapewnia dodatkowe miejsce do przechowywania ksi\u0105\u017cek. Mebel pozwalawykorzysta\u0107 \u015bciany do przechowywania iergonomicznie zarz\u0105dza\u0107 domow\u0105 przestrzeni\u0105.Najwa\u017cniejsze cechy p\u00f3\u0142ki wisz\u0105cej:Nowoczesna konstrukcjaWysoka jako\u015b\u0107 wykonaniaInnowacyjne rozwi\u0105zanie kolorystyczneBardzo funkcjonalnaAsymetryczny kszta\u0142tIdealne uzupe\u0142nienie pokoju dzieckaInstrukcja monta\u017cu w przesy\u0142ceMeble produkowane w PolsceSolidne wykonanie, trwa\u0142o\u015b\u0107 na lataP\u00f3\u0142ka pochodzi [&hellip;]<\/p>\n","protected":false},"featured_media":11594,"comment_status":"closed","ping_status":"open","template":"","meta":[],"product_cat":[978],"product_tag":[808,612,745,695],"class_list":["post-11593","product","type-product","status-publish","has-post-thumbnail","hentry","product_cat-regaly-i-polki-dzieciece","product_tag-imie-mia","product_tag-kolorowanki-do-druku","product_tag-prezent-dla-15-latki","product_tag-rzadkie-imiona-zenskie"],"_links":{"self":[{"href":"http:\/\/klubmamgdynia.pl\/index.php\/wp-json\/wp\/v2\/product\/11593","targetHints":{"allow":["GET"]}}],"collection":[{"href":"http:\/\/klubmamgdynia.pl\/index.php\/wp-json\/wp\/v2\/product"}],"about":[{"href":"http:\/\/klubmamgdynia.pl\/index.php\/wp-json\/wp\/v2\/types\/product"}],"replies":[{"embeddable":true,"href":"http:\/\/klubmamgdynia.pl\/index.php\/wp-json\/wp\/v2\/comments?post=11593"}],"wp:featuredmedia":[{"embeddable":true,"href":"http:\/\/klubmamgdynia.pl\/index.php\/wp-json\/wp\/v2\/media\/11594"}],"wp:attachment":[{"href":"http:\/\/klubmamgdynia.pl\/index.php\/wp-json\/wp\/v2\/media?parent=11593"}],"wp:term":[{"taxonomy":"product_cat","embeddable":true,"href":"http:\/\/klubmamgdynia.pl\/index.php\/wp-json\/wp\/v2\/product_cat?post=11593"},{"taxonomy":"product_tag","embeddable":true,"href":"http:\/\/klubmamgdynia.pl\/index.php\/wp-json\/wp\/v2\/product_tag?post=11593"}],"curies":[{"name":"wp","href":"https:\/\/api.w.org\/{rel}","templated":true}]}}