{"id":11597,"date":"2021-08-07T01:00:10","date_gmt":"2021-08-06T23:00:10","guid":{"rendered":"http:\/\/klubmamgdynia.pl\/index.php\/produkt\/mega-creative-zestaw-kreda-chodnikowa-i-akcesoria\/"},"modified":"2026-05-17T22:37:55","modified_gmt":"2026-05-17T20:37:55","slug":"mega-creative-zestaw-kreda-chodnikowa-i-akcesoria","status":"publish","type":"product","link":"http:\/\/klubmamgdynia.pl\/index.php\/produkt\/mega-creative-zestaw-kreda-chodnikowa-i-akcesoria\/","title":{"rendered":"Mega Creative Zestaw Kreda Chodnikowa I Akcesoria"},"content":{"rendered":"<p>Zestaw kred chodnikowym rozwija wyobra\u017anie dziecka oraz gwarantuje \u015bwietn\u0105 zabaw\u0119 na \u015bwie\u017cym powietrzu. Namaluj co tylko zechcesz bez w\u0105tpienia obudzi w dziecku kreatywno\u015b\u0107. Zestaw idealny do domu szko\u0142y oraz przedszkola.<\/p>\n<h2>Mega Creative Zestaw Kreda Chodnikowa I Akcesoria Mega Creative<\/h2>\n<p>kalina imi\u0119, zagadki dla dzieci 7-8 lat, konkurencje sportowe dla dzieci, zabawy dla 5 6 latk\u00f3w, imiona postaci z bajek, zagadki dla dzieci 7 lat, wierszyki na \u015bmigus dyngus, podchwytliwe zagadki matematyczne, maska misia do druku<\/p>\n<p>yyyyy<\/p>\n<p>&nbsp;<\/p>\n","protected":false},"excerpt":{"rendered":"<p>Zestaw kred chodnikowym rozwija wyobra\u017anie dziecka oraz gwarantuje \u015bwietn\u0105 zabaw\u0119 na \u015bwie\u017cym powietrzu. Namaluj co tylko zechcesz bez w\u0105tpienia obudzi w dziecku kreatywno\u015b\u0107. Zestaw idealny do domu szko\u0142y oraz przedszkola. Mega Creative Zestaw Kreda Chodnikowa I Akcesoria Mega Creative kalina imi\u0119, zagadki dla dzieci 7-8 lat, konkurencje sportowe dla dzieci, zabawy dla 5 6 latk\u00f3w, [&hellip;]<\/p>\n","protected":false},"featured_media":11598,"comment_status":"closed","ping_status":"open","template":"","meta":[],"product_cat":[64,297],"product_tag":[787,678,629,811],"class_list":["post-11597","product","type-product","status-publish","has-post-thumbnail","hentry","product_cat-mega-creative","product_cat-szkolne-artykuly-plastyczne","product_tag-nauka-pisania-wyrazow-dla-dzieci-do-druku-pdf","product_tag-prezent-na-roczek-dla-dziewczynki","product_tag-smieszne-zagadki-z-odpowiedziami","product_tag-zagadki-logiczne-dla-dzieci"],"_links":{"self":[{"href":"http:\/\/klubmamgdynia.pl\/index.php\/wp-json\/wp\/v2\/product\/11597","targetHints":{"allow":["GET"]}}],"collection":[{"href":"http:\/\/klubmamgdynia.pl\/index.php\/wp-json\/wp\/v2\/product"}],"about":[{"href":"http:\/\/klubmamgdynia.pl\/index.php\/wp-json\/wp\/v2\/types\/product"}],"replies":[{"embeddable":true,"href":"http:\/\/klubmamgdynia.pl\/index.php\/wp-json\/wp\/v2\/comments?post=11597"}],"wp:featuredmedia":[{"embeddable":true,"href":"http:\/\/klubmamgdynia.pl\/index.php\/wp-json\/wp\/v2\/media\/11598"}],"wp:attachment":[{"href":"http:\/\/klubmamgdynia.pl\/index.php\/wp-json\/wp\/v2\/media?parent=11597"}],"wp:term":[{"taxonomy":"product_cat","embeddable":true,"href":"http:\/\/klubmamgdynia.pl\/index.php\/wp-json\/wp\/v2\/product_cat?post=11597"},{"taxonomy":"product_tag","embeddable":true,"href":"http:\/\/klubmamgdynia.pl\/index.php\/wp-json\/wp\/v2\/product_tag?post=11597"}],"curies":[{"name":"wp","href":"https:\/\/api.w.org\/{rel}","templated":true}]}}