{"id":116,"date":"2012-04-08T04:03:40","date_gmt":"2012-04-08T02:03:40","guid":{"rendered":"http:\/\/klubmamgdynia.pl\/?post_type=product&#038;p=116"},"modified":"2026-04-03T19:44:08","modified_gmt":"2026-04-03T17:44:08","slug":"madej-dinozaur-do-skrecania-z-wiertarka-6343-zabawka","status":"publish","type":"product","link":"http:\/\/klubmamgdynia.pl\/index.php\/produkt\/madej-dinozaur-do-skrecania-z-wiertarka-6343-zabawka\/","title":{"rendered":"Madej Dinozaur Do Skr\u0119cania Z Wiertark\u0105 6343 &#8211; Zabawka"},"content":{"rendered":"<p>Dinozaur do skr\u0119cania z wiertark\u0105Zabawka przeznaczona dla dzieci powy\u017cej 3-ego roku \u017cycia.<\/p>\n<h2>Madej Dinozaur Do Skr\u0119cania Z Wiertark\u0105 6343 &#8211; Zabawka Madej<\/h2>\n<p>\u0142amig\u0142\u00f3wki s\u0142owne, oliwier znaczenie imienia, serce origami, rzadkie imiona \u017ce\u0144skie, cytaty o wychowaniu i nauczaniu, bajka o smoku wawelskim, opis o dziecku, afryka\u0144skie imiona, domki nad morzem z atrakcjami dla dzieci, zadania dla dzieci z ukrainy<\/p>\n<p>yyyyy<\/p>\n<p>&nbsp;<\/p>\n","protected":false},"excerpt":{"rendered":"<p>Dinozaur do skr\u0119cania z wiertark\u0105Zabawka przeznaczona dla dzieci powy\u017cej 3-ego roku \u017cycia. Madej Dinozaur Do Skr\u0119cania Z Wiertark\u0105 6343 &#8211; Zabawka Madej \u0142amig\u0142\u00f3wki s\u0142owne, oliwier znaczenie imienia, serce origami, rzadkie imiona \u017ce\u0144skie, cytaty o wychowaniu i nauczaniu, bajka o smoku wawelskim, opis o dziecku, afryka\u0144skie imiona, domki nad morzem z atrakcjami dla dzieci, zadania dla [&hellip;]<\/p>\n","protected":false},"featured_media":117,"comment_status":"closed","ping_status":"open","template":"","meta":[],"product_cat":[53,70],"product_tag":[801,797,614,692,659],"class_list":["post-116","product","type-product","status-publish","has-post-thumbnail","hentry","product_cat-kaciki-zabaw","product_cat-madej","product_tag-bajki-terapeutyczne-o-emocjach","product_tag-kiekrz","product_tag-pia","product_tag-prezenty-na-roczek","product_tag-tupu-tup-po-sniegu-tekst"],"_links":{"self":[{"href":"http:\/\/klubmamgdynia.pl\/index.php\/wp-json\/wp\/v2\/product\/116","targetHints":{"allow":["GET"]}}],"collection":[{"href":"http:\/\/klubmamgdynia.pl\/index.php\/wp-json\/wp\/v2\/product"}],"about":[{"href":"http:\/\/klubmamgdynia.pl\/index.php\/wp-json\/wp\/v2\/types\/product"}],"replies":[{"embeddable":true,"href":"http:\/\/klubmamgdynia.pl\/index.php\/wp-json\/wp\/v2\/comments?post=116"}],"wp:featuredmedia":[{"embeddable":true,"href":"http:\/\/klubmamgdynia.pl\/index.php\/wp-json\/wp\/v2\/media\/117"}],"wp:attachment":[{"href":"http:\/\/klubmamgdynia.pl\/index.php\/wp-json\/wp\/v2\/media?parent=116"}],"wp:term":[{"taxonomy":"product_cat","embeddable":true,"href":"http:\/\/klubmamgdynia.pl\/index.php\/wp-json\/wp\/v2\/product_cat?post=116"},{"taxonomy":"product_tag","embeddable":true,"href":"http:\/\/klubmamgdynia.pl\/index.php\/wp-json\/wp\/v2\/product_tag?post=116"}],"curies":[{"name":"wp","href":"https:\/\/api.w.org\/{rel}","templated":true}]}}