{"id":11601,"date":"2019-10-23T14:07:44","date_gmt":"2019-10-23T12:07:44","guid":{"rendered":"http:\/\/klubmamgdynia.pl\/index.php\/produkt\/dekornik-polka-ze-sklejki-kamieniczki\/"},"modified":"2026-04-04T06:51:34","modified_gmt":"2026-04-04T04:51:34","slug":"dekornik-polka-ze-sklejki-kamieniczki","status":"publish","type":"product","link":"http:\/\/klubmamgdynia.pl\/index.php\/produkt\/dekornik-polka-ze-sklejki-kamieniczki\/","title":{"rendered":"Dekornik P\u00f3\u0142ka Ze Sklejki Kamieniczki"},"content":{"rendered":"<p>P\u00f3\u0142ka dla dziecka Dekornik sprawdzi si\u0119 przy \u0142\u00f3\u017ceczkach, przy biurkach czy nawet w przedpokoju. Minip\u00f3\u0142ka Dino ma zar\u00f3wno p\u00f3\u0142eczk\u0119 poziom\u0105, jak i trzy ko\u0142ki, na kt\u00f3rych mo\u017cna zawiesi\u0107 np. worek z kapciami albo bi\u017cuteri\u0119 ma\u0142ej ksi\u0119\u017cniczki. Pozioma p\u00f3\u0142ka dzieci\u0119ca ma za\u015b g\u0142\u0119boko\u015b\u0107 6 cm, wi\u0119c \u015bwietnie sprawdzi si\u0119 jako przydatna p\u00f3\u0142ka na drobiazgi. Minip\u00f3\u0142ki ze sklejki Dekornik maj\u0105 wymiary ok. 32 cm szeroko\u015bci, dlatego nie zajm\u0105 du\u017co miejsca, a pomog\u0105 w porz\u0105dkowaniu codziennych rzeczy oraz dekorowaniu pokoju dziecka. Kolorowy front (w tym przypadku rz\u0105d domk\u00f3w) to po prostu naklejka, naklejona na powierzchni\u0119 sklejki.Informacje techniczne:: montowana jest na wkr\u0119ty, kt\u00f3re umieszczamy w otworach zas\u0142oni\u0119tych nast\u0119pnie przez poziome p\u00f3\u0142eczki wkr\u0119ty s\u0105 niewidoczne po skr\u0119ceniu ca\u0142ej p\u00f3\u0142ki d\u0142ugo\u015b\u0107 ko\u0142k\u00f3w do zawieszenia np. woreczka na buty: 4 cm g\u0142\u0119boko\u015b\u0107 p\u00f3\u0142eczki poziomej: 6 cm monta\u017c ca\u0142ej p\u00f3\u0142ki nie wymaga \u017cadnych dodatkowych przyrz\u0105d\u00f3w: nie potrzeba tu \u015brubokr\u0119t\u00f3w, wkr\u0119t\u00f3w, m\u0142otk\u00f3w Co zawiera minip\u00f3\u0142eczka Dekornik? p\u00f3\u0142k\u0119 ze sklejki do samodzielnego monta\u017cu z naklejon\u0105 naklejk\u0105 na froncie poziom\u0105 p\u00f3\u0142eczk\u0119, kt\u00f3r\u0105 wystarczy wsun\u0105\u0107 w wyci\u0119te do tego poziome otwory \u2013 linie 3 ko\u0142eczki do umiejscowienia w wyci\u0119tych otworach dwa ko\u0142ki do zamontowania p\u00f3\u0142ki przejrzyst\u0105 instrukcj\u0119 monta\u017cu Charakterystyka produktu Wymiary: ok. 32&#215;32 cm, grubo\u015b\u0107: 1 cm Waga: 1 kg Wz\u00f3r: kamieniczki Materia\u0142: sklejka jasna, bez s\u0119k\u00f3w<\/p>\n<h2>Dekornik P\u00f3\u0142ka Ze Sklejki Kamieniczki <\/h2>\n<p>kolorowanka pieski, najrzadsze imiona dla dziewczynek, gry dla m\u0142odzie\u017cy, marcel imi\u0119, kornelia, krzy\u017c\u00f3wki dla dzieci do druku, czapka g\u00f3rnika szablon chomikuj, zagadki na dzie\u0144 przedszkolaka, kolorowanki kotki, imi\u0119 nela, wakacje kolorowanka, kr\u00f3tkie cytaty o mamie, bajki o ksi\u0119\u017cniczkach do czytania<\/p>\n<p>yyyyy<\/p>\n<p>&nbsp;<\/p>\n","protected":false},"excerpt":{"rendered":"<p>P\u00f3\u0142ka dla dziecka Dekornik sprawdzi si\u0119 przy \u0142\u00f3\u017ceczkach, przy biurkach czy nawet w przedpokoju. Minip\u00f3\u0142ka Dino ma zar\u00f3wno p\u00f3\u0142eczk\u0119 poziom\u0105, jak i trzy ko\u0142ki, na kt\u00f3rych mo\u017cna zawiesi\u0107 np. worek z kapciami albo bi\u017cuteri\u0119 ma\u0142ej ksi\u0119\u017cniczki. Pozioma p\u00f3\u0142ka dzieci\u0119ca ma za\u015b g\u0142\u0119boko\u015b\u0107 6 cm, wi\u0119c \u015bwietnie sprawdzi si\u0119 jako przydatna p\u00f3\u0142ka na drobiazgi. Minip\u00f3\u0142ki ze [&hellip;]<\/p>\n","protected":false},"featured_media":11602,"comment_status":"closed","ping_status":"open","template":"","meta":[],"product_cat":[978],"product_tag":[763,780,795,842,751],"class_list":["post-11601","product","type-product","status-publish","has-post-thumbnail","hentry","product_cat-regaly-i-polki-dzieciece","product_tag-fabian","product_tag-krecik-bajka","product_tag-mini-zoo-warszawa","product_tag-plac-zabaw-poznan","product_tag-psi-patrol-kolorowanka"],"_links":{"self":[{"href":"http:\/\/klubmamgdynia.pl\/index.php\/wp-json\/wp\/v2\/product\/11601","targetHints":{"allow":["GET"]}}],"collection":[{"href":"http:\/\/klubmamgdynia.pl\/index.php\/wp-json\/wp\/v2\/product"}],"about":[{"href":"http:\/\/klubmamgdynia.pl\/index.php\/wp-json\/wp\/v2\/types\/product"}],"replies":[{"embeddable":true,"href":"http:\/\/klubmamgdynia.pl\/index.php\/wp-json\/wp\/v2\/comments?post=11601"}],"wp:featuredmedia":[{"embeddable":true,"href":"http:\/\/klubmamgdynia.pl\/index.php\/wp-json\/wp\/v2\/media\/11602"}],"wp:attachment":[{"href":"http:\/\/klubmamgdynia.pl\/index.php\/wp-json\/wp\/v2\/media?parent=11601"}],"wp:term":[{"taxonomy":"product_cat","embeddable":true,"href":"http:\/\/klubmamgdynia.pl\/index.php\/wp-json\/wp\/v2\/product_cat?post=11601"},{"taxonomy":"product_tag","embeddable":true,"href":"http:\/\/klubmamgdynia.pl\/index.php\/wp-json\/wp\/v2\/product_tag?post=11601"}],"curies":[{"name":"wp","href":"https:\/\/api.w.org\/{rel}","templated":true}]}}