{"id":11603,"date":"2016-06-07T14:05:00","date_gmt":"2016-06-07T12:05:00","guid":{"rendered":"http:\/\/klubmamgdynia.pl\/index.php\/produkt\/amd-ryzen-7-5800x-38ghz-box-100-100000063wof\/"},"modified":"2026-05-17T22:37:48","modified_gmt":"2026-05-17T20:37:48","slug":"amd-ryzen-7-5800x-38ghz-box-100-100000063wof","status":"publish","type":"product","link":"http:\/\/klubmamgdynia.pl\/index.php\/produkt\/amd-ryzen-7-5800x-38ghz-box-100-100000063wof\/","title":{"rendered":"AMD Ryzen 7 5800X 3,8GHz BOX (100-100000063WOF)"},"content":{"rendered":"<p>Procesor AMD Ryzen 7 5800XJednostka AMD Ryzen 7 5800X posiada 8 rdzeni i 16 w\u0105tk\u00f3w, gotowych do pracy przy maksymalnym obci\u0105\u017ceniu w grach i specjalistycznych aplikacjach. Pami\u0119\u0107 cache tego procesora liczy \u0142\u0105cznie 36 MB, a bazowe taktowanie rdzeni otwiera cz\u0119stotliwo\u015b\u0107 3,80 GHz, mog\u0105ca si\u0119ga\u0107 a\u017c do 4,70 GHz w trybie Turbo. Moc jednostki mo\u017ce jednak wzrosn\u0105\u0107 dzi\u0119ki odblokowanej mo\u017cliwo\u015bci podkr\u0119cania. Czas na ogromn\u0105 moc wspart\u0105 przez nowatorsk\u0105 architektur\u0119 Zen 3.                            <\/p>\n<p>Poznaj moc procesora AMD Ryzen 7 5800XKiedy licz\u0105 si\u0119 FPS-y nie ma czasu na p\u00f3\u0142\u015brodki, dlatego specjalnie dla Ciebie przetestowali\u015bmy AMD Ryzen 7 5800X na platformie testowej z uk\u0142adem GeForce RTX 3090. Przekonaj si\u0119, ile FPS \u015brednio wyci\u0105ga w grach ten CPU (rozdzielczo\u015b\u0107 Full HD, ustawienia detali Ultra) oraz jaki wynik osi\u0105gn\u0105\u0142 w benchmarku CineBench R20 MC, te\u015bcie kompresji 7-Zip i renderingu Corona.                            <\/p>\n<p>Ulepszony proces technologiczny 7 nmRyzen 7 5800X osi\u0105ga wy\u017csz\u0105 stabilno\u015b\u0107 pracy oraz lepsz\u0105 sprawno\u015b\u0107 energetyczn\u0105. Zosta\u0142 wykonany w litografii 7 nm w ulepszonym procesie produkcyjnym, co pozwoli\u0142o zwi\u0119kszy\u0107 mo\u017cliwo\u015bci CPU przy zachowaniu niskiego poboru energii. Procesor Ryzen 7 5800X posiada TDP na poziomie 105W.                            <\/p>\n<p>Nowatorska architektura AMD Zen 3Procesor Ryzen 7 5800X zbudowano w nowej architekturze Zen 3, opartej o ulepszony proces produkcyjny 7 nm. Pozwoli\u0142o to znacz\u0105co poprawi\u0107 stosunek wydajno\u015bci do poboru energii, tym samym pozwalaj\u0105c stworzy\u0107 bardziej energooszcz\u0119dn\u0105 konfiguracj\u0105 przy zachowaniu wysokich osi\u0105g\u00f3w. R\u00f3wnie\u017c wykorzystanie wsp\u00f3lnej pami\u0119ci poziomu L3 dla wszystkich rdzeni umo\u017cliwi\u0142o komunikacj\u0119 pomi\u0119dzy nimi bez \u017cadnych op\u00f3\u017anie\u0144.<\/p>\n<h2>AMD Ryzen 7 5800X 3,8GHz BOX (100-100000063WOF) AMD<\/h2>\n<p>imiona \u017ce\u0144skie nietypowe, sentencja dla dziecka, trudne zagadki matematyczne, krotkie zagadki, kotki dwa tekst, oskar imie, Keyword, cicha noc po angielsku, \u015bmieszne kanapki kanapki dla dzieci, zagadki o zwierz\u0119tach dla dzieci, zagadki dla przedszkolak\u00f3w, pola imi\u0119, darmowe kolorowanki do druku, ahmed, maski do druku kolorowe, imi\u0119 nadia, pia imi\u0119<\/p>\n<p>yyyyy<\/p>\n<p>&nbsp;<\/p>\n","protected":false},"excerpt":{"rendered":"<p>Procesor AMD Ryzen 7 5800XJednostka AMD Ryzen 7 5800X posiada 8 rdzeni i 16 w\u0105tk\u00f3w, gotowych do pracy przy maksymalnym obci\u0105\u017ceniu w grach i specjalistycznych aplikacjach. Pami\u0119\u0107 cache tego procesora liczy \u0142\u0105cznie 36 MB, a bazowe taktowanie rdzeni otwiera cz\u0119stotliwo\u015b\u0107 3,80 GHz, mog\u0105ca si\u0119ga\u0107 a\u017c do 4,70 GHz w trybie Turbo. Moc jednostki mo\u017ce jednak [&hellip;]<\/p>\n","protected":false},"featured_media":11604,"comment_status":"closed","ping_status":"open","template":"","meta":[],"product_cat":[2044,2045],"product_tag":[837,586,760,601],"class_list":["post-11603","product","type-product","status-publish","has-post-thumbnail","hentry","product_cat-amd","product_cat-procesory","product_tag-cicha-noc-po-angielsku","product_tag-smieszne-zagadki","product_tag-zagadka-matematyczna","product_tag-zagadki-co-to-jest"],"_links":{"self":[{"href":"http:\/\/klubmamgdynia.pl\/index.php\/wp-json\/wp\/v2\/product\/11603","targetHints":{"allow":["GET"]}}],"collection":[{"href":"http:\/\/klubmamgdynia.pl\/index.php\/wp-json\/wp\/v2\/product"}],"about":[{"href":"http:\/\/klubmamgdynia.pl\/index.php\/wp-json\/wp\/v2\/types\/product"}],"replies":[{"embeddable":true,"href":"http:\/\/klubmamgdynia.pl\/index.php\/wp-json\/wp\/v2\/comments?post=11603"}],"wp:featuredmedia":[{"embeddable":true,"href":"http:\/\/klubmamgdynia.pl\/index.php\/wp-json\/wp\/v2\/media\/11604"}],"wp:attachment":[{"href":"http:\/\/klubmamgdynia.pl\/index.php\/wp-json\/wp\/v2\/media?parent=11603"}],"wp:term":[{"taxonomy":"product_cat","embeddable":true,"href":"http:\/\/klubmamgdynia.pl\/index.php\/wp-json\/wp\/v2\/product_cat?post=11603"},{"taxonomy":"product_tag","embeddable":true,"href":"http:\/\/klubmamgdynia.pl\/index.php\/wp-json\/wp\/v2\/product_tag?post=11603"}],"curies":[{"name":"wp","href":"https:\/\/api.w.org\/{rel}","templated":true}]}}