{"id":11605,"date":"2022-06-14T12:56:23","date_gmt":"2022-06-14T10:56:23","guid":{"rendered":"http:\/\/klubmamgdynia.pl\/index.php\/produkt\/milly-mally-kon-lucky-12-unicorn\/"},"modified":"2026-04-05T21:35:24","modified_gmt":"2026-04-05T19:35:24","slug":"milly-mally-kon-lucky-12-unicorn","status":"publish","type":"product","link":"http:\/\/klubmamgdynia.pl\/index.php\/produkt\/milly-mally-kon-lucky-12-unicorn\/","title":{"rendered":"Milly Mally Ko\u0144 Lucky 12 Unicorn"},"content":{"rendered":"<p>OPIS PRODUKTU:Klasyczny konik na biegunach -Lucky, zaprojektowany zosta\u0142 z my\u015bl\u0105 o najm\u0142odszych u\u017cytkownikach. Dodatkowe, odpinane barierki przy siedzisku zapewni\u0105 komfort i poczucie bezpiecze\u0144stwa podczas beztroskiego bujania maluszka.Drewniany konik posiada r\u0105czki przy g\u0142owie, oraz dodatkowy podn\u00f3\u017cek dla najm\u0142odszych, kt\u00f3ry pomo\u017ce zachowa\u0107 r\u00f3wnowag\u0119 podczas zabawy.Maluszek bawi\u0105c si\u0119 musi skoordynowa\u0107 ruchy z konikiem co stymuluje jego koordynacj\u0119 ruchow\u0105 i rozwija wyobra\u017ani\u0119 oraz poprawia poczucie r\u00f3wnowagi.Lucky szybko zostanie pierwszym towarzyszem zabaw i przyjacielem Twojej pociechy.CHARAKTERYSTYKA PRODUKTU:Stabilny i bezpiecznySolidne wykonanieUchwyty do trzymania r\u0105czekPodn\u00f3\u017cek pod stopyBarierki ochronne (mo\u017cliwo\u015b\u0107 demonta\u017cu dla starszego dziecka)Profilowane biegunyNajwy\u017cszej jako\u015bci p\u0142yta MDF + drewnoCertyfikat CE, EN 71Ekologiczna farbaMaksymalna waga u\u017cytkownika: 25 kgDla dzieci powy\u017cej 1 roku \u017cyciaDANE TECHNICZNE:Wysoko\u015b\u0107: 48 cmD\u0142ugo\u015b\u0107 p\u0142ozy: 70 cmSzeroko\u015b\u0107: 35 cmWysoko\u015b\u0107 siedziska od pod\u0142o\u017ca: 25 cmWymiary siedziska: szeroko\u015b\u0107 (10-19 cm ), d\u0142ugo\u015b\u0107 28 cmWymiary oparcia: 25&#215;30 cmWaga: 3 kgWYMIARYOPAKOWANIA:Wysoko\u015b\u0107: 16,6 cmSzeroko\u015b\u0107: 27,7 cmD\u0142ugo\u015b\u0107: 62 cmWaga z opakowaniem 3,4 kg<\/p>\n<h2>Milly Mally Ko\u0144 Lucky 12 Unicorn Milly Mally<\/h2>\n<p>proste origami dla dzieci, kaczuszka, zabawy ruchowe dla dzieci w przedszkolu, audiobooki dla dzieci za darmo, 45 pa\u0144stw europy i ich stolice quiz, atrakcje dla dzieci we wroc\u0142awiu, maska kota, zak\u0142adka do ksi\u0105\u017cki szablon, prezent dla m\u0142odzie\u017cy, zabawka dla rocznej dziewczynki, kolorowanki do druku dla ch\u0142opc\u00f3w, nauka pisania literek do wydruku pdf, zagadki dla 8 latka, gry dla nastolatk\u00f3w, wzory dyplom\u00f3w dyplomy do druku, jak narysowa\u0107 nos<\/p>\n<p>yyyyy<\/p>\n<p>&nbsp;<\/p>\n","protected":false},"excerpt":{"rendered":"<p>OPIS PRODUKTU:Klasyczny konik na biegunach -Lucky, zaprojektowany zosta\u0142 z my\u015bl\u0105 o najm\u0142odszych u\u017cytkownikach. Dodatkowe, odpinane barierki przy siedzisku zapewni\u0105 komfort i poczucie bezpiecze\u0144stwa podczas beztroskiego bujania maluszka.Drewniany konik posiada r\u0105czki przy g\u0142owie, oraz dodatkowy podn\u00f3\u017cek dla najm\u0142odszych, kt\u00f3ry pomo\u017ce zachowa\u0107 r\u00f3wnowag\u0119 podczas zabawy.Maluszek bawi\u0105c si\u0119 musi skoordynowa\u0107 ruchy z konikiem co stymuluje jego koordynacj\u0119 ruchow\u0105 [&hellip;]<\/p>\n","protected":false},"featured_media":11606,"comment_status":"closed","ping_status":"open","template":"","meta":[],"product_cat":[1539,1323],"product_tag":[817,864,583,677],"class_list":["post-11605","product","type-product","status-publish","has-post-thumbnail","hentry","product_cat-bujaki-i-zabawki-na-biegunach","product_cat-milly-mally","product_tag-bajka-terapeutyczna-o-emocjach","product_tag-basen-warszawa","product_tag-kolysanki-dla-dzieci-tekst","product_tag-milosz-imie"],"_links":{"self":[{"href":"http:\/\/klubmamgdynia.pl\/index.php\/wp-json\/wp\/v2\/product\/11605","targetHints":{"allow":["GET"]}}],"collection":[{"href":"http:\/\/klubmamgdynia.pl\/index.php\/wp-json\/wp\/v2\/product"}],"about":[{"href":"http:\/\/klubmamgdynia.pl\/index.php\/wp-json\/wp\/v2\/types\/product"}],"replies":[{"embeddable":true,"href":"http:\/\/klubmamgdynia.pl\/index.php\/wp-json\/wp\/v2\/comments?post=11605"}],"wp:featuredmedia":[{"embeddable":true,"href":"http:\/\/klubmamgdynia.pl\/index.php\/wp-json\/wp\/v2\/media\/11606"}],"wp:attachment":[{"href":"http:\/\/klubmamgdynia.pl\/index.php\/wp-json\/wp\/v2\/media?parent=11605"}],"wp:term":[{"taxonomy":"product_cat","embeddable":true,"href":"http:\/\/klubmamgdynia.pl\/index.php\/wp-json\/wp\/v2\/product_cat?post=11605"},{"taxonomy":"product_tag","embeddable":true,"href":"http:\/\/klubmamgdynia.pl\/index.php\/wp-json\/wp\/v2\/product_tag?post=11605"}],"curies":[{"name":"wp","href":"https:\/\/api.w.org\/{rel}","templated":true}]}}