{"id":11607,"date":"2024-10-13T08:49:47","date_gmt":"2024-10-13T06:49:47","guid":{"rendered":"http:\/\/klubmamgdynia.pl\/?post_type=product&#038;p=11607"},"modified":"2026-04-04T22:20:21","modified_gmt":"2026-04-04T20:20:21","slug":"peppa-pig-talerz-antyposlizgowy","status":"publish","type":"product","link":"http:\/\/klubmamgdynia.pl\/index.php\/produkt\/peppa-pig-talerz-antyposlizgowy\/","title":{"rendered":"Peppa Pig Talerz Antypo\u015blizgowy"},"content":{"rendered":"<p>Talerz wyposa\u017cony w antypo\u015blizgow\u0105 warstw\u0119 dzi\u0119ki kt\u00f3rej \u0142atwej b\u0119dzie spo\u017cywa\u0107 posi\u0142ki maluchom. Posiada r\u00f3wnie\u017c wyrazist\u0105 grafik\u0119 nawi\u0105zuj\u0105c\u0105 do ulubionej serii.EAN: 8412497134939<\/p>\n<h2>Peppa Pig Talerz Antypo\u015blizgowy Peppa Pig<\/h2>\n<p>zagadki sprawdzaj\u0105ce inteligencj\u0119, prima aprilis w szkole, warszawa atrakcje dla m\u0142odzie\u017cy, \u015bwinka peppa do druku<\/p>\n<p>yyyyy<\/p>\n<p>&nbsp;<\/p>\n","protected":false},"excerpt":{"rendered":"<p>Talerz wyposa\u017cony w antypo\u015blizgow\u0105 warstw\u0119 dzi\u0119ki kt\u00f3rej \u0142atwej b\u0119dzie spo\u017cywa\u0107 posi\u0142ki maluchom. Posiada r\u00f3wnie\u017c wyrazist\u0105 grafik\u0119 nawi\u0105zuj\u0105c\u0105 do ulubionej serii.EAN: 8412497134939 Peppa Pig Talerz Antypo\u015blizgowy Peppa Pig zagadki sprawdzaj\u0105ce inteligencj\u0119, prima aprilis w szkole, warszawa atrakcje dla m\u0142odzie\u017cy, \u015bwinka peppa do druku yyyyy &nbsp;<\/p>\n","protected":false},"featured_media":11608,"comment_status":"closed","ping_status":"open","template":"","meta":[],"product_cat":[215,214],"product_tag":[612,704,778,634],"class_list":["post-11607","product","type-product","status-publish","has-post-thumbnail","hentry","product_cat-naczynia-i-sztucce-dla-dzieci","product_cat-peppa-pig","product_tag-kolorowanki-do-druku","product_tag-prezent-dla-nastolatka","product_tag-zabawki-na-roczek-dla-chlopca","product_tag-zagadki-wielkanocne-dla-dzieci"],"_links":{"self":[{"href":"http:\/\/klubmamgdynia.pl\/index.php\/wp-json\/wp\/v2\/product\/11607","targetHints":{"allow":["GET"]}}],"collection":[{"href":"http:\/\/klubmamgdynia.pl\/index.php\/wp-json\/wp\/v2\/product"}],"about":[{"href":"http:\/\/klubmamgdynia.pl\/index.php\/wp-json\/wp\/v2\/types\/product"}],"replies":[{"embeddable":true,"href":"http:\/\/klubmamgdynia.pl\/index.php\/wp-json\/wp\/v2\/comments?post=11607"}],"wp:featuredmedia":[{"embeddable":true,"href":"http:\/\/klubmamgdynia.pl\/index.php\/wp-json\/wp\/v2\/media\/11608"}],"wp:attachment":[{"href":"http:\/\/klubmamgdynia.pl\/index.php\/wp-json\/wp\/v2\/media?parent=11607"}],"wp:term":[{"taxonomy":"product_cat","embeddable":true,"href":"http:\/\/klubmamgdynia.pl\/index.php\/wp-json\/wp\/v2\/product_cat?post=11607"},{"taxonomy":"product_tag","embeddable":true,"href":"http:\/\/klubmamgdynia.pl\/index.php\/wp-json\/wp\/v2\/product_tag?post=11607"}],"curies":[{"name":"wp","href":"https:\/\/api.w.org\/{rel}","templated":true}]}}