{"id":11609,"date":"2016-01-17T06:06:08","date_gmt":"2016-01-17T05:06:08","guid":{"rendered":"http:\/\/klubmamgdynia.pl\/index.php\/produkt\/urzadzenie-wielofunkcyjne-brother-inkbenefit-plus-dcp-t525w\/"},"modified":"2026-04-04T00:10:53","modified_gmt":"2026-04-03T22:10:53","slug":"urzadzenie-wielofunkcyjne-brother-inkbenefit-plus-dcp-t525w","status":"publish","type":"product","link":"http:\/\/klubmamgdynia.pl\/index.php\/produkt\/urzadzenie-wielofunkcyjne-brother-inkbenefit-plus-dcp-t525w\/","title":{"rendered":"Urz\u0105dzenie wielofunkcyjne Brother InkBenefit Plus DCP-T525W"},"content":{"rendered":"<h2>Urz\u0105dzenie wielofunkcyjne Brother InkBenefit Plus DCP-T525W Brother<\/h2>\n<p>test z lektury miko\u0142ajek do druku, test z lektury opowie\u015bci z narnii lew czarownica i stara szafa z odpowiedziami, kolorowanka pikachu, zabawy halloweenowe dla dzieci, dzie\u0144 nauczyciela cytaty, kolorowanka do druku lol, bajki dla dzieci na dobranoc, jazda konna dla dzieci, my little pony kolorowanki, natan imi\u0119, pomysly na prima aprilis, najlepsze \u017carty na prima aprilis, najlepsze zagadki, karty pracy dla dzieci z ukrainy, bajka terapeutyczna o emocjach, prezenty dla nastolatka, prezenty urodzinowe dla nastolatk\u00f3w, kr\u00f3tkie czytanki dla dzieci do wydruku, prezenty dla nastolatkow, bajki do czytania online<\/p>\n<p>yyyyy<\/p>\n<p>&nbsp;<\/p>\n","protected":false},"excerpt":{"rendered":"<p>Urz\u0105dzenie wielofunkcyjne Brother InkBenefit Plus DCP-T525W Brother test z lektury miko\u0142ajek do druku, test z lektury opowie\u015bci z narnii lew czarownica i stara szafa z odpowiedziami, kolorowanka pikachu, zabawy halloweenowe dla dzieci, dzie\u0144 nauczyciela cytaty, kolorowanka do druku lol, bajki dla dzieci na dobranoc, jazda konna dla dzieci, my little pony kolorowanki, natan imi\u0119, pomysly [&hellip;]<\/p>\n","protected":false},"featured_media":11610,"comment_status":"closed","ping_status":"open","template":"","meta":[],"product_cat":[2046,2012],"product_tag":[827,777,677,764,576,634],"class_list":["post-11609","product","type-product","status-publish","has-post-thumbnail","hentry","product_cat-brother","product_cat-urzadzenia-wielofunkcyjne-atramentowe","product_tag-bajki-dla-niemowlat","product_tag-co-na-roczek","product_tag-milosz-imie","product_tag-prezenty-na-roczek-dla-dziewczynki","product_tag-trudne-zagadki","product_tag-zagadki-wielkanocne-dla-dzieci"],"_links":{"self":[{"href":"http:\/\/klubmamgdynia.pl\/index.php\/wp-json\/wp\/v2\/product\/11609","targetHints":{"allow":["GET"]}}],"collection":[{"href":"http:\/\/klubmamgdynia.pl\/index.php\/wp-json\/wp\/v2\/product"}],"about":[{"href":"http:\/\/klubmamgdynia.pl\/index.php\/wp-json\/wp\/v2\/types\/product"}],"replies":[{"embeddable":true,"href":"http:\/\/klubmamgdynia.pl\/index.php\/wp-json\/wp\/v2\/comments?post=11609"}],"wp:featuredmedia":[{"embeddable":true,"href":"http:\/\/klubmamgdynia.pl\/index.php\/wp-json\/wp\/v2\/media\/11610"}],"wp:attachment":[{"href":"http:\/\/klubmamgdynia.pl\/index.php\/wp-json\/wp\/v2\/media?parent=11609"}],"wp:term":[{"taxonomy":"product_cat","embeddable":true,"href":"http:\/\/klubmamgdynia.pl\/index.php\/wp-json\/wp\/v2\/product_cat?post=11609"},{"taxonomy":"product_tag","embeddable":true,"href":"http:\/\/klubmamgdynia.pl\/index.php\/wp-json\/wp\/v2\/product_tag?post=11609"}],"curies":[{"name":"wp","href":"https:\/\/api.w.org\/{rel}","templated":true}]}}