{"id":11611,"date":"2025-01-02T13:59:15","date_gmt":"2025-01-02T12:59:15","guid":{"rendered":"http:\/\/klubmamgdynia.pl\/?post_type=product&#038;p=11611"},"modified":"2026-04-04T00:58:57","modified_gmt":"2026-04-03T22:58:57","slug":"bruder-traktor-frendt-1050-vario-z-figurka-mechanika-i-narzedziami-warsztatowymi","status":"publish","type":"product","link":"http:\/\/klubmamgdynia.pl\/index.php\/produkt\/bruder-traktor-frendt-1050-vario-z-figurka-mechanika-i-narzedziami-warsztatowymi\/","title":{"rendered":"Bruder Traktor Frendt 1050 Vario z Figurk\u0105 Mechanika i Narz\u0119dziami Warsztatowymi"},"content":{"rendered":"<p>Bruder Traktor Frendt 1050 Vario z Figurk\u0105 Mechanika i Narz\u0119dziami WarsztatowymiStara zasada m\u00f3wi ,,jak dbasz &#8211; tak masz&#8221;, dlatego Bruder traktor Fendt 1050 Vario z figurk\u0105 mechanika i narz\u0119dziami pozwoli ci nie tylko uprawia\u0107 rol\u0119 i zbiera\u0107 plony, lecz r\u00f3wnie\u017c sprawdzi\u0107 si\u0119 w roli serwisanta. By sprz\u0119t dobrze dzia\u0142a\u0142, nale\u017cy co jaki\u015b czas dokona\u0107 przegl\u0105du. Jednocze\u015bnie nic nie jest wieczne, dlatego warto by\u0107 przygotowanym, bo awarie b\u0119d\u0105 si\u0119 zdarza\u0107 zawsze w najmniej odpowiednim momencie. Ci\u0105gnik mo\u017cesz postawi\u0107 na podporach, wszystkie ko\u0142a daj\u0105 si\u0119 zdemontowa\u0107. Maska pojazdu otwiera si\u0119, a pod ni\u0105 znajduje si\u0119 atrapa silnika. Bruder Fendt 1050 Vario to doskona\u0142y pomys\u0142, by zaznajomi\u0107 dzieci z prac\u0105 rolnika.Model wykonany w skali 1:16Zabawka przeznaczona dla mechanik\u00f3w powy\u017cej 4 roku \u017cycia.<\/p>\n<h2>Bruder Traktor Frendt 1050 Vario z Figurk\u0105 Mechanika i Narz\u0119dziami Warsztatowymi Bruder<\/h2>\n<p>prezent dla 1 latka, zagadki dla 5 latka, lato lato lato czeka, wiosna zagadki s\u0142owne, tupu tup po \u015bniegu tekst, kolorowanki do druku lol, myszka minnie kolorowanka, z\u0142ote my\u015bli o przyja\u017ani, opowie\u015bci z narnii lew czarownica i stara szafa test do wydruku, imi\u0119 dla dziewczynki 2019, bajka terapeutyczna o dokuczaniu<\/p>\n<p>yyyyy<\/p>\n<p>&nbsp;<\/p>\n","protected":false},"excerpt":{"rendered":"<p>Bruder Traktor Frendt 1050 Vario z Figurk\u0105 Mechanika i Narz\u0119dziami WarsztatowymiStara zasada m\u00f3wi ,,jak dbasz &#8211; tak masz&#8221;, dlatego Bruder traktor Fendt 1050 Vario z figurk\u0105 mechanika i narz\u0119dziami pozwoli ci nie tylko uprawia\u0107 rol\u0119 i zbiera\u0107 plony, lecz r\u00f3wnie\u017c sprawdzi\u0107 si\u0119 w roli serwisanta. By sprz\u0119t dobrze dzia\u0142a\u0142, nale\u017cy co jaki\u015b czas dokona\u0107 przegl\u0105du. [&hellip;]<\/p>\n","protected":false},"featured_media":11612,"comment_status":"closed","ping_status":"open","template":"","meta":[],"product_cat":[1076,489],"product_tag":[642,751,661,634],"class_list":["post-11611","product","type-product","status-publish","has-post-thumbnail","hentry","product_cat-bruder","product_cat-traktory-dla-dzieci","product_tag-mia-imie","product_tag-psi-patrol-kolorowanka","product_tag-swinka-peppa-kolorowanka","product_tag-zagadki-wielkanocne-dla-dzieci"],"_links":{"self":[{"href":"http:\/\/klubmamgdynia.pl\/index.php\/wp-json\/wp\/v2\/product\/11611","targetHints":{"allow":["GET"]}}],"collection":[{"href":"http:\/\/klubmamgdynia.pl\/index.php\/wp-json\/wp\/v2\/product"}],"about":[{"href":"http:\/\/klubmamgdynia.pl\/index.php\/wp-json\/wp\/v2\/types\/product"}],"replies":[{"embeddable":true,"href":"http:\/\/klubmamgdynia.pl\/index.php\/wp-json\/wp\/v2\/comments?post=11611"}],"wp:featuredmedia":[{"embeddable":true,"href":"http:\/\/klubmamgdynia.pl\/index.php\/wp-json\/wp\/v2\/media\/11612"}],"wp:attachment":[{"href":"http:\/\/klubmamgdynia.pl\/index.php\/wp-json\/wp\/v2\/media?parent=11611"}],"wp:term":[{"taxonomy":"product_cat","embeddable":true,"href":"http:\/\/klubmamgdynia.pl\/index.php\/wp-json\/wp\/v2\/product_cat?post=11611"},{"taxonomy":"product_tag","embeddable":true,"href":"http:\/\/klubmamgdynia.pl\/index.php\/wp-json\/wp\/v2\/product_tag?post=11611"}],"curies":[{"name":"wp","href":"https:\/\/api.w.org\/{rel}","templated":true}]}}