{"id":11613,"date":"2018-02-25T02:14:51","date_gmt":"2018-02-25T01:14:51","guid":{"rendered":"http:\/\/klubmamgdynia.pl\/index.php\/produkt\/falk-quad-bud-racing-zielony\/"},"modified":"2026-04-30T20:26:44","modified_gmt":"2026-04-30T18:26:44","slug":"falk-quad-bud-racing-zielony","status":"publish","type":"product","link":"http:\/\/klubmamgdynia.pl\/index.php\/produkt\/falk-quad-bud-racing-zielony\/","title":{"rendered":"Falk Quad Bud Racing Zielony"},"content":{"rendered":"<p>Quad wy\u015bcigowy w kolorze zielonym Bud Racing sprawi, \u017ce ka\u017cdy ma\u0142y kierowca b\u0119dzie szcz\u0119\u015bliwy. Quad ma szerokie ko\u0142a i dopracowane detale. Jest wykonany z bardzo wytrzyma\u0142ego, wysokiej jako\u015bci tworzywa sztucznego, dzi\u0119ki czemu jest w stanie wytrzyma\u0107 wszystkie przeszkody w terenie<\/p>\n<h2>Falk Quad Bud Racing Zielony Falk<\/h2>\n<p>\u0142amig\u0142\u00f3wki logiczne dla dzieci, warszawa atrakcje dla m\u0142odzie\u017cy, kundel bury tekst, cytaty o macierzy\u0144stwie, bajka o biedronce<\/p>\n<p>yyyyy<\/p>\n<p>&nbsp;<\/p>\n","protected":false},"excerpt":{"rendered":"<p>Quad wy\u015bcigowy w kolorze zielonym Bud Racing sprawi, \u017ce ka\u017cdy ma\u0142y kierowca b\u0119dzie szcz\u0119\u015bliwy. Quad ma szerokie ko\u0142a i dopracowane detale. Jest wykonany z bardzo wytrzyma\u0142ego, wysokiej jako\u015bci tworzywa sztucznego, dzi\u0119ki czemu jest w stanie wytrzyma\u0107 wszystkie przeszkody w terenie Falk Quad Bud Racing Zielony Falk \u0142amig\u0142\u00f3wki logiczne dla dzieci, warszawa atrakcje dla m\u0142odzie\u017cy, kundel [&hellip;]<\/p>\n","protected":false},"featured_media":11614,"comment_status":"closed","ping_status":"open","template":"","meta":[],"product_cat":[2047,37],"product_tag":[598,859,609,629,771,712],"class_list":["post-11613","product","type-product","status-publish","has-post-thumbnail","hentry","product_cat-falk","product_cat-jeepy-i-quady","product_tag-co-na-roczek-dla-dziewczynki","product_tag-dobranoc-pchly-na-noc","product_tag-quiz-flagi-europy","product_tag-smieszne-zagadki-z-odpowiedziami","product_tag-stolice-europy-quiz","product_tag-zagadki-o-zwierzetach"],"_links":{"self":[{"href":"http:\/\/klubmamgdynia.pl\/index.php\/wp-json\/wp\/v2\/product\/11613","targetHints":{"allow":["GET"]}}],"collection":[{"href":"http:\/\/klubmamgdynia.pl\/index.php\/wp-json\/wp\/v2\/product"}],"about":[{"href":"http:\/\/klubmamgdynia.pl\/index.php\/wp-json\/wp\/v2\/types\/product"}],"replies":[{"embeddable":true,"href":"http:\/\/klubmamgdynia.pl\/index.php\/wp-json\/wp\/v2\/comments?post=11613"}],"wp:featuredmedia":[{"embeddable":true,"href":"http:\/\/klubmamgdynia.pl\/index.php\/wp-json\/wp\/v2\/media\/11614"}],"wp:attachment":[{"href":"http:\/\/klubmamgdynia.pl\/index.php\/wp-json\/wp\/v2\/media?parent=11613"}],"wp:term":[{"taxonomy":"product_cat","embeddable":true,"href":"http:\/\/klubmamgdynia.pl\/index.php\/wp-json\/wp\/v2\/product_cat?post=11613"},{"taxonomy":"product_tag","embeddable":true,"href":"http:\/\/klubmamgdynia.pl\/index.php\/wp-json\/wp\/v2\/product_tag?post=11613"}],"curies":[{"name":"wp","href":"https:\/\/api.w.org\/{rel}","templated":true}]}}