{"id":11615,"date":"2011-09-03T10:02:11","date_gmt":"2011-09-03T08:02:11","guid":{"rendered":"http:\/\/klubmamgdynia.pl\/index.php\/produkt\/puzzle-xxl-3-in-1-collection-gra-ns\/"},"modified":"2026-04-06T08:56:56","modified_gmt":"2026-04-06T06:56:56","slug":"puzzle-xxl-3-in-1-collection-gra-ns","status":"publish","type":"product","link":"http:\/\/klubmamgdynia.pl\/index.php\/produkt\/puzzle-xxl-3-in-1-collection-gra-ns\/","title":{"rendered":"Puzzle XXL 3-in-1 Collection (Gra NS)"},"content":{"rendered":"<p>Switch<\/p>\n<h2>Puzzle XXL 3-in-1 Collection (Gra NS) Mindscape<\/h2>\n<p>podchwytliwe zagadki na inteligencj\u0119, sybilla, bajki dla dzieci do czytania, rzadkie imiona \u017ce\u0144skie, wyci\u0119cia szablon korony do druku, przyja\u017a\u0144 cytaty, piosenka dla taty przedszkole, kr\u00f3tkie bajki do czytania pdf, \u017c\u0105rty na prima aprilis<\/p>\n<p>yyyyy<\/p>\n<p>&nbsp;<\/p>\n","protected":false},"excerpt":{"rendered":"<p>Switch Puzzle XXL 3-in-1 Collection (Gra NS) Mindscape podchwytliwe zagadki na inteligencj\u0119, sybilla, bajki dla dzieci do czytania, rzadkie imiona \u017ce\u0144skie, wyci\u0119cia szablon korony do druku, przyja\u017a\u0144 cytaty, piosenka dla taty przedszkole, kr\u00f3tkie bajki do czytania pdf, \u017c\u0105rty na prima aprilis yyyyy &nbsp;<\/p>\n","protected":false},"featured_media":11616,"comment_status":"closed","ping_status":"open","template":"","meta":[],"product_cat":[348,2048],"product_tag":[861,847,749,614,636],"class_list":["post-11615","product","type-product","status-publish","has-post-thumbnail","hentry","product_cat-gry-nintendo-switch","product_cat-mindscape","product_tag-jak-narysowac-psa","product_tag-kolorowanki-pokemon","product_tag-najlepsze-zarty-na-prima-aprilis","product_tag-pia","product_tag-teksty-kolysanek"],"_links":{"self":[{"href":"http:\/\/klubmamgdynia.pl\/index.php\/wp-json\/wp\/v2\/product\/11615","targetHints":{"allow":["GET"]}}],"collection":[{"href":"http:\/\/klubmamgdynia.pl\/index.php\/wp-json\/wp\/v2\/product"}],"about":[{"href":"http:\/\/klubmamgdynia.pl\/index.php\/wp-json\/wp\/v2\/types\/product"}],"replies":[{"embeddable":true,"href":"http:\/\/klubmamgdynia.pl\/index.php\/wp-json\/wp\/v2\/comments?post=11615"}],"wp:featuredmedia":[{"embeddable":true,"href":"http:\/\/klubmamgdynia.pl\/index.php\/wp-json\/wp\/v2\/media\/11616"}],"wp:attachment":[{"href":"http:\/\/klubmamgdynia.pl\/index.php\/wp-json\/wp\/v2\/media?parent=11615"}],"wp:term":[{"taxonomy":"product_cat","embeddable":true,"href":"http:\/\/klubmamgdynia.pl\/index.php\/wp-json\/wp\/v2\/product_cat?post=11615"},{"taxonomy":"product_tag","embeddable":true,"href":"http:\/\/klubmamgdynia.pl\/index.php\/wp-json\/wp\/v2\/product_tag?post=11615"}],"curies":[{"name":"wp","href":"https:\/\/api.w.org\/{rel}","templated":true}]}}