{"id":11617,"date":"2017-10-18T21:40:56","date_gmt":"2017-10-18T19:40:56","guid":{"rendered":"http:\/\/klubmamgdynia.pl\/index.php\/produkt\/instant-sports-plus-gra-ns\/"},"modified":"2026-04-28T13:31:08","modified_gmt":"2026-04-28T11:31:08","slug":"instant-sports-plus-gra-ns","status":"publish","type":"product","link":"http:\/\/klubmamgdynia.pl\/index.php\/produkt\/instant-sports-plus-gra-ns\/","title":{"rendered":"Instant Sports Plus (Gra NS)"},"content":{"rendered":"<p>INSTANT SPORTS PLUS to najpe\u0142niejsze do\u015bwiadczenie INSTANT SPORTS<\/p>\n<h2>Instant Sports Plus (Gra NS) Just For Games<\/h2>\n<p>tabliczka mno\u017cenia zadania do druku, prezent dla 15 latki, flagi pa\u0144stw quiz, dziecko cytaty, zagadki dla dzieci 10 12 lat z odpowiedziami, zagadki na myslenie, kolorowanka do druku kotek, pisanie po \u015bladzie do druku pdf, zdrowe dania dla dzieci, jan pawe\u0142 2 rysunek \u0142atwy dla dzieci, jak narysowa\u0107 cz\u0142owieka, miasto dzieci pl, zagadki dla dzieci 10 lat, prezent dla dziewczynki na roczek, zagadki zimowe dla dzieci, quiz o ro\u015blinach, \u015bwinka peppa do druku, przysz\u0142a zima bia\u0142a, najpi\u0119kniejsze cytaty o przyja\u017ani, znajd\u017a r\u00f3\u017cnice do druku<\/p>\n<p>yyyyy<\/p>\n<p>&nbsp;<\/p>\n","protected":false},"excerpt":{"rendered":"<p>INSTANT SPORTS PLUS to najpe\u0142niejsze do\u015bwiadczenie INSTANT SPORTS Instant Sports Plus (Gra NS) Just For Games tabliczka mno\u017cenia zadania do druku, prezent dla 15 latki, flagi pa\u0144stw quiz, dziecko cytaty, zagadki dla dzieci 10 12 lat z odpowiedziami, zagadki na myslenie, kolorowanka do druku kotek, pisanie po \u015bladzie do druku pdf, zdrowe dania dla dzieci, [&hellip;]<\/p>\n","protected":false},"featured_media":11618,"comment_status":"closed","ping_status":"open","template":"","meta":[],"product_cat":[348,2049],"product_tag":[583,795,748,586],"class_list":["post-11617","product","type-product","status-publish","has-post-thumbnail","hentry","product_cat-gry-nintendo-switch","product_cat-just-for-games","product_tag-kolysanki-dla-dzieci-tekst","product_tag-mini-zoo-warszawa","product_tag-okolice-wroclawia-atrakcje","product_tag-smieszne-zagadki"],"_links":{"self":[{"href":"http:\/\/klubmamgdynia.pl\/index.php\/wp-json\/wp\/v2\/product\/11617","targetHints":{"allow":["GET"]}}],"collection":[{"href":"http:\/\/klubmamgdynia.pl\/index.php\/wp-json\/wp\/v2\/product"}],"about":[{"href":"http:\/\/klubmamgdynia.pl\/index.php\/wp-json\/wp\/v2\/types\/product"}],"replies":[{"embeddable":true,"href":"http:\/\/klubmamgdynia.pl\/index.php\/wp-json\/wp\/v2\/comments?post=11617"}],"wp:featuredmedia":[{"embeddable":true,"href":"http:\/\/klubmamgdynia.pl\/index.php\/wp-json\/wp\/v2\/media\/11618"}],"wp:attachment":[{"href":"http:\/\/klubmamgdynia.pl\/index.php\/wp-json\/wp\/v2\/media?parent=11617"}],"wp:term":[{"taxonomy":"product_cat","embeddable":true,"href":"http:\/\/klubmamgdynia.pl\/index.php\/wp-json\/wp\/v2\/product_cat?post=11617"},{"taxonomy":"product_tag","embeddable":true,"href":"http:\/\/klubmamgdynia.pl\/index.php\/wp-json\/wp\/v2\/product_tag?post=11617"}],"curies":[{"name":"wp","href":"https:\/\/api.w.org\/{rel}","templated":true}]}}