{"id":11619,"date":"2020-08-12T04:56:44","date_gmt":"2020-08-12T02:56:44","guid":{"rendered":"http:\/\/klubmamgdynia.pl\/index.php\/produkt\/mario-kart-wii-gra-wii\/"},"modified":"2026-04-20T13:32:37","modified_gmt":"2026-04-20T11:32:37","slug":"mario-kart-wii-gra-wii","status":"publish","type":"product","link":"http:\/\/klubmamgdynia.pl\/index.php\/produkt\/mario-kart-wii-gra-wii\/","title":{"rendered":"Mario Kart Wii (Gra Wii)"},"content":{"rendered":"<p>\u015awiatowej rangi wy\u015bcig z ca\u0142\u0105 mas\u0105 nowych set\u00f3w, tor\u00f3w i sposob\u00f3w gry. W tej komputerowej grze wy\u015bcigowej Wii Wheel przemieni Wii Remote w uk\u0142ad sterowniczy, podczas gdy Wii Remote i Nunchuk b\u0119d\u0105 oferowa\u0107 klasyczn\u0105 kontrol\u0119 stylu gry. Potrz\u0105sanie Wii Remote w ka\u017cdej konfiguracji to pobijanie rekord\u00f3w pr\u0119dko\u015bci. Gracze b\u0119d\u0105 si\u0119 \u015bciga\u0107, wcielaj\u0105c si\u0119 w ulubione postaci Nintendo! Dla uczestnika turnieju b\u0119dzie do wyboru rozgrywka z tr\u00f3jk\u0105 przyjaci\u00f3\u0142, b\u0105d\u017a wy\u015bcig z 11 przeciwnikami, dzi\u0119ki Nintendo Wi-Fi Connection. Wy\u015bcig b\u0119dzie dost\u0119pny nie tylko w samochodzie, ale i za kierownic\u0105 gokarta, na nowych, ale te\u017c i klasycznych torach wy\u015bcigowych z Super Mario Kart, Mario Kart 64, Mario Kart: Super Circuit, Mario Kart: Double Dash i Mario Kart DS.<\/p>\n<h2>Mario Kart Wii (Gra Wii) Nintendo<\/h2>\n<p>zagadki o zimie, kajko i kokosz szko\u0142a latania &#8211; test do wydruku, jakie prezenty na roczek, by\u0142 sobie kr\u00f3l, felix net i nika oraz gang niewidzialnych ludzi test z odpowiedziami, konie quiz, lidia imie, dekorowanie kanapek dla dzieci, prezent dla nastoletniego ch\u0142opca, sabina, zabawy na dzie\u0144 dziecka w szkole, prezent dla 13 latki na \u015bwi\u0119ta<\/p>\n<p>yyyyy<\/p>\n<p>&nbsp;<\/p>\n","protected":false},"excerpt":{"rendered":"<p>\u015awiatowej rangi wy\u015bcig z ca\u0142\u0105 mas\u0105 nowych set\u00f3w, tor\u00f3w i sposob\u00f3w gry. W tej komputerowej grze wy\u015bcigowej Wii Wheel przemieni Wii Remote w uk\u0142ad sterowniczy, podczas gdy Wii Remote i Nunchuk b\u0119d\u0105 oferowa\u0107 klasyczn\u0105 kontrol\u0119 stylu gry. Potrz\u0105sanie Wii Remote w ka\u017cdej konfiguracji to pobijanie rekord\u00f3w pr\u0119dko\u015bci. Gracze b\u0119d\u0105 si\u0119 \u015bciga\u0107, wcielaj\u0105c si\u0119 w ulubione [&hellip;]<\/p>\n","protected":false},"featured_media":11620,"comment_status":"closed","ping_status":"open","template":"","meta":[],"product_cat":[2050,410],"product_tag":[829,728,750,576,782,600],"class_list":["post-11619","product","type-product","status-publish","has-post-thumbnail","hentry","product_cat-gry-nintendo-wii","product_cat-nintendo","product_tag-bajki-do-czytania-na-dobranoc","product_tag-bezwarunkowa-milosc-do-dziecka-cytaty","product_tag-imie-kostek","product_tag-trudne-zagadki","product_tag-zagadki-dla-dzieci-z-odpowiedziami","product_tag-zaproszenia-na-urodziny-do-druku"],"_links":{"self":[{"href":"http:\/\/klubmamgdynia.pl\/index.php\/wp-json\/wp\/v2\/product\/11619","targetHints":{"allow":["GET"]}}],"collection":[{"href":"http:\/\/klubmamgdynia.pl\/index.php\/wp-json\/wp\/v2\/product"}],"about":[{"href":"http:\/\/klubmamgdynia.pl\/index.php\/wp-json\/wp\/v2\/types\/product"}],"replies":[{"embeddable":true,"href":"http:\/\/klubmamgdynia.pl\/index.php\/wp-json\/wp\/v2\/comments?post=11619"}],"wp:featuredmedia":[{"embeddable":true,"href":"http:\/\/klubmamgdynia.pl\/index.php\/wp-json\/wp\/v2\/media\/11620"}],"wp:attachment":[{"href":"http:\/\/klubmamgdynia.pl\/index.php\/wp-json\/wp\/v2\/media?parent=11619"}],"wp:term":[{"taxonomy":"product_cat","embeddable":true,"href":"http:\/\/klubmamgdynia.pl\/index.php\/wp-json\/wp\/v2\/product_cat?post=11619"},{"taxonomy":"product_tag","embeddable":true,"href":"http:\/\/klubmamgdynia.pl\/index.php\/wp-json\/wp\/v2\/product_tag?post=11619"}],"curies":[{"name":"wp","href":"https:\/\/api.w.org\/{rel}","templated":true}]}}