{"id":1162,"date":"2023-05-02T02:13:25","date_gmt":"2023-05-02T00:13:25","guid":{"rendered":"http:\/\/klubmamgdynia.pl\/?post_type=product&#038;p=1162"},"modified":"2026-04-23T00:12:01","modified_gmt":"2026-04-22T22:12:01","slug":"luxma-nakladka-sedes-z-drabina-siedzisko-antyposlizgowa","status":"publish","type":"product","link":"http:\/\/klubmamgdynia.pl\/index.php\/produkt\/luxma-nakladka-sedes-z-drabina-siedzisko-antyposlizgowa\/","title":{"rendered":"Luxma Nak\u0142adka Sedes Z Drabin\u0105 Siedzisko Antypo\u015blizgowa"},"content":{"rendered":"<p>NAK\u0141ADKA NA SEDES WC Z DRABINK\u0104 MI\u0118KKIE SIEDZISKO ANTYPO\u015aLIZGOWADOST\u0118PNY KOLOR: NIEBIESKIInnowacyjna nak\u0142adka na sedes dla dzieci idealnie dopasuje si\u0119 na wi\u0119kszo\u015b\u0107 dost\u0119pnych desek sedesowych.Wymiary ca\u0142ego zestawu: 57 x 52 x 35cmWysoko\u015b\u0107 do siedziska: 45 cmWymiary otworu: 20,5 x 14 cmWymiary stopnia: 30 x 12 cmWymiary poduchy: 23 x 26 x 2 cmNak\u0142adka jest sk\u0142adana dzi\u0119ki czemu nie zajmuje du\u017co miejsca i \u0142atwo przenie\u015b\u0107 j\u0105 w odpowiednie miejsce &#8211; to idealne rozwi\u0105zanie do ma\u0142ych mieszka\u0144!Siedzisko jest zupe\u0142nie bezpieczne &#8211; wszystko dzi\u0119ki antypo\u015blizgowym n\u00f3\u017ckom.Nak\u0142adka posiada mo\u017cliwo\u015b\u0107 regulacji stopnia nachylenia.Uwaga! Nak\u0142adka nie pasuje do prostok\u0105tnych sedes\u00f3w.Nak\u0142adka posiada wygodne uchwyty, kt\u00f3re dodadz\u0105 pewno\u015bci i poczucia bezpiecze\u0144stwa Twojemu dziecku. Uchwyty dodatkowo u\u0142atwiaj\u0105 wej\u015bcie i zej\u015bcie.Ko\u0142nierz pomaga zachowa\u0107 czysto\u015b\u0107, zapobiega ochlapaniu deski sedesowej. Dzi\u0119ki temu nie tracisz czasu na ci\u0105g\u0142e sprz\u0105tanie!Dzi\u0119ki wygodnemu siedzisku Twoje dziecko nie zniech\u0119ci si\u0119 do korzystania z toalety!<\/p>\n<h2>Luxma Nak\u0142adka Sedes Z Drabin\u0105 Siedzisko Antypo\u015blizgowa Luxma<\/h2>\n<p>cytaty o dzieciach, kolorowanka do druku kotek, zagadki dla m\u0142odzie\u017cy, melania imi\u0119, znaczenie imienia milosz, na wyspach bergamutach tekst, jaki prezent na roczek, zagadki i odpowiedzi, samolot kolorowanka, origami kotek, kolorowanka wakacje, \u017carty na prima aprilis dla mamy, ko\u0142ysanki teksty, kolorowanki do druku pokemon<\/p>\n<p>yyyyy<\/p>\n<p>&nbsp;<\/p>\n","protected":false},"excerpt":{"rendered":"<p>NAK\u0141ADKA NA SEDES WC Z DRABINK\u0104 MI\u0118KKIE SIEDZISKO ANTYPO\u015aLIZGOWADOST\u0118PNY KOLOR: NIEBIESKIInnowacyjna nak\u0142adka na sedes dla dzieci idealnie dopasuje si\u0119 na wi\u0119kszo\u015b\u0107 dost\u0119pnych desek sedesowych.Wymiary ca\u0142ego zestawu: 57 x 52 x 35cmWysoko\u015b\u0107 do siedziska: 45 cmWymiary otworu: 20,5 x 14 cmWymiary stopnia: 30 x 12 cmWymiary poduchy: 23 x 26 x 2 cmNak\u0142adka jest sk\u0142adana dzi\u0119ki [&hellip;]<\/p>\n","protected":false},"featured_media":1163,"comment_status":"closed","ping_status":"open","template":"","meta":[],"product_cat":[327,354],"product_tag":[833,819,632,873],"class_list":["post-1162","product","type-product","status-publish","has-post-thumbnail","hentry","product_cat-luxma","product_cat-nocniki-nakladki-na-wc-i-podesty","product_tag-bajki-dla-dzieci-do-czytania","product_tag-co-kupic-nastolatce-na-swieta","product_tag-warszawa-atrakcje-dla-mlodziezy","product_tag-zagadki-z-odpowiedziami-dla-dzieci"],"_links":{"self":[{"href":"http:\/\/klubmamgdynia.pl\/index.php\/wp-json\/wp\/v2\/product\/1162","targetHints":{"allow":["GET"]}}],"collection":[{"href":"http:\/\/klubmamgdynia.pl\/index.php\/wp-json\/wp\/v2\/product"}],"about":[{"href":"http:\/\/klubmamgdynia.pl\/index.php\/wp-json\/wp\/v2\/types\/product"}],"replies":[{"embeddable":true,"href":"http:\/\/klubmamgdynia.pl\/index.php\/wp-json\/wp\/v2\/comments?post=1162"}],"wp:featuredmedia":[{"embeddable":true,"href":"http:\/\/klubmamgdynia.pl\/index.php\/wp-json\/wp\/v2\/media\/1163"}],"wp:attachment":[{"href":"http:\/\/klubmamgdynia.pl\/index.php\/wp-json\/wp\/v2\/media?parent=1162"}],"wp:term":[{"taxonomy":"product_cat","embeddable":true,"href":"http:\/\/klubmamgdynia.pl\/index.php\/wp-json\/wp\/v2\/product_cat?post=1162"},{"taxonomy":"product_tag","embeddable":true,"href":"http:\/\/klubmamgdynia.pl\/index.php\/wp-json\/wp\/v2\/product_tag?post=1162"}],"curies":[{"name":"wp","href":"https:\/\/api.w.org\/{rel}","templated":true}]}}