{"id":11621,"date":"2012-10-21T00:07:10","date_gmt":"2012-10-20T22:07:10","guid":{"rendered":"http:\/\/klubmamgdynia.pl\/index.php\/produkt\/slide-stars-gra-ns\/"},"modified":"2026-04-08T20:24:52","modified_gmt":"2026-04-08T18:24:52","slug":"slide-stars-gra-ns","status":"publish","type":"product","link":"http:\/\/klubmamgdynia.pl\/index.php\/produkt\/slide-stars-gra-ns\/","title":{"rendered":"Slide Stars (Gra NS)"},"content":{"rendered":"<p>Switch<\/p>\n<h2>Slide Stars (Gra NS) Mindscape<\/h2>\n<p>szlaczki literopodobne do wydruku, jak namalowa\u0107 kota, skye psi patrol kolorowanka, ci\u0119\u017ckie zagadki, quiz o zwierz\u0119tach domowych, rozrywka dla dzieci, zagadki z odpowiedziami dla dzieci, test z narnii, hot wheels kolorowanka, jak si\u0119 rysuje kota, kolorowanka harry potter do druku, imi\u0119 nela, sentencja rodzina, cicha noc po angielsku tekst, peppa do czytania, \u015bmieszne zagadki dla dzieci, nauka polskiego dla dzieci z ukrainy<\/p>\n<p>yyyyy<\/p>\n<p>&nbsp;<\/p>\n","protected":false},"excerpt":{"rendered":"<p>Switch Slide Stars (Gra NS) Mindscape szlaczki literopodobne do wydruku, jak namalowa\u0107 kota, skye psi patrol kolorowanka, ci\u0119\u017ckie zagadki, quiz o zwierz\u0119tach domowych, rozrywka dla dzieci, zagadki z odpowiedziami dla dzieci, test z narnii, hot wheels kolorowanka, jak si\u0119 rysuje kota, kolorowanka harry potter do druku, imi\u0119 nela, sentencja rodzina, cicha noc po angielsku tekst, [&hellip;]<\/p>\n","protected":false},"featured_media":11622,"comment_status":"closed","ping_status":"open","template":"","meta":[],"product_cat":[348,2048],"product_tag":[865,744,815,587],"class_list":["post-11621","product","type-product","status-publish","has-post-thumbnail","hentry","product_cat-gry-nintendo-switch","product_cat-mindscape","product_tag-cytaty-o-dzieciach","product_tag-kolorowanki-swiateczne-do-wydruku","product_tag-ozdoby-choinkowe-dla-dzieci","product_tag-skalne-miasto"],"_links":{"self":[{"href":"http:\/\/klubmamgdynia.pl\/index.php\/wp-json\/wp\/v2\/product\/11621","targetHints":{"allow":["GET"]}}],"collection":[{"href":"http:\/\/klubmamgdynia.pl\/index.php\/wp-json\/wp\/v2\/product"}],"about":[{"href":"http:\/\/klubmamgdynia.pl\/index.php\/wp-json\/wp\/v2\/types\/product"}],"replies":[{"embeddable":true,"href":"http:\/\/klubmamgdynia.pl\/index.php\/wp-json\/wp\/v2\/comments?post=11621"}],"wp:featuredmedia":[{"embeddable":true,"href":"http:\/\/klubmamgdynia.pl\/index.php\/wp-json\/wp\/v2\/media\/11622"}],"wp:attachment":[{"href":"http:\/\/klubmamgdynia.pl\/index.php\/wp-json\/wp\/v2\/media?parent=11621"}],"wp:term":[{"taxonomy":"product_cat","embeddable":true,"href":"http:\/\/klubmamgdynia.pl\/index.php\/wp-json\/wp\/v2\/product_cat?post=11621"},{"taxonomy":"product_tag","embeddable":true,"href":"http:\/\/klubmamgdynia.pl\/index.php\/wp-json\/wp\/v2\/product_tag?post=11621"}],"curies":[{"name":"wp","href":"https:\/\/api.w.org\/{rel}","templated":true}]}}