{"id":11623,"date":"2025-04-01T07:14:44","date_gmt":"2025-04-01T05:14:44","guid":{"rendered":"http:\/\/klubmamgdynia.pl\/?post_type=product&#038;p=11623"},"modified":"2026-04-05T09:45:49","modified_gmt":"2026-04-05T07:45:49","slug":"gra-planszowa-alexander-kalambury-0598","status":"publish","type":"product","link":"http:\/\/klubmamgdynia.pl\/index.php\/produkt\/gra-planszowa-alexander-kalambury-0598\/","title":{"rendered":"Gra planszowa Alexander Kalambury 0598"},"content":{"rendered":"<p>W dru\u017cynowej grze &#8222;Kalambury&#8221; wygrywa zesp\u00f3\u0142, w kt\u00f3rym gracze najlepiej potrafi\u0105 przedstawi\u0107 (za pomoc\u0105 gest\u00f3w lub rysunku)i najszybciej odgadn\u0105\u0107 has\u0142o wskazane losowo na karcie. Gra skierowana jest jednocze\u015bnie do dzieci i doros\u0142ych, mo\u017ce by\u0107 pretekstem do \u015bwietnej,pe\u0142nej humoru i emocji zabawy rodzinnej. W tej grze zwyci\u0119\u017cy\u0107 mo\u017ce ka\u017cdy, wa\u017cny jest refleks i umiej\u0119tno\u015b\u0107 kojarze\u0144.Zawarto\u015b\u0107 pude\u0142ka: 108 dwustronnych karty &#8222;hase\u0142&#8221;, 2 karty &#8222;kategoria&#8221;, plansza, 3 pionki do gry, kostka do gry, 60 \u017ceton\u00f3w, 3 notesy, klepsydra, instrukcja.<\/p>\n<h2>Gra planszowa Alexander Kalambury 0598 Alexander<\/h2>\n<p>kolorowanki lol do druku, kuku\u0142eczka kuka tekst, test zaczarowana zagroda, imi\u0119 kostek, bajka o dinozaurach do czytania, prezent na roczek dla chlopca, wierszyk o choince, teksty ko\u0142ysanek, miriam imi\u0119, imi\u0119 r\u00f3\u017ca, uk\u0142ad s\u0142oneczny dla dzieci do druku, zagadki typu co to jest, wierszyk o wakacjach, zagadki logiczne dla doros\u0142ych, zosia samosia wiersz, tupu tup po \u015bniegu tekst<\/p>\n<p>yyyyy<\/p>\n<p>&nbsp;<\/p>\n","protected":false},"excerpt":{"rendered":"<p>W dru\u017cynowej grze &#8222;Kalambury&#8221; wygrywa zesp\u00f3\u0142, w kt\u00f3rym gracze najlepiej potrafi\u0105 przedstawi\u0107 (za pomoc\u0105 gest\u00f3w lub rysunku)i najszybciej odgadn\u0105\u0107 has\u0142o wskazane losowo na karcie. Gra skierowana jest jednocze\u015bnie do dzieci i doros\u0142ych, mo\u017ce by\u0107 pretekstem do \u015bwietnej,pe\u0142nej humoru i emocji zabawy rodzinnej. W tej grze zwyci\u0119\u017cy\u0107 mo\u017ce ka\u017cdy, wa\u017cny jest refleks i umiej\u0119tno\u015b\u0107 kojarze\u0144.Zawarto\u015b\u0107 pude\u0142ka: [&hellip;]<\/p>\n","protected":false},"featured_media":11624,"comment_status":"closed","ping_status":"open","template":"","meta":[],"product_cat":[246,235],"product_tag":[656,636,721,577],"class_list":["post-11623","product","type-product","status-publish","has-post-thumbnail","hentry","product_cat-alexander","product_cat-gry-planszowe","product_tag-kolorowanki-lol","product_tag-teksty-kolysanek","product_tag-zagadki-matematyczne","product_tag-znaki-drogowe-test"],"_links":{"self":[{"href":"http:\/\/klubmamgdynia.pl\/index.php\/wp-json\/wp\/v2\/product\/11623","targetHints":{"allow":["GET"]}}],"collection":[{"href":"http:\/\/klubmamgdynia.pl\/index.php\/wp-json\/wp\/v2\/product"}],"about":[{"href":"http:\/\/klubmamgdynia.pl\/index.php\/wp-json\/wp\/v2\/types\/product"}],"replies":[{"embeddable":true,"href":"http:\/\/klubmamgdynia.pl\/index.php\/wp-json\/wp\/v2\/comments?post=11623"}],"wp:featuredmedia":[{"embeddable":true,"href":"http:\/\/klubmamgdynia.pl\/index.php\/wp-json\/wp\/v2\/media\/11624"}],"wp:attachment":[{"href":"http:\/\/klubmamgdynia.pl\/index.php\/wp-json\/wp\/v2\/media?parent=11623"}],"wp:term":[{"taxonomy":"product_cat","embeddable":true,"href":"http:\/\/klubmamgdynia.pl\/index.php\/wp-json\/wp\/v2\/product_cat?post=11623"},{"taxonomy":"product_tag","embeddable":true,"href":"http:\/\/klubmamgdynia.pl\/index.php\/wp-json\/wp\/v2\/product_tag?post=11623"}],"curies":[{"name":"wp","href":"https:\/\/api.w.org\/{rel}","templated":true}]}}