{"id":11627,"date":"2025-08-29T07:54:19","date_gmt":"2025-08-29T05:54:19","guid":{"rendered":"http:\/\/klubmamgdynia.pl\/?post_type=product&#038;p=11627"},"modified":"2026-04-30T18:20:24","modified_gmt":"2026-04-30T16:20:24","slug":"roba-pokoj-dzieciecy-nele-r-70x140cm","status":"publish","type":"product","link":"http:\/\/klubmamgdynia.pl\/index.php\/produkt\/roba-pokoj-dzieciecy-nele-r-70x140cm\/","title":{"rendered":"Roba Pok\u00f3j Dzieci\u0119cy Nele R. 70X140Cm"},"content":{"rendered":"<p>Zestaw mebli roba sk\u0142ada si\u0119 z \u0142\u00f3\u017ceczka wielofunkcyjnego i szerokiego przewijaka z wyjmowan\u0105 nak\u0142adk\u0105 do przewijania. \u0141\u00f3\u017cko dzieci\u0119ce roba Nele posiada bia\u0142e fronty z poziomymi frezowaniami oraz listw\u0119 w dekorze D\u0105b Artisan. Powierzchnia le\u017ca \u0142\u00f3\u017cka wynosi 70&#215;140 cm. Aby u\u0142atwi\u0107 wchodzenie i schodzenie z \u0142\u00f3\u017cka, mo\u017cna usun\u0105\u0107 3 wysuwane szczeble. Powierzchnia do le\u017cenia jest regulowana na wysoko\u015b\u0107 i mo\u017ce by\u0107 zamocowana w 3 r\u00f3\u017cnych pozycjach. \u0141\u00f3\u017ceczko mo\u017cna \u0142atwo przekszta\u0142ci\u0107 w \u0142\u00f3\u017cko Junior dzi\u0119ki dodatkowym bokom do przewijania. Pasuj\u0105ca podstawa \u0142\u00f3\u017cka jest r\u00f3wnie\u017c dost\u0119pna oddzielnie. Szeroki przewijak Nele ze zdejmowan\u0105 nak\u0142adk\u0105 do przewijania ma wysoko\u015b\u0107 przewijania, kt\u00f3ra jest wygodna dla plec\u00f3w. Przewijak roba posiada uchwyty w kolorze srebrnym Metal , bia\u0142y korpus i bia\u0142e fronty z poziomymi frezowaniami oraz gzyms w kolorze D\u0105b Artisan. Przewijak pasuje do ka\u017cdego wn\u0119trza dzi\u0119ki modern en Design s. Powierzchnia do przewijania jest odpowiednia do przewijak\u00f3w o wymiarach do 85 x 75 cm. Tapicerowane podk\u0142adki do przewijania roba w rozmiarze 85 cm x 75 cm s\u0105 idealnie dopasowane do wymiar\u00f3w przewijaka i zmieniaj\u0105 go w przytulne miejsce do przewijania. Przewijak mo\u017ce by\u0107 umieszczony po prawej, \u015brodkowej lub lewej stronie komody. G\u00f3rna cz\u0119\u015b\u0107 trzech szuflad aden przewijaka roba mo\u017ce zosta\u0107 ca\u0142kowicie wysuni\u0119ta. Po usuni\u0119ciu cz\u0119\u015bci blatu przewijaka, przewijak staje si\u0119 komod\u0105 bez widocznych \u015brub w blacie. Przewijak jest zgodny z obowi\u0105zuj\u0105cymi normami bezpiecze\u0144stwa wg EN 12221 &#8211; 1+2:2008 + A1:2013. Przewijak jest \u0142atwy w monta\u017cu. Wszystkie u\u017cyte materia\u0142y s\u0105 testowane pod k\u0105tem zawarto\u015bci substancji szkodliwych. Wszystkie powierzchnie nadaj\u0105 si\u0119 do wycierania i s\u0105 \u0142atwe do czyszczenia. Szczeg\u00f3\u0142y produktu: \u0141\u00f3\u017ceczko dzieci\u0119ce typu kombi kolor: bia\u0142y materia\u0142 powierzchnia le\u017c\u0105ca, p\u0142askowniki: sklejka Materia\u0142 cz\u0119\u015bci no\u017cnej (wezg\u0142owia \u0142\u00f3\u017cka): MDF foliowany powierzchnia do le\u017cenia: szeroko\u015b\u0107 x d\u0142ugo\u015b\u0107 70 x 140 cm Wymiary: szeroko\u015b\u0107 x d\u0142ugo\u015b\u0107 x wysoko\u015b\u0107 76 x 144 x 80,5 cm Ud\u017awig do 50 kg 3-krotna regulacja wysoko\u015bci 3 szczeble \u015blizgowe Mo\u017cliwo\u015b\u0107 zamiany na \u0142\u00f3\u017cko Junior Zmiana jednostki Kolor: bia\u0142y Materia\u0142 korpusu: p\u0142yta wi\u00f3rowa (pokryta melamin\u0105) Fronty materia\u0142owe: MDF laminowany Materia\u0142owe uchwyty: srebrne Metal uchwyty lrelingowe Powierzchnia wymiany: szeroko\u015b\u0107 x g\u0142\u0119boko\u015b\u0107 85 x 75 cm Wymiary bez przewijaka: szeroko\u015b\u0107 x g\u0142\u0119boko\u015b\u0107 x wysoko\u015b\u0107 119 x 39,5 x 103 cm Wymiary z przewijakiem: szeroko\u015b\u0107 x g\u0142\u0119boko\u015b\u0107 x wysoko\u015b\u0107 119 x 75,5 x 103 cm Wysoko\u015b\u0107 zmiany: Wysoko\u015b\u0107 93 cm G\u00f3rna cz\u0119\u015b\u0107 trzech szuflad aden z prowadnic\u0105 o pe\u0142nym wysuwie W zestawie: \u0141\u00f3\u017ceczko dzieci\u0119ce typu kombi Zmiana jednostki Zmiana jednostki Uwaga: Boki konwersyjne, materac i dekoracje nie wchodz\u0105 w zakres dostawy.<\/p>\n<h2>Roba Pok\u00f3j Dzieci\u0119cy Nele R. 70X140Cm Roba<\/h2>\n<p>bajki terapeutyczne o emocjach, zwierz\u0119ta z plasteliny, alfabet kolorowanka, quiz bo\u017ce narodzenie<\/p>\n<p>yyyyy<\/p>\n<p>&nbsp;<\/p>\n","protected":false},"excerpt":{"rendered":"<p>Zestaw mebli roba sk\u0142ada si\u0119 z \u0142\u00f3\u017ceczka wielofunkcyjnego i szerokiego przewijaka z wyjmowan\u0105 nak\u0142adk\u0105 do przewijania. \u0141\u00f3\u017cko dzieci\u0119ce roba Nele posiada bia\u0142e fronty z poziomymi frezowaniami oraz listw\u0119 w dekorze D\u0105b Artisan. Powierzchnia le\u017ca \u0142\u00f3\u017cka wynosi 70&#215;140 cm. Aby u\u0142atwi\u0107 wchodzenie i schodzenie z \u0142\u00f3\u017cka, mo\u017cna usun\u0105\u0107 3 wysuwane szczeble. Powierzchnia do le\u017cenia jest regulowana [&hellip;]<\/p>\n","protected":false},"featured_media":11628,"comment_status":"closed","ping_status":"open","template":"","meta":[],"product_cat":[1087,2051],"product_tag":[622,656,759,678],"class_list":["post-11627","product","type-product","status-publish","has-post-thumbnail","hentry","product_cat-roba","product_cat-zestawy-mebli-dzieciecych","product_tag-fajne-zagadki","product_tag-kolorowanki-lol","product_tag-pomysly-na-prezent-dla-nastolatkow","product_tag-prezent-na-roczek-dla-dziewczynki"],"_links":{"self":[{"href":"http:\/\/klubmamgdynia.pl\/index.php\/wp-json\/wp\/v2\/product\/11627","targetHints":{"allow":["GET"]}}],"collection":[{"href":"http:\/\/klubmamgdynia.pl\/index.php\/wp-json\/wp\/v2\/product"}],"about":[{"href":"http:\/\/klubmamgdynia.pl\/index.php\/wp-json\/wp\/v2\/types\/product"}],"replies":[{"embeddable":true,"href":"http:\/\/klubmamgdynia.pl\/index.php\/wp-json\/wp\/v2\/comments?post=11627"}],"wp:featuredmedia":[{"embeddable":true,"href":"http:\/\/klubmamgdynia.pl\/index.php\/wp-json\/wp\/v2\/media\/11628"}],"wp:attachment":[{"href":"http:\/\/klubmamgdynia.pl\/index.php\/wp-json\/wp\/v2\/media?parent=11627"}],"wp:term":[{"taxonomy":"product_cat","embeddable":true,"href":"http:\/\/klubmamgdynia.pl\/index.php\/wp-json\/wp\/v2\/product_cat?post=11627"},{"taxonomy":"product_tag","embeddable":true,"href":"http:\/\/klubmamgdynia.pl\/index.php\/wp-json\/wp\/v2\/product_tag?post=11627"}],"curies":[{"name":"wp","href":"https:\/\/api.w.org\/{rel}","templated":true}]}}