{"id":11629,"date":"2017-08-21T13:15:12","date_gmt":"2017-08-21T11:15:12","guid":{"rendered":"http:\/\/klubmamgdynia.pl\/index.php\/produkt\/kidkraft-stalowe-garnki-i-naczynia-oraz-zabawkowa-zywnosc-63186-zabawka\/"},"modified":"2026-04-29T17:50:40","modified_gmt":"2026-04-29T15:50:40","slug":"kidkraft-stalowe-garnki-i-naczynia-oraz-zabawkowa-zywnosc-63186-zabawka","status":"publish","type":"product","link":"http:\/\/klubmamgdynia.pl\/index.php\/produkt\/kidkraft-stalowe-garnki-i-naczynia-oraz-zabawkowa-zywnosc-63186-zabawka\/","title":{"rendered":"Kidkraft Stalowe Garnki I Naczynia Oraz Zabawkowa Zywno\u015b\u0107 (63186) &#8211; Zabawka"},"content":{"rendered":"<p>Produkt: 63186Waga: 2 kg\u017badna kuchnia nie mo\u017ce by\u0107 kompletna bez zabawkowego jedzenia i garnk\u00f3wKidkraft oferuje mo\u017cliwo\u015b\u0107 zakupu tego kompletu plastikowej \u017cywno\u015bci, mali Kucharze b\u0119d\u0105 mogli przygotowa\u0107 swoim rodzicom praktycznie ka\u017cda potraw\u0119.<\/p>\n<h2>Kidkraft Stalowe Garnki I Naczynia Oraz Zabawkowa Zywno\u015b\u0107 (63186) &#8211; Zabawka KidKraft<\/h2>\n<p>posz\u0142a ola na spacerek, prezent dla 7 latka na urodziny, prezent dla 15 latka, aaa kotki dwa tekst, labirynt psi patrol, prezent dla nastolatka, romantyczna bajka na dobranoc, wzory zaprosze\u0144 zaproszenie na urodziny szablon do druku, kawal na prima aprilis, kr\u00f3tkie bajki na dobranoc do czytania, madre zyczenia bozonarodzeniowe, kolorowanki na dzie\u0144 niepodleg\u0142o\u015bci do wydruku, trudne zagadki dla dzieci, quiz o flagach, sky kolorowanka, mira imi\u0119, dzie\u0144 dziecka dla nastolatk\u00f3w, traktor do druku, kolorowanki do druku dla doros\u0142ych<\/p>\n<p>yyyyy<\/p>\n<p>&nbsp;<\/p>\n","protected":false},"excerpt":{"rendered":"<p>Produkt: 63186Waga: 2 kg\u017badna kuchnia nie mo\u017ce by\u0107 kompletna bez zabawkowego jedzenia i garnk\u00f3wKidkraft oferuje mo\u017cliwo\u015b\u0107 zakupu tego kompletu plastikowej \u017cywno\u015bci, mali Kucharze b\u0119d\u0105 mogli przygotowa\u0107 swoim rodzicom praktycznie ka\u017cda potraw\u0119. Kidkraft Stalowe Garnki I Naczynia Oraz Zabawkowa Zywno\u015b\u0107 (63186) &#8211; Zabawka KidKraft posz\u0142a ola na spacerek, prezent dla 7 latka na urodziny, prezent dla [&hellip;]<\/p>\n","protected":false},"featured_media":11630,"comment_status":"closed","ping_status":"open","template":"","meta":[],"product_cat":[53,2052],"product_tag":[837,766,867,616,581],"class_list":["post-11629","product","type-product","status-publish","has-post-thumbnail","hentry","product_cat-kaciki-zabaw","product_cat-kidkraft","product_tag-cicha-noc-po-angielsku","product_tag-kira","product_tag-kolorowanki-dla-dziewczynek","product_tag-test-mikolajek-25-pytan","product_tag-zagadki-dla-8-latka"],"_links":{"self":[{"href":"http:\/\/klubmamgdynia.pl\/index.php\/wp-json\/wp\/v2\/product\/11629","targetHints":{"allow":["GET"]}}],"collection":[{"href":"http:\/\/klubmamgdynia.pl\/index.php\/wp-json\/wp\/v2\/product"}],"about":[{"href":"http:\/\/klubmamgdynia.pl\/index.php\/wp-json\/wp\/v2\/types\/product"}],"replies":[{"embeddable":true,"href":"http:\/\/klubmamgdynia.pl\/index.php\/wp-json\/wp\/v2\/comments?post=11629"}],"wp:featuredmedia":[{"embeddable":true,"href":"http:\/\/klubmamgdynia.pl\/index.php\/wp-json\/wp\/v2\/media\/11630"}],"wp:attachment":[{"href":"http:\/\/klubmamgdynia.pl\/index.php\/wp-json\/wp\/v2\/media?parent=11629"}],"wp:term":[{"taxonomy":"product_cat","embeddable":true,"href":"http:\/\/klubmamgdynia.pl\/index.php\/wp-json\/wp\/v2\/product_cat?post=11629"},{"taxonomy":"product_tag","embeddable":true,"href":"http:\/\/klubmamgdynia.pl\/index.php\/wp-json\/wp\/v2\/product_tag?post=11629"}],"curies":[{"name":"wp","href":"https:\/\/api.w.org\/{rel}","templated":true}]}}