{"id":11631,"date":"2024-09-05T22:57:47","date_gmt":"2024-09-05T20:57:47","guid":{"rendered":"http:\/\/klubmamgdynia.pl\/?post_type=product&#038;p=11631"},"modified":"2026-04-22T21:59:31","modified_gmt":"2026-04-22T19:59:31","slug":"kingston-hyperx-cloud-pro-gaming-hx-hscl-sr-na","status":"publish","type":"product","link":"http:\/\/klubmamgdynia.pl\/index.php\/produkt\/kingston-hyperx-cloud-pro-gaming-hx-hscl-sr-na\/","title":{"rendered":"Kingston Hyperx Cloud Pro Gaming (Hx-Hscl-Sr\/Na)"},"content":{"rendered":"<p>HyperX Cloud SilverZestaw s\u0142uchawkowy Cloud powsta\u0142 z my\u015bl\u0105 o tym, aby jak najd\u0142u\u017cej gra\u0107 komfortowo. Umo\u017cliwia to zastosowanie unikatowej dla marki HyperX\u2122 pianki zapami\u0119tuj\u0105cej kszta\u0142t.Przetworniki o \u015brednicy 53 mm s\u0105 \u017ar\u00f3d\u0142em krystalicznie czystego, precyzyjnego d\u017awi\u0119ku, a zamkni\u0119te nauszniki odcinaj\u0105 gracza od d\u017awi\u0119k\u00f3w otoczenia i pozwalaj\u0105 mu ca\u0142kowicie zanurzy\u0107 si\u0119 w \u015bwiecie gry.                            <\/p>\n<p>Solidna konstrukcjaStosowany w zestawach s\u0142uchawkowych Cloud trwa\u0142y aluminiowy pa\u0142\u0105k gwarantuje wiele lat codziennego grania. Od\u0142\u0105czany mikrofon z funkcj\u0105 redukcji szum\u00f3w zapewnia wyra\u017ane przekazywanie ka\u017cdego s\u0142owa gracza.                            <\/p>\n<p>Pilot zintegrowany z przewodemDzi\u0119ki pilotowi zintegrowanemu z przewodem nie musisz nawigowa\u0107 przez opcje menu konsoli, aby wyciszy\u0107 mikrofon lub ustawi\u0107 g\u0142o\u015bno\u015b\u0107.<\/p>\n<h2>Kingston Hyperx Cloud Pro Gaming (Hx-Hscl-Sr\/Na) HyperX<\/h2>\n<p>wiosenne zagadki, \u017carty na prima aprilis dla mamy, lew czarownica i stara szafa test, hobbit, aforyzmy o dzieciach, kolorowanki do druku peppa, jeziora blisko warszawy, andrea, zagadki z odpowiedziami, kaczuszka, na roczek dla dziewczynki<\/p>\n<p>yyyyy<\/p>\n<p>&nbsp;<\/p>\n","protected":false},"excerpt":{"rendered":"<p>HyperX Cloud SilverZestaw s\u0142uchawkowy Cloud powsta\u0142 z my\u015bl\u0105 o tym, aby jak najd\u0142u\u017cej gra\u0107 komfortowo. Umo\u017cliwia to zastosowanie unikatowej dla marki HyperX\u2122 pianki zapami\u0119tuj\u0105cej kszta\u0142t.Przetworniki o \u015brednicy 53 mm s\u0105 \u017ar\u00f3d\u0142em krystalicznie czystego, precyzyjnego d\u017awi\u0119ku, a zamkni\u0119te nauszniki odcinaj\u0105 gracza od d\u017awi\u0119k\u00f3w otoczenia i pozwalaj\u0105 mu ca\u0142kowicie zanurzy\u0107 si\u0119 w \u015bwiecie gry. Solidna konstrukcjaStosowany w [&hellip;]<\/p>\n","protected":false},"featured_media":11632,"comment_status":"closed","ping_status":"open","template":"","meta":[],"product_cat":[2026,1951],"product_tag":[657,586,757,576],"class_list":["post-11631","product","type-product","status-publish","has-post-thumbnail","hentry","product_cat-hyperx","product_cat-sluchawki-komputerowe","product_tag-lol-kolorowanka","product_tag-smieszne-zagadki","product_tag-test-z-lektury-ania-z-zielonego-wzgorza-klasa-6-z-odpowiedziami","product_tag-trudne-zagadki"],"_links":{"self":[{"href":"http:\/\/klubmamgdynia.pl\/index.php\/wp-json\/wp\/v2\/product\/11631","targetHints":{"allow":["GET"]}}],"collection":[{"href":"http:\/\/klubmamgdynia.pl\/index.php\/wp-json\/wp\/v2\/product"}],"about":[{"href":"http:\/\/klubmamgdynia.pl\/index.php\/wp-json\/wp\/v2\/types\/product"}],"replies":[{"embeddable":true,"href":"http:\/\/klubmamgdynia.pl\/index.php\/wp-json\/wp\/v2\/comments?post=11631"}],"wp:featuredmedia":[{"embeddable":true,"href":"http:\/\/klubmamgdynia.pl\/index.php\/wp-json\/wp\/v2\/media\/11632"}],"wp:attachment":[{"href":"http:\/\/klubmamgdynia.pl\/index.php\/wp-json\/wp\/v2\/media?parent=11631"}],"wp:term":[{"taxonomy":"product_cat","embeddable":true,"href":"http:\/\/klubmamgdynia.pl\/index.php\/wp-json\/wp\/v2\/product_cat?post=11631"},{"taxonomy":"product_tag","embeddable":true,"href":"http:\/\/klubmamgdynia.pl\/index.php\/wp-json\/wp\/v2\/product_tag?post=11631"}],"curies":[{"name":"wp","href":"https:\/\/api.w.org\/{rel}","templated":true}]}}