{"id":11633,"date":"2019-12-05T17:55:23","date_gmt":"2019-12-05T16:55:23","guid":{"rendered":"http:\/\/klubmamgdynia.pl\/index.php\/produkt\/toys-group-pistolet-na-wode-827675\/"},"modified":"2026-04-07T12:28:32","modified_gmt":"2026-04-07T10:28:32","slug":"toys-group-pistolet-na-wode-827675","status":"publish","type":"product","link":"http:\/\/klubmamgdynia.pl\/index.php\/produkt\/toys-group-pistolet-na-wode-827675\/","title":{"rendered":"Toys Group Pistolet Na Wod\u0119 827675"},"content":{"rendered":"<h2>Toys Group Pistolet Na Wod\u0119 827675 Toys Group<\/h2>\n<p>zagadka matematyczna dla dzieci, kolorowanki pi\u0142karskie, malowanki dla dzieci do druku, pytania do lektury asiunia, karaluchy pod poduchy a szczypawki, by\u0142a sobie \u017cabka ma\u0142a tekst, zagadki wielkanocne dla dzieci, zagadki dla ma\u0142ych dzieci, test z opowie\u015bci z narnii lew czarownica i stara szafa, zagadki logiczne \u015bmieszne, zagadki dla 8 latka, zagadki logiczne z odpowiedziami, quiz konie, kolorowanki z bajek<\/p>\n<p>yyyyy<\/p>\n<p>&nbsp;<\/p>\n","protected":false},"excerpt":{"rendered":"<p>Toys Group Pistolet Na Wod\u0119 827675 Toys Group zagadka matematyczna dla dzieci, kolorowanki pi\u0142karskie, malowanki dla dzieci do druku, pytania do lektury asiunia, karaluchy pod poduchy a szczypawki, by\u0142a sobie \u017cabka ma\u0142a tekst, zagadki wielkanocne dla dzieci, zagadki dla ma\u0142ych dzieci, test z opowie\u015bci z narnii lew czarownica i stara szafa, zagadki logiczne \u015bmieszne, zagadki [&hellip;]<\/p>\n","protected":false},"featured_media":11634,"comment_status":"closed","ping_status":"open","template":"","meta":[],"product_cat":[2053,518],"product_tag":[723,594,822],"class_list":["post-11633","product","type-product","status-publish","has-post-thumbnail","hentry","product_cat-toys-group","product_cat-zabawki-wodne","product_tag-krotkie-bajki-do-czytania-na-dobranoc","product_tag-podchwytliwe-zagadki-dla-dzieci","product_tag-wierszyki-o-wakacjach-krotkie"],"_links":{"self":[{"href":"http:\/\/klubmamgdynia.pl\/index.php\/wp-json\/wp\/v2\/product\/11633","targetHints":{"allow":["GET"]}}],"collection":[{"href":"http:\/\/klubmamgdynia.pl\/index.php\/wp-json\/wp\/v2\/product"}],"about":[{"href":"http:\/\/klubmamgdynia.pl\/index.php\/wp-json\/wp\/v2\/types\/product"}],"replies":[{"embeddable":true,"href":"http:\/\/klubmamgdynia.pl\/index.php\/wp-json\/wp\/v2\/comments?post=11633"}],"wp:featuredmedia":[{"embeddable":true,"href":"http:\/\/klubmamgdynia.pl\/index.php\/wp-json\/wp\/v2\/media\/11634"}],"wp:attachment":[{"href":"http:\/\/klubmamgdynia.pl\/index.php\/wp-json\/wp\/v2\/media?parent=11633"}],"wp:term":[{"taxonomy":"product_cat","embeddable":true,"href":"http:\/\/klubmamgdynia.pl\/index.php\/wp-json\/wp\/v2\/product_cat?post=11633"},{"taxonomy":"product_tag","embeddable":true,"href":"http:\/\/klubmamgdynia.pl\/index.php\/wp-json\/wp\/v2\/product_tag?post=11633"}],"curies":[{"name":"wp","href":"https:\/\/api.w.org\/{rel}","templated":true}]}}