{"id":11639,"date":"2023-02-20T07:45:57","date_gmt":"2023-02-20T06:45:57","guid":{"rendered":"http:\/\/klubmamgdynia.pl\/?post_type=product&#038;p=11639"},"modified":"2026-04-06T06:33:27","modified_gmt":"2026-04-06T04:33:27","slug":"smart-games-arka-noego-pl-iuvi-games","status":"publish","type":"product","link":"http:\/\/klubmamgdynia.pl\/index.php\/produkt\/smart-games-arka-noego-pl-iuvi-games\/","title":{"rendered":"Smart Games Arka Noego (PL) IUVI Games"},"content":{"rendered":"<p>Arka NoegoPom\u00f3\u017c Noemu uratowa\u0107 zwierz\u0119ta\u201eArka Noego\u201d to magnetyczna gra logiczna, w kt\u00f3rej gracze maj\u0105 okazj\u0119 pom\u00f3c Noemu zmie\u015bci\u0107 zwierz\u0119ta na jego arce. Dziecko, rozwi\u0105zuj\u0105c ka\u017cde z 48 zada\u0144 o narastaj\u0105cym poziomie trudno\u015bci, w naturalny spos\u00f3b kszta\u0142tuje wyobra\u017ani\u0119 przestrzenn\u0105 oraz \u0107wiczy analityczne my\u015blenie.\u00a0                            <\/p>\n<p>Dzi\u0119ki magnetycznym p\u0142ytkom, w gr\u0119 mo\u017cna zagra\u0107 w dowolnym miejscu, a nawet w czasie podr\u00f3\u017cy!                            <\/p>\n<p>JAK GRA\u0106?                            <\/p>\n<p>ZAWARTO\u015a\u0106 PUDE\u0141KA                            <\/p>\n<p>10 magnetycznych p\u0142ytek ze zwierz\u0119tamiksi\u0105\u017ceczka-plansza z 48 zadaniami i ich rozwi\u0105zaniami                            <\/p>\n<p>ZA CO POKOCHASZ T\u0118 GR\u0118?\u00a0                            <\/p>\n<p>Por\u0119czny format gry zamkni\u0119ta w ma\u0142ej ksi\u0105\u017ceczce pozwoli cieszy\u0107 si\u0119 rozgrywk\u0105 w ka\u017cdym miejscuHistoria przedstawiona w grze jest dobrze znana ju\u017c najm\u0142odszym dzieciom.Pole gry wizualnie przygotowane jest tak, aby przypomina\u0142o ark\u0119, na kt\u00f3rej gracz umieszcza zwierz\u0119ta w taki spos\u00f3b, aby styka\u0142y si\u0119 one przynajmniej jedn\u0105 stron\u0105.\u00a0                            <\/p>\n<p>UMIEJ\u0118TNO\u015aCI ROZWIJANE W GRZE                            <\/p>\n<p>W SmartGames wierzymy, \u017ce nauka przez zabaw\u0119 jest jedn\u0105 z najwa\u017cniejszych koncepcji rozwoju dziecka. Poprzez zabaw\u0119 dzieci mog\u0105 uczy\u0107 si\u0119 umiej\u0119tno\u015bci poznawczych, spo\u0142ecznych i j\u0119zykowych oraz budowa\u0107 pewno\u015b\u0107 siebie potrzebn\u0105 do pokonywania wyzwa\u0144.Wszystkie gry SmartGames wykorzystuj\u0105 r\u00f3\u017cne umiej\u0119tno\u015bci poznawcze, gdy gracze rozwi\u0105zuj\u0105 zadania. Na pude\u0142ku ka\u017cdej gry znajdziesz pomocn\u0105 \u015bci\u0105g\u0119, kt\u00f3ra poka\u017ce Ci, jakie umiej\u0119tno\u015bci poznawcze kszta\u0142tuje dana gra logiczna.\u00a0                            <\/p>\n<p>NAGRODY DLA GIER SMARTGAMES<\/p>\n<h2>Smart Games Arka Noego (PL) IUVI Games IUVI Games<\/h2>\n<p>gry dla nastolatk\u00f3w, ozdoby choinkowe dla dzieci, tekst kolysanek, kaczuszka, quiz o wio\u015bnie, podchwytliwe zagadki z odpowiedziami, zagadki liczbowe, mia\u0142a baba koguta tekst, skye psi patrol kolorowanka, przeczytaj mi wiersz, \u0142amig\u0142\u00f3wki dla dzieci<\/p>\n<p>yyyyy<\/p>\n<p>&nbsp;<\/p>\n","protected":false},"excerpt":{"rendered":"<p>Arka NoegoPom\u00f3\u017c Noemu uratowa\u0107 zwierz\u0119ta\u201eArka Noego\u201d to magnetyczna gra logiczna, w kt\u00f3rej gracze maj\u0105 okazj\u0119 pom\u00f3c Noemu zmie\u015bci\u0107 zwierz\u0119ta na jego arce. Dziecko, rozwi\u0105zuj\u0105c ka\u017cde z 48 zada\u0144 o narastaj\u0105cym poziomie trudno\u015bci, w naturalny spos\u00f3b kszta\u0142tuje wyobra\u017ani\u0119 przestrzenn\u0105 oraz \u0107wiczy analityczne my\u015blenie.\u00a0 Dzi\u0119ki magnetycznym p\u0142ytkom, w gr\u0119 mo\u017cna zagra\u0107 w dowolnym miejscu, a nawet w [&hellip;]<\/p>\n","protected":false},"featured_media":11640,"comment_status":"closed","ping_status":"open","template":"","meta":[],"product_cat":[130,432],"product_tag":[611,707,677,769,812,849],"class_list":["post-11639","product","type-product","status-publish","has-post-thumbnail","hentry","product_cat-gry-dzieciece","product_cat-iuvi-games","product_tag-bajki-do-czytania-psi-patrol","product_tag-karty-pracy-dla-dzieci-z-ukrainy","product_tag-milosz-imie","product_tag-psi-patrol-do-czytania","product_tag-zagadki-logiczne-na-inteligencje","product_tag-zagadki-matematyczne-dla-dzieci"],"_links":{"self":[{"href":"http:\/\/klubmamgdynia.pl\/index.php\/wp-json\/wp\/v2\/product\/11639","targetHints":{"allow":["GET"]}}],"collection":[{"href":"http:\/\/klubmamgdynia.pl\/index.php\/wp-json\/wp\/v2\/product"}],"about":[{"href":"http:\/\/klubmamgdynia.pl\/index.php\/wp-json\/wp\/v2\/types\/product"}],"replies":[{"embeddable":true,"href":"http:\/\/klubmamgdynia.pl\/index.php\/wp-json\/wp\/v2\/comments?post=11639"}],"wp:featuredmedia":[{"embeddable":true,"href":"http:\/\/klubmamgdynia.pl\/index.php\/wp-json\/wp\/v2\/media\/11640"}],"wp:attachment":[{"href":"http:\/\/klubmamgdynia.pl\/index.php\/wp-json\/wp\/v2\/media?parent=11639"}],"wp:term":[{"taxonomy":"product_cat","embeddable":true,"href":"http:\/\/klubmamgdynia.pl\/index.php\/wp-json\/wp\/v2\/product_cat?post=11639"},{"taxonomy":"product_tag","embeddable":true,"href":"http:\/\/klubmamgdynia.pl\/index.php\/wp-json\/wp\/v2\/product_tag?post=11639"}],"curies":[{"name":"wp","href":"https:\/\/api.w.org\/{rel}","templated":true}]}}