{"id":1164,"date":"2015-09-04T04:39:19","date_gmt":"2015-09-04T02:39:19","guid":{"rendered":"http:\/\/klubmamgdynia.pl\/index.php\/produkt\/square-enix-bring-arts-kai-kingdom-hearts-iii-sora\/"},"modified":"2026-04-06T19:13:12","modified_gmt":"2026-04-06T17:13:12","slug":"square-enix-bring-arts-kai-kingdom-hearts-iii-sora","status":"publish","type":"product","link":"http:\/\/klubmamgdynia.pl\/index.php\/produkt\/square-enix-bring-arts-kai-kingdom-hearts-iii-sora\/","title":{"rendered":"Square Enix Bring Arts Kai Kingdom Hearts III Sora"},"content":{"rendered":"<p>Square Enix prezentuje kolekcjonersk\u0105 figurk\u0119 przedstawiaj\u0105c\u0105 posta\u0107 &#8222;Sora&#8221; ze znanej serii &#8222;Kingdom Hearts&#8221;<\/p>\n<h2>Square Enix Bring Arts Kai Kingdom Hearts III Sora Square Enix<\/h2>\n<p>quiz narnia lew czarownica i stara szafa, podchwytliwe zagadki z odpowiedziami, trudne zagadki i odpowiedzi, transformers kolorowanka, rysowanie po \u015bladzie, bajki terapeutyczne o emocjach, zima z\u0142a tekst, opisy do zdj dziecka, konstancja imie, prezent dla nastolatk\u00f3w na \u015bwi\u0119ta, molo w brze\u017anie, lol kolorowanki do druku<\/p>\n<p>yyyyy<\/p>\n<p>&nbsp;<\/p>\n","protected":false},"excerpt":{"rendered":"<p>Square Enix prezentuje kolekcjonersk\u0105 figurk\u0119 przedstawiaj\u0105c\u0105 posta\u0107 &#8222;Sora&#8221; ze znanej serii &#8222;Kingdom Hearts&#8221; Square Enix Bring Arts Kai Kingdom Hearts III Sora Square Enix quiz narnia lew czarownica i stara szafa, podchwytliwe zagadki z odpowiedziami, trudne zagadki i odpowiedzi, transformers kolorowanka, rysowanie po \u015bladzie, bajki terapeutyczne o emocjach, zima z\u0142a tekst, opisy do zdj dziecka, [&hellip;]<\/p>\n","protected":false},"featured_media":1165,"comment_status":"closed","ping_status":"open","template":"","meta":[],"product_cat":[356,355],"product_tag":[652,785,773,805],"class_list":["post-1164","product","type-product","status-publish","has-post-thumbnail","hentry","product_cat-gadzety-dla-graczy","product_cat-square-enix","product_tag-otto","product_tag-prezent-dla-nastolatkow","product_tag-test-z-lektury-opowiesci-z-narnii-lew-czarownica-i-stara-szafa","product_tag-znaczenie-imienia-alan"],"_links":{"self":[{"href":"http:\/\/klubmamgdynia.pl\/index.php\/wp-json\/wp\/v2\/product\/1164","targetHints":{"allow":["GET"]}}],"collection":[{"href":"http:\/\/klubmamgdynia.pl\/index.php\/wp-json\/wp\/v2\/product"}],"about":[{"href":"http:\/\/klubmamgdynia.pl\/index.php\/wp-json\/wp\/v2\/types\/product"}],"replies":[{"embeddable":true,"href":"http:\/\/klubmamgdynia.pl\/index.php\/wp-json\/wp\/v2\/comments?post=1164"}],"wp:featuredmedia":[{"embeddable":true,"href":"http:\/\/klubmamgdynia.pl\/index.php\/wp-json\/wp\/v2\/media\/1165"}],"wp:attachment":[{"href":"http:\/\/klubmamgdynia.pl\/index.php\/wp-json\/wp\/v2\/media?parent=1164"}],"wp:term":[{"taxonomy":"product_cat","embeddable":true,"href":"http:\/\/klubmamgdynia.pl\/index.php\/wp-json\/wp\/v2\/product_cat?post=1164"},{"taxonomy":"product_tag","embeddable":true,"href":"http:\/\/klubmamgdynia.pl\/index.php\/wp-json\/wp\/v2\/product_tag?post=1164"}],"curies":[{"name":"wp","href":"https:\/\/api.w.org\/{rel}","templated":true}]}}