{"id":11643,"date":"2022-07-13T04:49:47","date_gmt":"2022-07-13T02:49:47","guid":{"rendered":"http:\/\/klubmamgdynia.pl\/index.php\/produkt\/turtle-beach-600-gen2-tbs237402\/"},"modified":"2026-04-06T11:25:25","modified_gmt":"2026-04-06T09:25:25","slug":"turtle-beach-600-gen2-tbs237402","status":"publish","type":"product","link":"http:\/\/klubmamgdynia.pl\/index.php\/produkt\/turtle-beach-600-gen2-tbs237402\/","title":{"rendered":"Turtle Beach 600 GEN2 (TBS237402)"},"content":{"rendered":"<p>Turtle Beach S\u0142uchawki Gamingowe STEALTH\u2122 600 GEN 2 USB, Bia\u0142eLicencjonowane bezprzewodowe wzmocnione s\u0142uchawki gamingowe Turtle Beach\u00ae Stealth\u2122 600 Gen 2 USB przeznaczone do konsol Xbox zapewniaj\u0105 wysok\u0105 jako\u015b\u0107 d\u017awi\u0119ku i rozm\u00f3w na konsolach Xbox Series X, Xbox Series S i Xbox One.Przeznaczone do konsol XboxS\u0142uchawki licencjonowane przez Microsoft przeznaczone do konsol Xbox Series X, Xbox Series S, Xbox One X i Xbox One S zapewniaj\u0105 wysok\u0105 jako\u015b\u0107 d\u017awi\u0119ku i rozm\u00f3w za ka\u017cdym razem, gdy si\u0119 \u0142\u0105czysz.Ponad 24 godziny pracy na akumulatorzeUlepszony akumulator wystarcza na ponad 24 godzin gry po \u0142adowaniu, dzi\u0119ki czemu zestaw s\u0142uchawkowy jest zawsze gotowy do akcji. Do tego po zaledwie 15 minutach szybkiego \u0142adowania za pomoc\u0105 do\u0142\u0105czonego kabla USB-C mo\u017cesz uzyska\u0107 8,5 godziny pracy na akumulatorze.\u0141\u0105czno\u015b\u0107 bezprzewodowa bez op\u00f3\u017anie\u0144Nasza w\u0142asna technologia bezprzewodowa 2,4 GHz o niskim op\u00f3\u017anieniu optymalizuje jako\u015b\u0107 d\u017awi\u0119ku gier i rozm\u00f3w w czasie rzeczywistym, zapewniaj\u0105c przewag\u0119 nad konkurencj\u0105 podczas gry. Dodatkowo prosty mininadajnik USB szybko \u0142\u0105czy si\u0119 z konsolami Xbox Series X, Xbox Series S i Xbox One.D\u017awi\u0119k przestrzenny zgodny z konsolami XboxAby zapewni\u0107 g\u0142\u0119bi\u0119 d\u017awi\u0119ku przestrzennego, s\u0142uchawki zoptymalizowano pod k\u0105tem funkcji Windows Sonic, Dolby Atmos i DTS Headphone: X*.*Dolby Atmos i DTS:X mog\u0105 wymaga\u0107 dodatkowych zakup\u00f3w, pobrania aplikacji i odpowiedniego sprz\u0119tu.Imponuj\u0105cy, wzmocniony d\u017awi\u0119kUdoskonalona akustyka muszli s\u0142uchawkowej i fachowo wyregulowane przetworniki o \u015brednicy 50 mm charakteryzuj\u0105 si\u0119 du\u017c\u0105 moc\u0105, dzi\u0119ki czemu generuj\u0105 precyzyjny, sugestywny d\u017awi\u0119k.Mikrofon wyciszany przez przesuni\u0119cie Gen 2Marka Turtle Beach zn\u00f3w udoskonali\u0142a d\u017awi\u0119k podczas rozm\u00f3w dzi\u0119ki du\u017cemu mikrofonowi o wysokiej czu\u0142o\u015bci i doskona\u0142ych parametrach. Mikrofon Gen 2 poprawia jako\u015b\u0107 d\u017awi\u0119ku podczas rozmowy, a po wyciszeniu mo\u017cna go \u0142atwo schowa\u0107 w s\u0142uchawkach.\u0141adowanie USB-CDo\u0142\u0105czony kabel USB-C umo\u017cliwia szybkie \u0142adowanie oraz \u0142atw\u0105 aktualizacj\u0119 oprogramowania sprz\u0119towego na komputerach PC z systemem Windows lub komputerach Mac\u00ae.Lepsze dopasowanie, g\u0142o\u015bniejszy d\u017awi\u0119kNauszniki o unikatowym kszta\u0142cie wykonane z mi\u0119kkiego, oddychaj\u0105cego materia\u0142u poprawiaj\u0105 komfort podczas d\u0142ugiej rozgrywki i pozwalaj\u0105 na uzyskanie szerszej sceny d\u017awi\u0119kowej oraz wra\u017cenia przestrzenno\u015bci.Wygodne dla os\u00f3b nosz\u0105cych okularyOpatentowany system odci\u0105\u017cania okular\u00f3w ProSpecs\u2122 firmy Turtle Beach oparty jest na nausznikach z podw\u00f3jn\u0105 piank\u0105 \u2013 w cz\u0119\u015bci, kt\u00f3ra spoczywa na okularach, pianka jest bardziej mi\u0119kka, dzi\u0119ki czemu nacisk jest mniejszy, a osoby nosz\u0105ce okulary mog\u0105 komfortowo gra\u0107.Ods\u0142uch mikrofonuJu\u017c nie musisz krzycze\u0107 dzi\u0119ki wbudowanemu ods\u0142uchowi mikrofonu pozwalaj\u0105cemu s\u0142ysze\u0107 w\u0142asny g\u0142os w s\u0142uchawce podczas rozmowy.\u0141atwy dost\u0119p do zdefiniowanych ustawie\u0144 d\u017awi\u0119kuUdoskonal swoje wra\u017cenia z gry za naci\u015bni\u0119ciem jednego przycisku dzi\u0119ki czterem charakterystycznym ustawieniom wst\u0119pnym d\u017awi\u0119ku Turtle Beach: Bass Boost, Signature Sound, Treble Boost i Vocal Boost.Ustawienie d\u017awi\u0119ku Superhuman Hearing\u00aeDzi\u0119ki stosowanemu wy\u0142\u0105cznie przez firm\u0119 Turtle Beach\u00ae ustawieniu d\u017awi\u0119ku Superhuman Hearing\u00ae u\u017cytkownik mo\u017ce \u017cy\u0107 d\u0142u\u017cej i wi\u0119cej wygrywa\u0107, poniewa\u017c b\u0119dzie w stanie us\u0142ysze\u0107 wszystkie subtelne, ale maj\u0105ce wp\u0142yw na przebieg gry d\u017awi\u0119ki. Us\u0142ysz wa\u017cne szczeg\u00f3\u0142y, takie jak kroki podkradaj\u0105cego si\u0119 wroga czy d\u017awi\u0119k prze\u0142adowania broni, aby uzyska\u0107 przewag\u0119 nad konkurencj\u0105.SZCZEG\u00d3\u0141Y PRODUKTUZawarto\u015b\u0107 zestawu:Bezprzewodowe wzmocnione s\u0142uchawki gamingowe Turtle Beach\u00ae Stealth\u2122 600 Gen 2 USB przeznaczone na konsole XboxNadajnik bezprzewodowy USBKabel do \u0142adowania USB-CSkr\u00f3cona instrukcja obs\u0142ugiNaklejka Turtle BeachSpecyfikacja techniczna:Przetworniki: 50 mm z magnesami neodymowymiPasmo przenoszenia: 20 Hz\u201320 kHzKonstrukcja nausznik\u00f3w: nauszne (zamkni\u0119te)Materia\u0142 nausznik\u00f3w: tkanina z wy\u015bci\u00f3\u0142k\u0105 piankow\u0105Konstrukcja mikrofonu: Przesuwany mikrofon dook\u00f3lnyAkumulator: litowo-polimerowyKolor: bia\u0142y<\/p>\n<h2>Turtle Beach 600 GEN2 (TBS237402) Turtle Beach<\/h2>\n<p>co na prezent dla nastolatk\u00f3w, el\u017cbieta imie, zagadki zimowe dla dzieci, zagadki logiczne na inteligencj\u0119 dla doros\u0142ych, zagadki dla dzieci 7 lat o zwierz\u0119tach, kolorowanka lato, cytaty ma\u0142y ksi\u0105\u017ce, leonardo imi\u0119, jak rozmawia\u0107 z dzie\u0107mi o wojnie, quiz o zwierz\u0119tach domowych<\/p>\n<p>yyyyy<\/p>\n<p>&nbsp;<\/p>\n","protected":false},"excerpt":{"rendered":"<p>Turtle Beach S\u0142uchawki Gamingowe STEALTH\u2122 600 GEN 2 USB, Bia\u0142eLicencjonowane bezprzewodowe wzmocnione s\u0142uchawki gamingowe Turtle Beach\u00ae Stealth\u2122 600 Gen 2 USB przeznaczone do konsol Xbox zapewniaj\u0105 wysok\u0105 jako\u015b\u0107 d\u017awi\u0119ku i rozm\u00f3w na konsolach Xbox Series X, Xbox Series S i Xbox One.Przeznaczone do konsol XboxS\u0142uchawki licencjonowane przez Microsoft przeznaczone do konsol Xbox Series X, Xbox [&hellip;]<\/p>\n","protected":false},"featured_media":11644,"comment_status":"closed","ping_status":"open","template":"","meta":[],"product_cat":[1951,2055],"product_tag":[664,861,789,617,749,769,577],"class_list":["post-11643","product","type-product","status-publish","has-post-thumbnail","hentry","product_cat-sluchawki-komputerowe","product_cat-turtle-beach","product_tag-atrakcje-dla-dzieci-trojmiasto","product_tag-jak-narysowac-psa","product_tag-kaczuszka","product_tag-keyword","product_tag-najlepsze-zarty-na-prima-aprilis","product_tag-psi-patrol-do-czytania","product_tag-znaki-drogowe-test"],"_links":{"self":[{"href":"http:\/\/klubmamgdynia.pl\/index.php\/wp-json\/wp\/v2\/product\/11643","targetHints":{"allow":["GET"]}}],"collection":[{"href":"http:\/\/klubmamgdynia.pl\/index.php\/wp-json\/wp\/v2\/product"}],"about":[{"href":"http:\/\/klubmamgdynia.pl\/index.php\/wp-json\/wp\/v2\/types\/product"}],"replies":[{"embeddable":true,"href":"http:\/\/klubmamgdynia.pl\/index.php\/wp-json\/wp\/v2\/comments?post=11643"}],"wp:featuredmedia":[{"embeddable":true,"href":"http:\/\/klubmamgdynia.pl\/index.php\/wp-json\/wp\/v2\/media\/11644"}],"wp:attachment":[{"href":"http:\/\/klubmamgdynia.pl\/index.php\/wp-json\/wp\/v2\/media?parent=11643"}],"wp:term":[{"taxonomy":"product_cat","embeddable":true,"href":"http:\/\/klubmamgdynia.pl\/index.php\/wp-json\/wp\/v2\/product_cat?post=11643"},{"taxonomy":"product_tag","embeddable":true,"href":"http:\/\/klubmamgdynia.pl\/index.php\/wp-json\/wp\/v2\/product_tag?post=11643"}],"curies":[{"name":"wp","href":"https:\/\/api.w.org\/{rel}","templated":true}]}}