{"id":11655,"date":"2017-07-22T21:30:29","date_gmt":"2017-07-22T19:30:29","guid":{"rendered":"http:\/\/klubmamgdynia.pl\/index.php\/produkt\/gra-planszowa-alexander-mecz-2099\/"},"modified":"2026-04-29T03:21:18","modified_gmt":"2026-04-29T01:21:18","slug":"gra-planszowa-alexander-mecz-2099","status":"publish","type":"product","link":"http:\/\/klubmamgdynia.pl\/index.php\/produkt\/gra-planszowa-alexander-mecz-2099\/","title":{"rendered":"Gra planszowa Alexander Mecz 2099"},"content":{"rendered":"<p>Alexander jest polsk\u0105 rodzinn\u0105 firm\u0105 obecn\u0105 na rynku od wielu lat. Firma niemal wszystkie komponenty do swoich gier produkuje sama w krajowym zak\u0142adzie. Do produkcji u\u017cywane s\u0105 tylko materia\u0142y najwy\u017cszej jako\u015bci, kt\u00f3re s\u0105 jednocze\u015bnie bezpieczne nawet dla najm\u0142odszych u\u017cytkownik\u00f3w. Alexander posiada w swojej bogatej ofercie zabawki, gry edukacyjne, umys\u0142owe, losowe i sprawno\u015bciowe, a tak\u017ce puzzle, wiatraki i karty. W \u015bwiecie, w kt\u00f3rym wirtualne technologie coraz mocniej wkraczaj\u0105 w \u017cycie codzienne, produkty firmy Alexander oferuj\u0105 tradycyjn\u0105 rozrywk\u0119, nastawion\u0105 na bezpo\u015bredni kontakt z drugim cz\u0142owiekiem.Zabawa, w kt\u00f3rej jak w prawdziwym meczu gracze walcz\u0105 o pi\u0142k\u0119. W tym celu musz\u0105 podejmowa\u0107 strategiczne decyzje- wzmacniaj\u0105 obron\u0119 lub atak i staraj\u0105 si\u0119 wypracowa\u0107 jak najlepsz\u0105 pozycj\u0119 do strza\u0142u na bramk\u0119 przeciwnika. Aby j\u0105 zdoby\u0107, musz\u0105 wykaza\u0107 si\u0119 zr\u0119czno\u015bci\u0105 i celno\u015bci\u0105. W trakcie gry zdarzaj\u0105 si\u0119 faule, rzuty wolne, nieprzewidziane zwroty akcji, \u017c\u00f3\u0142te i czerwone kartki. Celem w grze jest jak najszybsze zdobycie ustalonej liczby bramek.Zawarto\u015b\u0107 opakowania:plansza, pionki &#8211; 4 szt., tekturowe bramki &#8211; 2 szt., plastikowe podstawki &#8211; 4 szt., karty- 25 szt., \u017ceton, kostka do gry, notes, instrukcja.<\/p>\n<h2>Gra planszowa Alexander Mecz 2099 Alexander<\/h2>\n<p>prezent dla 17 latka, kotki do druku, test znaki drogowe, bezwarunkowa mi\u0142o\u015b\u0107 do dziecka cytaty, ciasteczka na halloween dla dzieci, bajki dla dzieci do czytania, \u015bmieszne zagadki logiczne, kolorowanki zwierz\u0119ta, atrakcje dla dzieci wroc\u0142aw 2021, kolorowanki kotki do druku, kolorowanka kotki, zagadki na logiczne my\u015blenie, gry planszowe dla nastolatk\u00f3w, kolorowanki samochody, zagadki dla doros\u0142ych<\/p>\n<p>yyyyy<\/p>\n<p>&nbsp;<\/p>\n","protected":false},"excerpt":{"rendered":"<p>Alexander jest polsk\u0105 rodzinn\u0105 firm\u0105 obecn\u0105 na rynku od wielu lat. Firma niemal wszystkie komponenty do swoich gier produkuje sama w krajowym zak\u0142adzie. Do produkcji u\u017cywane s\u0105 tylko materia\u0142y najwy\u017cszej jako\u015bci, kt\u00f3re s\u0105 jednocze\u015bnie bezpieczne nawet dla najm\u0142odszych u\u017cytkownik\u00f3w. Alexander posiada w swojej bogatej ofercie zabawki, gry edukacyjne, umys\u0142owe, losowe i sprawno\u015bciowe, a tak\u017ce puzzle, [&hellip;]<\/p>\n","protected":false},"featured_media":11656,"comment_status":"closed","ping_status":"open","template":"","meta":[],"product_cat":[246,235],"product_tag":[827,831,781,790,797,846],"class_list":["post-11655","product","type-product","status-publish","has-post-thumbnail","hentry","product_cat-alexander","product_cat-gry-planszowe","product_tag-bajki-dla-niemowlat","product_tag-bruno","product_tag-cytaty-o-wychowaniu-dzieci","product_tag-gry-planszowe-dla-nastolatkow","product_tag-kiekrz","product_tag-rysowanki"],"_links":{"self":[{"href":"http:\/\/klubmamgdynia.pl\/index.php\/wp-json\/wp\/v2\/product\/11655","targetHints":{"allow":["GET"]}}],"collection":[{"href":"http:\/\/klubmamgdynia.pl\/index.php\/wp-json\/wp\/v2\/product"}],"about":[{"href":"http:\/\/klubmamgdynia.pl\/index.php\/wp-json\/wp\/v2\/types\/product"}],"replies":[{"embeddable":true,"href":"http:\/\/klubmamgdynia.pl\/index.php\/wp-json\/wp\/v2\/comments?post=11655"}],"wp:featuredmedia":[{"embeddable":true,"href":"http:\/\/klubmamgdynia.pl\/index.php\/wp-json\/wp\/v2\/media\/11656"}],"wp:attachment":[{"href":"http:\/\/klubmamgdynia.pl\/index.php\/wp-json\/wp\/v2\/media?parent=11655"}],"wp:term":[{"taxonomy":"product_cat","embeddable":true,"href":"http:\/\/klubmamgdynia.pl\/index.php\/wp-json\/wp\/v2\/product_cat?post=11655"},{"taxonomy":"product_tag","embeddable":true,"href":"http:\/\/klubmamgdynia.pl\/index.php\/wp-json\/wp\/v2\/product_tag?post=11655"}],"curies":[{"name":"wp","href":"https:\/\/api.w.org\/{rel}","templated":true}]}}