{"id":11659,"date":"2025-03-21T21:54:29","date_gmt":"2025-03-21T20:54:29","guid":{"rendered":"http:\/\/klubmamgdynia.pl\/?post_type=product&#038;p=11659"},"modified":"2026-04-29T22:22:13","modified_gmt":"2026-04-29T20:22:13","slug":"kontrolfreek-fps-freek-nightfall-xbx-bl2345xbx","status":"publish","type":"product","link":"http:\/\/klubmamgdynia.pl\/index.php\/produkt\/kontrolfreek-fps-freek-nightfall-xbx-bl2345xbx\/","title":{"rendered":"KontrolFreek FPS Freek Nightfall &#8211; XBX (BL2345XBX)"},"content":{"rendered":"<p>850029053095<\/p>\n<h2>KontrolFreek FPS Freek Nightfall &#8211; XBX (BL2345XBX) KontrolFreek<\/h2>\n<p>kolorowanka do wydruku, zagadki co to jest, kolorowanki do wydruku, cytaty ma\u0142y ksi\u0105\u017ce, quiz konie, atrakcje wroc\u0142aw i okolice, wierszyki na \u015bmigus dyngus, ju\u017c blisko kol\u0119da tekst, delfinarium polska, ida swieta wielkanocne ida swieta, gry dla nastolatk\u00f3w, \u015bwi\u0119ta wielkanocne piosenka tekst, pani wiosna do druku<\/p>\n<p>yyyyy<\/p>\n<p>&nbsp;<\/p>\n","protected":false},"excerpt":{"rendered":"<p>850029053095 KontrolFreek FPS Freek Nightfall &#8211; XBX (BL2345XBX) KontrolFreek kolorowanka do wydruku, zagadki co to jest, kolorowanki do wydruku, cytaty ma\u0142y ksi\u0105\u017ce, quiz konie, atrakcje wroc\u0142aw i okolice, wierszyki na \u015bmigus dyngus, ju\u017c blisko kol\u0119da tekst, delfinarium polska, ida swieta wielkanocne ida swieta, gry dla nastolatk\u00f3w, \u015bwi\u0119ta wielkanocne piosenka tekst, pani wiosna do druku yyyyy [&hellip;]<\/p>\n","protected":false},"featured_media":11660,"comment_status":"closed","ping_status":"open","template":"","meta":[],"product_cat":[419,2057],"product_tag":[619,729,856,764,739,741],"class_list":["post-11659","product","type-product","status-publish","has-post-thumbnail","hentry","product_cat-gamepady","product_cat-kontrolfreek","product_tag-iwo-imie","product_tag-madre-bajki-dla-dzieci-do-czytania","product_tag-prezent-dla-16-latki","product_tag-prezenty-na-roczek-dla-dziewczynki","product_tag-prima-aprilis-w-szkole","product_tag-wlochy"],"_links":{"self":[{"href":"http:\/\/klubmamgdynia.pl\/index.php\/wp-json\/wp\/v2\/product\/11659","targetHints":{"allow":["GET"]}}],"collection":[{"href":"http:\/\/klubmamgdynia.pl\/index.php\/wp-json\/wp\/v2\/product"}],"about":[{"href":"http:\/\/klubmamgdynia.pl\/index.php\/wp-json\/wp\/v2\/types\/product"}],"replies":[{"embeddable":true,"href":"http:\/\/klubmamgdynia.pl\/index.php\/wp-json\/wp\/v2\/comments?post=11659"}],"wp:featuredmedia":[{"embeddable":true,"href":"http:\/\/klubmamgdynia.pl\/index.php\/wp-json\/wp\/v2\/media\/11660"}],"wp:attachment":[{"href":"http:\/\/klubmamgdynia.pl\/index.php\/wp-json\/wp\/v2\/media?parent=11659"}],"wp:term":[{"taxonomy":"product_cat","embeddable":true,"href":"http:\/\/klubmamgdynia.pl\/index.php\/wp-json\/wp\/v2\/product_cat?post=11659"},{"taxonomy":"product_tag","embeddable":true,"href":"http:\/\/klubmamgdynia.pl\/index.php\/wp-json\/wp\/v2\/product_tag?post=11659"}],"curies":[{"name":"wp","href":"https:\/\/api.w.org\/{rel}","templated":true}]}}