{"id":1166,"date":"2021-01-20T23:20:28","date_gmt":"2021-01-20T22:20:28","guid":{"rendered":"http:\/\/klubmamgdynia.pl\/index.php\/produkt\/dromader-agusia-koraliki-wazka-w-pudelku-00819\/"},"modified":"2026-04-05T00:42:03","modified_gmt":"2026-04-04T22:42:03","slug":"dromader-agusia-koraliki-wazka-w-pudelku-00819","status":"publish","type":"product","link":"http:\/\/klubmamgdynia.pl\/index.php\/produkt\/dromader-agusia-koraliki-wazka-w-pudelku-00819\/","title":{"rendered":"Dromader Agusia Koraliki wa\u017cka w pude\u0142ku (00819)"},"content":{"rendered":"<p>Zestaw koralik\u00f3w Agusia dla dzieci.Informacje o produkcieNr katalogowy00819Marka (Zabawki) BrakObszar (Zr\u00f3b to sam) Rob\u00f3tki r\u0119czneRodzaj (Zr\u00f3b to sam) Bi\u017cuteria i ozdobyWymagania wiekowe od 6 latP\u0142e\u0107 (zabawki) DziewczynkiKolor (wyliczeniowy) WielokolorowyPozosta\u0142e parametryWymiary opakowania: 26,5 x 20,5 x 3 cm<\/p>\n<h2>Dromader Agusia Koraliki wa\u017cka w pude\u0142ku (00819) Dromader<\/h2>\n<p>zagadki dla 4 latka, wierszyk o choince, leon imi\u0119, zosia samosia wiersz, minecraft kolorowanki, miastodzieci, dziewczynka z parku pytania i odpowiedzi<\/p>\n<p>yyyyy<\/p>\n<p>&nbsp;<\/p>\n","protected":false},"excerpt":{"rendered":"<p>Zestaw koralik\u00f3w Agusia dla dzieci.Informacje o produkcieNr katalogowy00819Marka (Zabawki) BrakObszar (Zr\u00f3b to sam) Rob\u00f3tki r\u0119czneRodzaj (Zr\u00f3b to sam) Bi\u017cuteria i ozdobyWymagania wiekowe od 6 latP\u0142e\u0107 (zabawki) DziewczynkiKolor (wyliczeniowy) WielokolorowyPozosta\u0142e parametryWymiary opakowania: 26,5 x 20,5 x 3 cm Dromader Agusia Koraliki wa\u017cka w pude\u0142ku (00819) Dromader zagadki dla 4 latka, wierszyk o choince, leon imi\u0119, zosia [&hellip;]<\/p>\n","protected":false},"featured_media":1167,"comment_status":"closed","ping_status":"open","template":"","meta":[],"product_cat":[60,21],"product_tag":[688,743,616,623,849],"class_list":["post-1166","product","type-product","status-publish","has-post-thumbnail","hentry","product_cat-dromader","product_cat-zabawki-plastyczne","product_tag-kolysanki-tekst","product_tag-quiz-dla-dzieci","product_tag-test-mikolajek-25-pytan","product_tag-zagadki-logiczne-smieszne","product_tag-zagadki-matematyczne-dla-dzieci"],"_links":{"self":[{"href":"http:\/\/klubmamgdynia.pl\/index.php\/wp-json\/wp\/v2\/product\/1166","targetHints":{"allow":["GET"]}}],"collection":[{"href":"http:\/\/klubmamgdynia.pl\/index.php\/wp-json\/wp\/v2\/product"}],"about":[{"href":"http:\/\/klubmamgdynia.pl\/index.php\/wp-json\/wp\/v2\/types\/product"}],"replies":[{"embeddable":true,"href":"http:\/\/klubmamgdynia.pl\/index.php\/wp-json\/wp\/v2\/comments?post=1166"}],"wp:featuredmedia":[{"embeddable":true,"href":"http:\/\/klubmamgdynia.pl\/index.php\/wp-json\/wp\/v2\/media\/1167"}],"wp:attachment":[{"href":"http:\/\/klubmamgdynia.pl\/index.php\/wp-json\/wp\/v2\/media?parent=1166"}],"wp:term":[{"taxonomy":"product_cat","embeddable":true,"href":"http:\/\/klubmamgdynia.pl\/index.php\/wp-json\/wp\/v2\/product_cat?post=1166"},{"taxonomy":"product_tag","embeddable":true,"href":"http:\/\/klubmamgdynia.pl\/index.php\/wp-json\/wp\/v2\/product_tag?post=1166"}],"curies":[{"name":"wp","href":"https:\/\/api.w.org\/{rel}","templated":true}]}}